{"id":994,"date":"2022-12-06T11:43:48","date_gmt":"2022-12-06T10:43:48","guid":{"rendered":"https:\/\/transform-1990-2020.ffzg.unizg.hr\/?page_id=994"},"modified":"2022-12-06T11:43:48","modified_gmt":"2022-12-06T10:43:48","slug":"16-konferencija-mladih-slavista","status":"publish","type":"page","link":"https:\/\/transform-1990-2020.ffzg.unizg.hr\/?page_id=994","title":{"rendered":"16. Konferencija mladih slavista"},"content":{"rendered":"<p>Suradnica na projektu, doktorandica Petra Grebenac, sudjelovala je na \u0161esnaestoj po <em>redu Konferenciji mladih slavista<\/em> pod nazivom <em>Slaveni: nacionalizam i nacionalni stereotipi<\/em>, koja je odr\u017eana na Filozofskom fakultetu Karlovog sveu\u010dili\u0161ta u Pragu 1. i 2. prosinca 2022. godine. Suradnica je izlo\u017eila referat pod nazivom <em>Kategorija nacionalnog identiteta u noveli Vladimira Sorokina Marfu\u0161ina radost<\/em> (rus. <em>\u041a\u0430\u0442\u0435\u0433\u043e\u0440\u0438\u044f<\/em> <em>\u043d\u0430\u0446\u0438\u043e\u043d\u0430\u043b\u044c\u043d\u043e\u0439<\/em> <em>\u0438\u0434\u0435\u043d\u0442\u0438\u0447\u043d\u043e\u0441\u0442\u0438<\/em> <em>\u0432<\/em> <em>\u0440\u0430\u0441\u0441\u043a\u0430\u0437\u0435<\/em> <em>\u0412\u043b\u0430\u0434\u0438\u043c\u0438\u0440\u0430<\/em> <em>\u0421\u043e\u0440\u043e\u043a\u0438\u043d\u0430<\/em> <em>\u041c\u0430\u0440\u0444\u0443\u0448\u0438\u043d\u0430<\/em> <em>\u0440\u0430\u0434\u043e\u0441\u0442\u044c<\/em>).<\/p>\n<p><a href=\"http:\/\/&lt;a href=&quot;&quot;https:\/\/transform-1990-2020.ffzg.unizg.hr\/wp-content\/uploads\/2022\/12\/KMS-2022-Program-1.pdf&quot;&quot; class=&quot;pdfemb-viewer&quot; style=&quot;&quot; data-width=&quot;max&quot; data-height=&quot;max&quot;  data-toolbar=&quot;bottom&quot; data-toolbar-fixed=&quot;off&quot;&gt;&quot;KMS-2022-Program&lt;br\/&gt;&lt;\/a&gt;\">Program konferencije<\/a><\/p>\n<p><img loading=\"lazy\" decoding=\"async\" class=\"aligncenter wp-image-992 size-large\" src=\"https:\/\/transform-1990-2020.ffzg.unizg.hr\/wp-content\/uploads\/2022\/12\/20221202_131526-1024x485.jpg\" alt=\"\" width=\"676\" height=\"320\" srcset=\"https:\/\/transform-1990-2020.ffzg.unizg.hr\/wp-content\/uploads\/2022\/12\/20221202_131526-1024x485.jpg 1024w, https:\/\/transform-1990-2020.ffzg.unizg.hr\/wp-content\/uploads\/2022\/12\/20221202_131526-300x142.jpg 300w, https:\/\/transform-1990-2020.ffzg.unizg.hr\/wp-content\/uploads\/2022\/12\/20221202_131526-768x363.jpg 768w, https:\/\/transform-1990-2020.ffzg.unizg.hr\/wp-content\/uploads\/2022\/12\/20221202_131526-1536x727.jpg 1536w, https:\/\/transform-1990-2020.ffzg.unizg.hr\/wp-content\/uploads\/2022\/12\/20221202_131526-2048x969.jpg 2048w, https:\/\/transform-1990-2020.ffzg.unizg.hr\/wp-content\/uploads\/2022\/12\/20221202_131526-676x320.jpg 676w, https:\/\/transform-1990-2020.ffzg.unizg.hr\/wp-content\/uploads\/2022\/12\/20221202_131526-600x284.jpg 600w\" sizes=\"auto, (max-width: 676px) 100vw, 676px\" \/><\/p>\n","protected":false},"excerpt":{"rendered":"<p>Suradnica na projektu, doktorandica Petra Grebenac, sudjelovala je na \u0161esnaestoj po redu Konferenciji mladih slavista pod nazivom Slaveni: nacionalizam i nacionalni stereotipi, koja je odr\u017eana na Filozofskom fakultetu Karlovog sveu\u010dili\u0161ta [&hellip;]<\/p>\n","protected":false},"author":2,"featured_media":0,"parent":0,"menu_order":0,"comment_status":"closed","ping_status":"closed","template":"","meta":{"footnotes":""},"class_list":["post-994","page","type-page","status-publish","hentry","post-preview"],"_links":{"self":[{"href":"https:\/\/transform-1990-2020.ffzg.unizg.hr\/index.php?rest_route=\/wp\/v2\/pages\/994","targetHints":{"allow":["GET"]}}],"collection":[{"href":"https:\/\/transform-1990-2020.ffzg.unizg.hr\/index.php?rest_route=\/wp\/v2\/pages"}],"about":[{"href":"https:\/\/transform-1990-2020.ffzg.unizg.hr\/index.php?rest_route=\/wp\/v2\/types\/page"}],"author":[{"embeddable":true,"href":"https:\/\/transform-1990-2020.ffzg.unizg.hr\/index.php?rest_route=\/wp\/v2\/users\/2"}],"replies":[{"embeddable":true,"href":"https:\/\/transform-1990-2020.ffzg.unizg.hr\/index.php?rest_route=%2Fwp%2Fv2%2Fcomments&post=994"}],"version-history":[{"count":1,"href":"https:\/\/transform-1990-2020.ffzg.unizg.hr\/index.php?rest_route=\/wp\/v2\/pages\/994\/revisions"}],"predecessor-version":[{"id":995,"href":"https:\/\/transform-1990-2020.ffzg.unizg.hr\/index.php?rest_route=\/wp\/v2\/pages\/994\/revisions\/995"}],"wp:attachment":[{"href":"https:\/\/transform-1990-2020.ffzg.unizg.hr\/index.php?rest_route=%2Fwp%2Fv2%2Fmedia&parent=994"}],"curies":[{"name":"wp","href":"https:\/\/api.w.org\/{rel}","templated":true}]}}