{"id":930,"date":"2022-10-30T20:51:49","date_gmt":"2022-10-30T19:51:49","guid":{"rendered":"https:\/\/transform-1990-2020.ffzg.unizg.hr\/?page_id=930"},"modified":"2023-07-08T21:36:03","modified_gmt":"2023-07-08T20:36:03","slug":"prikaz-knjige-o-tijelu-duse","status":"publish","type":"page","link":"https:\/\/transform-1990-2020.ffzg.unizg.hr\/?page_id=930","title":{"rendered":"Prikaz knjige O tijelu du\u0161e"},"content":{"rendered":"<p>U emisiji <em>Bibliovizor<\/em> Tre\u0107eg programa Hrvatskog radija, koja je emitirana 22. listopada 2022. godine, pro\u010ditan je prikaz najnovije knjige Ljudmile Ulicke<em> O tijelu du\u0161e.\u00a0<\/em>Autorica prikaza je voditeljica projekta prof. dr. sc. Jasmina Vojvodi\u0107.<\/p>\n<p>Slu\u0161aonica emisije <em>Bibliovizor<\/em> dostupna je na poveznici: <a href=\"https:\/\/radio.hrt.hr\/slusaonica\/bibliovizor?epizoda=202210221603\">https:\/\/radio.hrt.hr\/slusaonica\/bibliovizor<\/a><\/p>\n<p>&nbsp;<\/p>\n","protected":false},"excerpt":{"rendered":"<p>U emisiji Bibliovizor Tre\u0107eg programa Hrvatskog radija, koja je emitirana 22. listopada 2022. godine, pro\u010ditan je prikaz najnovije knjige Ljudmile Ulicke O tijelu du\u0161e.\u00a0Autorica prikaza je voditeljica projekta prof. dr. [&hellip;]<\/p>\n","protected":false},"author":2,"featured_media":0,"parent":0,"menu_order":0,"comment_status":"closed","ping_status":"closed","template":"","meta":{"footnotes":""},"class_list":["post-930","page","type-page","status-publish","hentry","post-preview"],"_links":{"self":[{"href":"https:\/\/transform-1990-2020.ffzg.unizg.hr\/index.php?rest_route=\/wp\/v2\/pages\/930","targetHints":{"allow":["GET"]}}],"collection":[{"href":"https:\/\/transform-1990-2020.ffzg.unizg.hr\/index.php?rest_route=\/wp\/v2\/pages"}],"about":[{"href":"https:\/\/transform-1990-2020.ffzg.unizg.hr\/index.php?rest_route=\/wp\/v2\/types\/page"}],"author":[{"embeddable":true,"href":"https:\/\/transform-1990-2020.ffzg.unizg.hr\/index.php?rest_route=\/wp\/v2\/users\/2"}],"replies":[{"embeddable":true,"href":"https:\/\/transform-1990-2020.ffzg.unizg.hr\/index.php?rest_route=%2Fwp%2Fv2%2Fcomments&post=930"}],"version-history":[{"count":5,"href":"https:\/\/transform-1990-2020.ffzg.unizg.hr\/index.php?rest_route=\/wp\/v2\/pages\/930\/revisions"}],"predecessor-version":[{"id":1263,"href":"https:\/\/transform-1990-2020.ffzg.unizg.hr\/index.php?rest_route=\/wp\/v2\/pages\/930\/revisions\/1263"}],"wp:attachment":[{"href":"https:\/\/transform-1990-2020.ffzg.unizg.hr\/index.php?rest_route=%2Fwp%2Fv2%2Fmedia&parent=930"}],"curies":[{"name":"wp","href":"https:\/\/api.w.org\/{rel}","templated":true}]}}