{"id":907,"date":"2022-10-09T18:13:08","date_gmt":"2022-10-09T17:13:08","guid":{"rendered":"https:\/\/transform-1990-2020.ffzg.unizg.hr\/?page_id=907"},"modified":"2022-10-09T18:13:57","modified_gmt":"2022-10-09T17:13:57","slug":"intervju-s-ljudmilom-ulickom","status":"publish","type":"page","link":"https:\/\/transform-1990-2020.ffzg.unizg.hr\/?page_id=907","title":{"rendered":"Intervju s Ljudmilom Ulickom"},"content":{"rendered":"<p>Voditeljica projekta prof. dr. sc. Jasmina Vojvodi\u0107 odr\u017eala je intervju s cijenjenom suvremenom ruskom spisateljicom Ljudmilom Ulickom. Intervju je objavljen na stranicama online \u010dasopisa SlavicumPress, koji ure\u0111uje suradnica projekta <em>Ruske knji\u017eevne transformacije 1990.-2020.<\/em> dr. sc. Ol&#8217;ga Burenina sa Sveu\u010dili\u0161ta u Z\u00fcrichu.<\/p>\n<p>Intervju je dostupan na poveznici:\u00a0<a href=\"https:\/\/dlf.uzh.ch\/sites\/slavicumpress\/2022\/05\/01\/potryasayushchii-lakonizm-i-emkost-intervyu-s-pisatelem-lyudmiloi-ulitskoi-jasmina-vojvodic\/\">https:\/\/dlf.uzh.ch\/sites\/slavicumpress\/2022\/05\/01\/potryasayushchii-lakonizm-i-emkost-intervyu-s-pisatelem-lyudmiloi-ulitskoi-jasmina-vojvodic\/<\/a><\/p>\n","protected":false},"excerpt":{"rendered":"<p>Voditeljica projekta prof. dr. sc. Jasmina Vojvodi\u0107 odr\u017eala je intervju s cijenjenom suvremenom ruskom spisateljicom Ljudmilom Ulickom. Intervju je objavljen na stranicama online \u010dasopisa SlavicumPress, koji ure\u0111uje suradnica projekta Ruske [&hellip;]<\/p>\n","protected":false},"author":2,"featured_media":0,"parent":0,"menu_order":0,"comment_status":"closed","ping_status":"closed","template":"","meta":{"footnotes":""},"class_list":["post-907","page","type-page","status-publish","hentry","post-preview"],"_links":{"self":[{"href":"https:\/\/transform-1990-2020.ffzg.unizg.hr\/index.php?rest_route=\/wp\/v2\/pages\/907","targetHints":{"allow":["GET"]}}],"collection":[{"href":"https:\/\/transform-1990-2020.ffzg.unizg.hr\/index.php?rest_route=\/wp\/v2\/pages"}],"about":[{"href":"https:\/\/transform-1990-2020.ffzg.unizg.hr\/index.php?rest_route=\/wp\/v2\/types\/page"}],"author":[{"embeddable":true,"href":"https:\/\/transform-1990-2020.ffzg.unizg.hr\/index.php?rest_route=\/wp\/v2\/users\/2"}],"replies":[{"embeddable":true,"href":"https:\/\/transform-1990-2020.ffzg.unizg.hr\/index.php?rest_route=%2Fwp%2Fv2%2Fcomments&post=907"}],"version-history":[{"count":2,"href":"https:\/\/transform-1990-2020.ffzg.unizg.hr\/index.php?rest_route=\/wp\/v2\/pages\/907\/revisions"}],"predecessor-version":[{"id":911,"href":"https:\/\/transform-1990-2020.ffzg.unizg.hr\/index.php?rest_route=\/wp\/v2\/pages\/907\/revisions\/911"}],"wp:attachment":[{"href":"https:\/\/transform-1990-2020.ffzg.unizg.hr\/index.php?rest_route=%2Fwp%2Fv2%2Fmedia&parent=907"}],"curies":[{"name":"wp","href":"https:\/\/api.w.org\/{rel}","templated":true}]}}