{"id":901,"date":"2022-10-09T18:09:16","date_gmt":"2022-10-09T17:09:16","guid":{"rendered":"https:\/\/transform-1990-2020.ffzg.unizg.hr\/?page_id=901"},"modified":"2025-02-05T08:44:29","modified_gmt":"2025-02-05T07:44:29","slug":"intervjui-i-ostalo","status":"publish","type":"page","link":"https:\/\/transform-1990-2020.ffzg.unizg.hr\/?page_id=901","title":{"rendered":"Intervjui, prikazi i ostalo"},"content":{"rendered":"<p style=\"text-align: left;\"><strong>Intervjui s ruskim piscima\u00a0<\/strong><\/p>\n<p><a href=\"https:\/\/transform-1990-2020.ffzg.unizg.hr\/?page_id=907\">Intervju s Ljudmilom Ulickom<\/a><\/p>\n<p><a href=\"https:\/\/transform-1990-2020.ffzg.unizg.hr\/?page_id=909\">Intervju sa Sergejem Kibal&#8217;nikom<\/a><\/p>\n<p><a href=\"https:\/\/transform-1990-2020.ffzg.unizg.hr\/?page_id=917\">Intervju s Viktorom Mal&#8217;cevom<\/a><\/p>\n<p><a href=\"https:\/\/transform-1990-2020.ffzg.unizg.hr\/?page_id=1041\">Intervju s Evgenijem Vodolazkinom<\/a><\/p>\n<p>&nbsp;<\/p>\n<p style=\"text-align: left;\"><strong>Prikazi\u00a0<\/strong><\/p>\n<p><a href=\"https:\/\/transform-1990-2020.ffzg.unizg.hr\/?page_id=930\">Prikaz knjige <em>O tijelu du\u0161e<\/em><\/a><\/p>\n<p><a href=\"https:\/\/transform-1990-2020.ffzg.unizg.hr\/?page_id=938\">Prikaz romana <em>Metuzalemova svjetiljka<\/em><\/a><\/p>\n<p><a href=\"https:\/\/transform-1990-2020.ffzg.unizg.hr\/?page_id=1248\">Prikaz romana <em>Sje\u0107anja, sje\u0107anja<\/em><\/a><\/p>\n<p><a href=\"https:\/\/transform-1990-2020.ffzg.unizg.hr\/?page_id=1270\">Prikaz knjige <em>Rat nema \u017eensko lice<\/em><\/a><\/p>\n<p><a href=\"https:\/\/transform-1990-2020.ffzg.unizg.hr\/?page_id=1276\">Prikaz romana <em>Zulejha otvara o\u010di<\/em><\/a><\/p>\n<p><a href=\"https:\/\/transform-1990-2020.ffzg.unizg.hr\/?page_id=1442\">Prikaz monografije <em>Moja domovina &#8211; SSSR\u00a0<\/em><\/a><\/p>\n<p><a href=\"https:\/\/transform-1990-2020.ffzg.unizg.hr\/?page_id=1450\">Prikaz zbornika <em>Mistifikacija u slavenskoj kulturi: poetika i prakse\u00a0<\/em><\/a><\/p>\n<p><a href=\"https:\/\/transform-1990-2020.ffzg.unizg.hr\/?page_id=1651\">Prikaz scenarija <em>Kuga<\/em><\/a><\/p>\n<p><a href=\"https:\/\/transform-1990-2020.ffzg.unizg.hr\/?page_id=1681\">Prikaz romana <em>Marina Cvjetajeva, umrijeti u Jelabugi<\/em><\/a><\/p>\n<p><a href=\"https:\/\/transform-1990-2020.ffzg.unizg.hr\/?page_id=1687\">Prikaz knjige <em>Pu\u0161kin u karanteni. Kronika samoizolacije 1830. godine<\/em><\/a><\/p>\n<p>&nbsp;<\/p>\n<p style=\"text-align: left;\"><strong>Ostalo\u00a0<\/strong><\/p>\n<p><a href=\"https:\/\/transform-1990-2020.ffzg.unizg.hr\/?page_id=189&amp;lang=en\">Bez distance na jeziku \u2013 razgovor o ruskoj knji\u017eevnosti<\/a><\/p>\n<p><a href=\"https:\/\/transform-1990-2020.ffzg.unizg.hr\/?page_id=1264\">Tekst o sovjetskoj pro\u0161losti u ruskoj prozi 2010-ih godina<\/a><\/p>\n<p style=\"text-align: left;\"><a href=\"https:\/\/transform-1990-2020.ffzg.unizg.hr\/?page_id=1282\">Razgovor o znanstvenoj monografiji <em>Moja domovina &#8211; SSSR\u00a0<\/em><\/a><\/p>\n<p><a href=\"https:\/\/transform-1990-2020.ffzg.unizg.hr\/?page_id=1433\">PhD Caf\u00e9<\/a><\/p>\n<p><a href=\"https:\/\/transform-1990-2020.ffzg.unizg.hr\/?page_id=1470\">Gostuju\u0107e predavanje na me\u0111unarodnoj zimskoj \u0161koli u Kazahstanu<\/a><\/p>\n<p><a href=\"https:\/\/transform-1990-2020.ffzg.unizg.hr\/?page_id=1766\">Nabavljena stru\u010dna literatura<\/a><\/p>\n","protected":false},"excerpt":{"rendered":"<p>Intervjui s ruskim piscima\u00a0 Intervju s Ljudmilom Ulickom Intervju sa Sergejem Kibal&#8217;nikom Intervju s Viktorom Mal&#8217;cevom Intervju s Evgenijem Vodolazkinom &nbsp; Prikazi\u00a0 Prikaz knjige O tijelu du\u0161e Prikaz romana Metuzalemova [&hellip;]<\/p>\n","protected":false},"author":2,"featured_media":0,"parent":0,"menu_order":0,"comment_status":"closed","ping_status":"closed","template":"","meta":{"footnotes":""},"class_list":["post-901","page","type-page","status-publish","hentry","post-preview"],"_links":{"self":[{"href":"https:\/\/transform-1990-2020.ffzg.unizg.hr\/index.php?rest_route=\/wp\/v2\/pages\/901","targetHints":{"allow":["GET"]}}],"collection":[{"href":"https:\/\/transform-1990-2020.ffzg.unizg.hr\/index.php?rest_route=\/wp\/v2\/pages"}],"about":[{"href":"https:\/\/transform-1990-2020.ffzg.unizg.hr\/index.php?rest_route=\/wp\/v2\/types\/page"}],"author":[{"embeddable":true,"href":"https:\/\/transform-1990-2020.ffzg.unizg.hr\/index.php?rest_route=\/wp\/v2\/users\/2"}],"replies":[{"embeddable":true,"href":"https:\/\/transform-1990-2020.ffzg.unizg.hr\/index.php?rest_route=%2Fwp%2Fv2%2Fcomments&post=901"}],"version-history":[{"count":24,"href":"https:\/\/transform-1990-2020.ffzg.unizg.hr\/index.php?rest_route=\/wp\/v2\/pages\/901\/revisions"}],"predecessor-version":[{"id":1771,"href":"https:\/\/transform-1990-2020.ffzg.unizg.hr\/index.php?rest_route=\/wp\/v2\/pages\/901\/revisions\/1771"}],"wp:attachment":[{"href":"https:\/\/transform-1990-2020.ffzg.unizg.hr\/index.php?rest_route=%2Fwp%2Fv2%2Fmedia&parent=901"}],"curies":[{"name":"wp","href":"https:\/\/api.w.org\/{rel}","templated":true}]}}