{"id":877,"date":"2022-10-09T17:37:58","date_gmt":"2022-10-09T16:37:58","guid":{"rendered":"https:\/\/transform-1990-2020.ffzg.unizg.hr\/?page_id=877"},"modified":"2025-02-03T08:47:57","modified_gmt":"2025-02-03T07:47:57","slug":"sudjelovanja-na-konferencijama","status":"publish","type":"page","link":"https:\/\/transform-1990-2020.ffzg.unizg.hr\/?page_id=877","title":{"rendered":"Projektne aktivnosti"},"content":{"rendered":"<p style=\"text-align: center;\"><strong>Sudjelovanja na konferencijama<\/strong><\/p>\n<p><a href=\"https:\/\/transform-1990-2020.ffzg.unizg.hr\/?page_id=1001\"><em>Intersezioni \u2013 \u041f\u0435\u0440\u0435\u0441\u0435\u0447\u0435\u043d\u0438\u044f<\/em><\/a><a href=\"https:\/\/transform-1990-2020.ffzg.unizg.hr\/?page_id=1001\">, Torino (online format), 3.\u20134. velja\u010de 2022.<\/a><\/p>\n<p><a href=\"https:\/\/transform-1990-2020.ffzg.unizg.hr\/?page_id=1015\"><em>The Red Globe. Writing the World in Eastern European Travel Literature of the Cold War., <\/em>Berlin, 1.\u20133. lipnja 2022<\/a><\/p>\n<p><a href=\"https:\/\/transform-1990-2020.ffzg.unizg.hr\/?page_id=1021\"><em>White Ink, Red Flag: Expressing Maternity in Eastern European Culture<\/em>, Exeter, 9.<\/a><a href=\"https:\/\/transform-1990-2020.ffzg.unizg.hr\/?page_id=1021\">\u201310. srpnja 2022.<\/a><\/p>\n<p><a href=\"https:\/\/transform-1990-2020.ffzg.unizg.hr\/?page_id=888\"><em>Od undergrounda do akcionizma: ruski kontekst<\/em>, Beograd, 29. rujna \u2013 1. listopada 2022.<\/a><\/p>\n<p><a href=\"https:\/\/transform-1990-2020.ffzg.unizg.hr\/?page_id=884\"><em>18th Young Forum of Slavic Literary Studies<\/em>, Graz, 29. rujna \u2013 1. listopada 2022.<\/a><\/p>\n<p><a href=\"https:\/\/transform-1990-2020.ffzg.unizg.hr\/?page_id=1030\"><em>ASEEES Convention<\/em><em>, <\/em>Chicago, 10.\u201313. studeni 2022.<\/a><\/p>\n<p><a href=\"https:\/\/transform-1990-2020.ffzg.unizg.hr\/?page_id=994\"><em>16. Konferencija mladih Slavista<\/em>, Prag, 1.\u20132. prosinca 2022.<\/a><\/p>\n<p><a href=\"https:\/\/transform-1990-2020.ffzg.unizg.hr\/?page_id=1294\"><em>Anni 20<\/em>, Rim, 15.\u201316. prosinca 2022.\u00a0<\/a><\/p>\n<p><a href=\"https:\/\/transform-1990-2020.ffzg.unizg.hr\/?page_id=1090\"><em>Kriptopoetika ruske knji\u017eevnosti novog vremena,<\/em> Sankt-Peterburg, Budimpe\u0161ta, 9. velja\u010de 2023.<\/a><\/p>\n<p><a href=\"https:\/\/transform-1990-2020.ffzg.unizg.hr\/?page_id=1328\"><em>18. simpozij Me\u0111unarodnog dru\u0161tva Dostoevskog &#8211;\u00a0 150 godina Bjesova<\/em>, Nagoya, 24.\u201328. kolovoza 2023.\u00a0<\/a><\/p>\n<p><a href=\"https:\/\/transform-1990-2020.ffzg.unizg.hr\/?page_id=1407\"><em>Zadarski filolo\u0161ki dani 10<\/em>, Zadar, 10. studenog 2023.\u00a0<\/a><\/p>\n<p><a href=\"https:\/\/transform-1990-2020.ffzg.unizg.hr\/?page_id=1376\"><em>9. me\u0111unarodna znanstvena konferencija &#8220;Suvremeni problemi slavenske filologije: forma i smisao&#8221;,<\/em> Taipei, 11.\u201312. studenog 2023.\u00a0\u00a0<\/a><\/p>\n<p><a href=\"https:\/\/transform-1990-2020.ffzg.unizg.hr\/?page_id=1418\"><em>Peace, unconditional. Politics. Histories. Memories. Futures<\/em>, Ljubljana, 22. studenog 2023.\u00a0<\/a><\/p>\n<p><a href=\"https:\/\/transform-1990-2020.ffzg.unizg.hr\/?page_id=1392\"><em>Knji\u017eevnost u dijalogu<\/em>, Beograd, 23.\u201324. studenog 2023.\u00a0\u00a0<\/a><\/p>\n<p><a href=\"https:\/\/transform-1990-2020.ffzg.unizg.hr\/?page_id=1461\"><em>19th Young Forum of Slavic Literary Studies<\/em>, Innsbruck, 21. \u2013 23. velja\u010de 2024.\u00a0<\/a><\/p>\n<p><a href=\"https:\/\/transform-1990-2020.ffzg.unizg.hr\/?page_id=1746\">Avant-Garde and the End of the World, Nova Gorica, 10. \u2013 12. listopada 2024.\u00a0<\/a><\/p>\n<p><a href=\"https:\/\/transform-1990-2020.ffzg.unizg.hr\/?page_id=1752\">ASEEES Convention, Boston, 21.\u201324. studeni 2024.<\/a><\/p>\n<p>&nbsp;<\/p>\n<p style=\"text-align: center;\"><strong>Istra\u017eiva\u010dka putovanja<\/strong><\/p>\n<p><a href=\"https:\/\/transform-1990-2020.ffzg.unizg.hr\/?page_id=1126\">Sveu\u010dili\u0161te u Beogradu, 20.\u201327. listopada 2022.<\/a><\/p>\n<p><a href=\"https:\/\/transform-1990-2020.ffzg.unizg.hr\/?page_id=1144\">Sveu\u010dili\u0161te u Vilniusu, 15.\u201328. sije\u010dnja 2023.<\/a><\/p>\n<p><a href=\"https:\/\/transform-1990-2020.ffzg.unizg.hr\/?page_id=1058\">Sveu\u010dili\u0161te u Konstanzu, 18.\u2013 25. velja\u010de 2023.<\/a><\/p>\n<p><a href=\"https:\/\/transform-1990-2020.ffzg.unizg.hr\/?page_id=1103\">Sveu\u010dili\u0161te Ca&#8217; Foscari u Veneciji, 6.\u201312. o\u017eujka 2023.<\/a><\/p>\n<p><a href=\"https:\/\/transform-1990-2020.ffzg.unizg.hr\/?page_id=1167\">Kaza\u0161ko nacionalno pedago\u0161ko sveu\u010dili\u0161te Abaja Kunanbajeva, 1.\u20138. travnja 2023.<\/a><\/p>\n<p><a href=\"https:\/\/transform-1990-2020.ffzg.unizg.hr\/?page_id=1205\">Sveu\u010dili\u0161te u Tallinnu, 13.\u201318. lipnja 2023.\u00a0<\/a><\/p>\n<p><a href=\"https:\/\/transform-1990-2020.ffzg.unizg.hr\/?page_id=1219\">Sveu\u010dili\u0161te u Glasgowu i Sveu\u010dili\u0161te u Edinburghu, 25. o\u017eujka\u20132. travnja 2023.\u00a0<\/a><\/p>\n<p><a href=\"https:\/\/transform-1990-2020.ffzg.unizg.hr\/?page_id=1757\">Staatsbibliothek zu Berlin i Leibniz-Zentrum f\u00fcr Literatur- und Kulturforschung, 21.\u2013 30. lipnja 2024.<\/a><\/p>\n<p><a href=\"https:\/\/transform-1990-2020.ffzg.unizg.hr\/?page_id=1668\">Sveu\u010dili\u0161te u Kaliforniji, Berkeley, 16. \u2013 25. kolovoza 2024.<\/a><\/p>\n<p><a href=\"https:\/\/transform-1990-2020.ffzg.unizg.hr\/?page_id=1703&amp;preview=true\">Sveu\u010dili\u0161te u Tallinnu i Sveu\u010dili\u0161te u Helsinkiju, 9. \u2013 15. rujna 2024.\u00a0<\/a><\/p>\n<p><a href=\"https:\/\/transform-1990-2020.ffzg.unizg.hr\/?page_id=1720\">Sveu\u010dili\u0161te u Trieru, 23. kolovoza \u2013 25. rujna 2024.<\/a><\/p>\n<p><a href=\"https:\/\/transform-1990-2020.ffzg.unizg.hr\/?page_id=1730\">Staatsbibliothek zu Berlin, 20. \u2013 25. listopada 2024.<\/a><\/p>\n<p><a href=\"https:\/\/transform-1990-2020.ffzg.unizg.hr\/?page_id=1741\">Narodna biblioteka u Beogradu, 17. \u2013 22. listopada 2024. <\/a><\/p>\n<p>&nbsp;<\/p>\n<p style=\"text-align: center;\"><strong>Te\u010dajevi i usavr\u0161avanja<\/strong><\/p>\n<p><a href=\"https:\/\/transform-1990-2020.ffzg.unizg.hr\/?page_id=1232\">Te\u010dajevi o ruskoj knji\u017eevnosti<\/a><\/p>\n<p>&nbsp;<\/p>\n<p style=\"text-align: center;\"><strong>Predstavljanje projekta<\/strong><\/p>\n<p><a href=\"https:\/\/transform-1990-2020.ffzg.unizg.hr\/?page_id=1616\">Hrvatski nacionalni dan valorizacije znanja na Filozofskom fakultetu<\/a><\/p>\n","protected":false},"excerpt":{"rendered":"<p>Sudjelovanja na konferencijama Intersezioni \u2013 \u041f\u0435\u0440\u0435\u0441\u0435\u0447\u0435\u043d\u0438\u044f, Torino (online format), 3.\u20134. velja\u010de 2022. The Red Globe. Writing the World in Eastern European Travel Literature of the Cold War., Berlin, 1.\u20133. lipnja [&hellip;]<\/p>\n","protected":false},"author":2,"featured_media":0,"parent":0,"menu_order":0,"comment_status":"closed","ping_status":"closed","template":"","meta":{"footnotes":""},"class_list":["post-877","page","type-page","status-publish","hentry","post-preview"],"_links":{"self":[{"href":"https:\/\/transform-1990-2020.ffzg.unizg.hr\/index.php?rest_route=\/wp\/v2\/pages\/877","targetHints":{"allow":["GET"]}}],"collection":[{"href":"https:\/\/transform-1990-2020.ffzg.unizg.hr\/index.php?rest_route=\/wp\/v2\/pages"}],"about":[{"href":"https:\/\/transform-1990-2020.ffzg.unizg.hr\/index.php?rest_route=\/wp\/v2\/types\/page"}],"author":[{"embeddable":true,"href":"https:\/\/transform-1990-2020.ffzg.unizg.hr\/index.php?rest_route=\/wp\/v2\/users\/2"}],"replies":[{"embeddable":true,"href":"https:\/\/transform-1990-2020.ffzg.unizg.hr\/index.php?rest_route=%2Fwp%2Fv2%2Fcomments&post=877"}],"version-history":[{"count":50,"href":"https:\/\/transform-1990-2020.ffzg.unizg.hr\/index.php?rest_route=\/wp\/v2\/pages\/877\/revisions"}],"predecessor-version":[{"id":1763,"href":"https:\/\/transform-1990-2020.ffzg.unizg.hr\/index.php?rest_route=\/wp\/v2\/pages\/877\/revisions\/1763"}],"wp:attachment":[{"href":"https:\/\/transform-1990-2020.ffzg.unizg.hr\/index.php?rest_route=%2Fwp%2Fv2%2Fmedia&parent=877"}],"curies":[{"name":"wp","href":"https:\/\/api.w.org\/{rel}","templated":true}]}}