{"id":851,"date":"2022-10-09T16:57:19","date_gmt":"2022-10-09T15:57:19","guid":{"rendered":"https:\/\/transform-1990-2020.ffzg.unizg.hr\/?page_id=851"},"modified":"2024-05-27T09:26:32","modified_gmt":"2024-05-27T08:26:32","slug":"projektne-konferencije","status":"publish","type":"page","link":"https:\/\/transform-1990-2020.ffzg.unizg.hr\/?page_id=851","title":{"rendered":"Projektne konferencije"},"content":{"rendered":"<p>U organizaciji projektne skupine odr\u017eane su tri me\u0111unarodne znanstvene konferencije:<\/p>\n<p><a href=\"https:\/\/transform-1990-2020.ffzg.unizg.hr\/?p=178\">Psihopoetika u ruskoj kulturi 21. stolje\u0107a<\/a><\/p>\n<p><a href=\"https:\/\/transform-1990-2020.ffzg.unizg.hr\/?p=646\">Pijanstvo i opijenost u ruskoj kulturi od 1990. do 2020.\u00a0<\/a><\/p>\n<p><a href=\"https:\/\/transform-1990-2020.ffzg.unizg.hr\/?p=1590\">Ruske knji\u017eevne transformacije danas<\/a><\/p>\n","protected":false},"excerpt":{"rendered":"<p>U organizaciji projektne skupine odr\u017eane su tri me\u0111unarodne znanstvene konferencije: Psihopoetika u ruskoj kulturi 21. stolje\u0107a Pijanstvo i opijenost u ruskoj kulturi od 1990. do 2020.\u00a0 Ruske knji\u017eevne transformacije danas<\/p>\n","protected":false},"author":2,"featured_media":0,"parent":0,"menu_order":0,"comment_status":"closed","ping_status":"closed","template":"","meta":{"footnotes":""},"class_list":["post-851","page","type-page","status-publish","hentry","post-preview"],"_links":{"self":[{"href":"https:\/\/transform-1990-2020.ffzg.unizg.hr\/index.php?rest_route=\/wp\/v2\/pages\/851","targetHints":{"allow":["GET"]}}],"collection":[{"href":"https:\/\/transform-1990-2020.ffzg.unizg.hr\/index.php?rest_route=\/wp\/v2\/pages"}],"about":[{"href":"https:\/\/transform-1990-2020.ffzg.unizg.hr\/index.php?rest_route=\/wp\/v2\/types\/page"}],"author":[{"embeddable":true,"href":"https:\/\/transform-1990-2020.ffzg.unizg.hr\/index.php?rest_route=\/wp\/v2\/users\/2"}],"replies":[{"embeddable":true,"href":"https:\/\/transform-1990-2020.ffzg.unizg.hr\/index.php?rest_route=%2Fwp%2Fv2%2Fcomments&post=851"}],"version-history":[{"count":5,"href":"https:\/\/transform-1990-2020.ffzg.unizg.hr\/index.php?rest_route=\/wp\/v2\/pages\/851\/revisions"}],"predecessor-version":[{"id":1613,"href":"https:\/\/transform-1990-2020.ffzg.unizg.hr\/index.php?rest_route=\/wp\/v2\/pages\/851\/revisions\/1613"}],"wp:attachment":[{"href":"https:\/\/transform-1990-2020.ffzg.unizg.hr\/index.php?rest_route=%2Fwp%2Fv2%2Fmedia&parent=851"}],"curies":[{"name":"wp","href":"https:\/\/api.w.org\/{rel}","templated":true}]}}