{"id":629,"date":"2022-03-25T10:02:03","date_gmt":"2022-03-25T09:02:03","guid":{"rendered":"https:\/\/transform-1990-2020.ffzg.unizg.hr\/?page_id=629"},"modified":"2023-10-18T09:56:26","modified_gmt":"2023-10-18T08:56:26","slug":"projektni-tim","status":"publish","type":"page","link":"https:\/\/transform-1990-2020.ffzg.unizg.hr\/?page_id=629","title":{"rendered":"Projektni tim"},"content":{"rendered":"<p><u>Voditelj projekta<\/u><\/p>\n<p><a href=\"http:\/\/www.ffzg.unizg.hr\/slaven\/istocna\/?page_id=107\"><span style=\"color: #339966;\">dr. sc. Jasmina Vojvodi\u0107, red. prof.<\/span><\/a><\/p>\n<p>&nbsp;<\/p>\n<p><u>Doma\u0107i suradnici<\/u><\/p>\n<p><span style=\"color: #339966;\"><a style=\"color: #339966;\" href=\"https:\/\/www.ffzg.unizg.hr\/slaven\/istocna\/?page_id=91\">dr. sc. \u017diva Ben\u010di\u0107, prof. emerita<\/a><\/span><\/p>\n<p><span style=\"color: #339966;\"><a style=\"color: #339966;\" href=\"http:\/\/www.ffzg.unizg.hr\/slaven\/istocna\/?page_id=103\">dr. sc. Josip U\u017earevi\u0107, red. prof.<\/a><\/span><\/p>\n<p><span style=\"color: #339966;\"><a style=\"color: #339966;\" href=\"http:\/\/www.ffzg.unizg.hr\/slaven\/istocna\/?page_id=110\">dr. sc. Danijela Lugari\u0107 Vukas, izv. prof.<\/a><\/span><\/p>\n<p><span style=\"color: #339966;\"><a style=\"color: #339966;\" href=\"http:\/\/www.ffzg.unizg.hr\/slaven\/istocna\/?page_id=112\">dr. sc. Ivana Peru\u0161ko, izv. prof.<\/a><\/span><\/p>\n<p><a href=\"https:\/\/www.ffzg.unizg.hr\/slaven\/istocna\/?page_id=5389\"><span style=\"color: #339966;\">Petra Grebenac, doktorand<\/span><\/a><\/p>\n<p>&nbsp;<\/p>\n<p><u>Strani suradnici<\/u><\/p>\n<p><span style=\"color: #339966;\"><a style=\"color: #339966;\" href=\"https:\/\/inslav.ru\/people\/zlydneva-nataliya-vitalevna\">Natalija Zlydneva (Moskva)<\/a><\/span><\/p>\n<p><span style=\"color: #339966;\"><a style=\"color: #339966;\" href=\"https:\/\/www.uzh.ch\/cmsssl\/slav\/de\/seminar\/mitarbeitende\/sprachen\/burenina.html\">Ol\u2019ga Burenina (Zuerich)<\/a><\/span><\/p>\n<p><a href=\"https:\/\/www.uni-potsdam.de\/de\/slavistik-russistik\/team\/pd-dr-brigitte-obermayr\"><span style=\"color: #339966;\">Brigitte Obermayr (Muenchen\/Potsdam)<\/span><\/a><\/p>\n","protected":false},"excerpt":{"rendered":"<p>Voditelj projekta dr. sc. Jasmina Vojvodi\u0107, red. prof. &nbsp; Doma\u0107i suradnici dr. sc. \u017diva Ben\u010di\u0107, prof. emerita dr. sc. Josip U\u017earevi\u0107, red. prof. dr. sc. Danijela Lugari\u0107 Vukas, izv. prof. [&hellip;]<\/p>\n","protected":false},"author":2,"featured_media":0,"parent":0,"menu_order":0,"comment_status":"closed","ping_status":"closed","template":"","meta":{"footnotes":""},"class_list":["post-629","page","type-page","status-publish","hentry","post-preview"],"_links":{"self":[{"href":"https:\/\/transform-1990-2020.ffzg.unizg.hr\/index.php?rest_route=\/wp\/v2\/pages\/629","targetHints":{"allow":["GET"]}}],"collection":[{"href":"https:\/\/transform-1990-2020.ffzg.unizg.hr\/index.php?rest_route=\/wp\/v2\/pages"}],"about":[{"href":"https:\/\/transform-1990-2020.ffzg.unizg.hr\/index.php?rest_route=\/wp\/v2\/types\/page"}],"author":[{"embeddable":true,"href":"https:\/\/transform-1990-2020.ffzg.unizg.hr\/index.php?rest_route=\/wp\/v2\/users\/2"}],"replies":[{"embeddable":true,"href":"https:\/\/transform-1990-2020.ffzg.unizg.hr\/index.php?rest_route=%2Fwp%2Fv2%2Fcomments&post=629"}],"version-history":[{"count":5,"href":"https:\/\/transform-1990-2020.ffzg.unizg.hr\/index.php?rest_route=\/wp\/v2\/pages\/629\/revisions"}],"predecessor-version":[{"id":1371,"href":"https:\/\/transform-1990-2020.ffzg.unizg.hr\/index.php?rest_route=\/wp\/v2\/pages\/629\/revisions\/1371"}],"wp:attachment":[{"href":"https:\/\/transform-1990-2020.ffzg.unizg.hr\/index.php?rest_route=%2Fwp%2Fv2%2Fmedia&parent=629"}],"curies":[{"name":"wp","href":"https:\/\/api.w.org\/{rel}","templated":true}]}}