{"id":377,"date":"2021-05-17T21:19:48","date_gmt":"2021-05-17T20:19:48","guid":{"rendered":"https:\/\/transform-1990-2020.ffzg.unizg.hr\/?page_id=377"},"modified":"2021-05-19T11:42:53","modified_gmt":"2021-05-19T10:42:53","slug":"377-2","status":"publish","type":"page","link":"https:\/\/transform-1990-2020.ffzg.unizg.hr\/?page_id=377","title":{"rendered":"Me\u0111unarodni okrugli stol"},"content":{"rendered":"\n<section class=\"wp-block-themeisle-blocks-advanced-columns alignfull has-2-columns has-desktop-oneTwo-layout has-tablet-collapsedRows-layout has-mobile-collapsedRows-layout has-nogap-gap has-vertical-flex-start\" id=\"wp-block-themeisle-blocks-advanced-columns-79d6092c\"><div class=\"wp-block-themeisle-blocks-advanced-columns-overlay\"><\/div><div class=\"innerblocks-wrap\">\n<div class=\"wp-block-themeisle-blocks-advanced-column\" id=\"wp-block-themeisle-blocks-advanced-column-5dbf4be4\">\n<h2 id=\"wp-block-themeisle-blocks-advanced-heading-59e48be6\" class=\"wp-block-themeisle-blocks-advanced-heading wp-block-themeisle-blocks-advanced-heading-59e48be6\">Psihopoetika u ruskoj kulturi XXI. stolje\u0107a<\/h2>\n\n\n\n<h2 id=\"wp-block-themeisle-blocks-advanced-heading-1bd1fe9c\" class=\"wp-block-themeisle-blocks-advanced-heading wp-block-themeisle-blocks-advanced-heading-1bd1fe9c\">Psychopoetics in Russian culture in the 21st century<\/h2>\n\n\n\n<h2 id=\"wp-block-themeisle-blocks-advanced-heading-5595ed6e\" class=\"wp-block-themeisle-blocks-advanced-heading wp-block-themeisle-blocks-advanced-heading-5595ed6e\">\u041f\u0441\u0438\u0445\u043e\u043f\u043e\u044d\u0442\u0438\u043a\u0430 \u0432 \u0440\u0443\u0441\u0441\u043a\u043e\u0439 \u043a\u0443\u043b\u044c\u0442\u0443\u0440\u0435 XXI \u0432\u0435\u043a\u0430<\/h2>\n\n\n\n<p class=\"has-white-color has-text-color\" style=\"font-size:50px\"><a href=\"https:\/\/transform-1990-2020.ffzg.unizg.hr\/?page_id=543\">Galerija fotografija<\/a> <a href=\"https:\/\/transform-1990-2020.ffzg.unizg.hr\/?page_id=543\">Photo Gallery<\/a> <a href=\"https:\/\/transform-1990-2020.ffzg.unizg.hr\/?page_id=543\">\u0424\u043e\u0442\u043e\u0433\u0430\u043b\u0435\u0440\u0435\u044f<\/a><\/p>\n<\/div>\n\n\n\n<div class=\"wp-block-themeisle-blocks-advanced-column\" id=\"wp-block-themeisle-blocks-advanced-column-1e9129b1\">\n<section class=\"wp-block-themeisle-blocks-advanced-columns has-2-columns has-desktop-equal-layout has-tablet-equal-layout has-mobile-collapsedRows-layout has-wide-gap has-vertical-center\" id=\"wp-block-themeisle-blocks-advanced-columns-200149bb\"><div class=\"wp-block-themeisle-blocks-advanced-columns-overlay\"><\/div><div class=\"innerblocks-wrap\">\n<div class=\"wp-block-themeisle-blocks-advanced-column\" id=\"wp-block-themeisle-blocks-advanced-column-77bdd628\">\n<p class=\"wp-block-themeisle-blocks-font-awesome-icons\" id=\"wp-block-themeisle-blocks-font-awesome-icons-329b48ad\"><span class=\"wp-block-themeisle-blocks-font-awesome-icons-container\"><i class=\"fas fa-users\"><\/i><\/span><\/p>\n\n\n\n<h3 class=\"has-text-align-left has-text-color wp-block-heading\" style=\"color:#5ffeea\"><a href=\"https:\/\/transform-1990-2020.ffzg.unizg.hr\/?page_id=336\">1. segment<\/a><\/h3>\n\n\n\n<p class=\"has-text-align-left has-text-color\" style=\"color:#000000\"><a href=\"https:\/\/transform-1990-2020.ffzg.unizg.hr\/?page_id=336\">Josip U\u017earevi\u0107<\/a><\/p>\n\n\n\n<p class=\"has-text-align-left has-text-color\" style=\"color:#000000\"><a href=\"https:\/\/transform-1990-2020.ffzg.unizg.hr\/?page_id=336\">Ivan Esaulov<\/a><\/p>\n\n\n\n<p class=\"has-text-color\" style=\"color:#000000\"><a href=\"https:\/\/transform-1990-2020.ffzg.unizg.hr\/?page_id=336\">Natal&#8217;ja Kovtun<\/a><\/p>\n\n\n\n<p class=\"has-text-color\" style=\"color:#000000\"><a href=\"https:\/\/transform-1990-2020.ffzg.unizg.hr\/?page_id=336\">Natalija Zlydneva<\/a><\/p>\n\n\n\n<p class=\"has-text-color\" style=\"color:#000000\"><a href=\"https:\/\/transform-1990-2020.ffzg.unizg.hr\/?page_id=336\">Jasmina Vojvodi\u0107<\/a><\/p>\n<\/div>\n\n\n\n<div class=\"wp-block-themeisle-blocks-advanced-column\" id=\"wp-block-themeisle-blocks-advanced-column-48c857fd\">\n<p class=\"wp-block-themeisle-blocks-font-awesome-icons\" id=\"wp-block-themeisle-blocks-font-awesome-icons-3104aef8\"><span class=\"wp-block-themeisle-blocks-font-awesome-icons-container\"><i class=\"fas fa-users\"><\/i><\/span><\/p>\n\n\n\n<h3 class=\"has-text-align-left has-text-color wp-block-heading\" style=\"color:#5ffeea\"><a href=\"https:\/\/transform-1990-2020.ffzg.unizg.hr\/?page_id=367\">2. segment<\/a>  <\/h3>\n\n\n\n<p class=\"has-text-align-left has-text-color\" style=\"color:#000000\"><a href=\"https:\/\/transform-1990-2020.ffzg.unizg.hr\/?page_id=367\">Rainer Gr\u00fcbel<\/a><\/p>\n\n\n\n<p class=\"has-text-color\" style=\"color:#000000\"><a href=\"https:\/\/transform-1990-2020.ffzg.unizg.hr\/?page_id=367\">Ol&#8217;ga Bogdanova<\/a><\/p>\n\n\n\n<p class=\"has-text-color\" style=\"color:#000000\"><a href=\"https:\/\/transform-1990-2020.ffzg.unizg.hr\/?page_id=367\">Irina Hilburg<\/a><\/p>\n\n\n\n<p class=\"has-text-color\" style=\"color:#000000\"><a href=\"https:\/\/transform-1990-2020.ffzg.unizg.hr\/?page_id=367\">Natal&#8217;ja Fateeva<\/a><\/p>\n\n\n\n<p class=\"has-text-color\" style=\"color:#000000\"><a href=\"https:\/\/transform-1990-2020.ffzg.unizg.hr\/?page_id=367\">Danijela Lugari\u0107 Vukas<\/a><\/p>\n<\/div>\n<\/div><\/section>\n\n\n\n<div class=\"wp-block-buttons is-content-justification-center is-layout-flex wp-block-buttons-is-layout-flex\"><\/div>\n\n\n\n<section class=\"wp-block-themeisle-blocks-advanced-columns has-2-columns has-desktop-equal-layout has-tablet-equal-layout has-mobile-collapsedRows-layout has-wide-gap has-vertical-center\" id=\"wp-block-themeisle-blocks-advanced-columns-df2c4822\"><div class=\"wp-block-themeisle-blocks-advanced-columns-overlay\"><\/div><div class=\"innerblocks-wrap\">\n<div class=\"wp-block-themeisle-blocks-advanced-column\" id=\"wp-block-themeisle-blocks-advanced-column-32854ca4\">\n<p class=\"wp-block-themeisle-blocks-font-awesome-icons\" id=\"wp-block-themeisle-blocks-font-awesome-icons-1dd0e9ca\"><span class=\"wp-block-themeisle-blocks-font-awesome-icons-container\"><i class=\"fas fa-users\"><\/i><\/span><\/p>\n\n\n\n<h3 class=\"has-text-align-left has-text-color wp-block-heading\" style=\"color:#5ffeea\"><a href=\"https:\/\/transform-1990-2020.ffzg.unizg.hr\/?page_id=369\">3. segment<\/a><\/h3>\n\n\n\n<p class=\"has-text-align-left has-text-color\" style=\"color:#000000\"><a href=\"https:\/\/transform-1990-2020.ffzg.unizg.hr\/?page_id=369\">T\u00fcnde Szabo<\/a><\/p>\n\n\n\n<p class=\"has-text-color\" style=\"color:#000000\"><a href=\"https:\/\/transform-1990-2020.ffzg.unizg.hr\/?page_id=369\">Roman Bobryk<\/a><\/p>\n\n\n\n<p class=\"has-text-color\" style=\"color:#000000\"><a href=\"https:\/\/transform-1990-2020.ffzg.unizg.hr\/?page_id=369\">\u017diva Ben\u010di\u0107<\/a><\/p>\n\n\n\n<p class=\"has-text-color\" style=\"color:#000000\"><a href=\"https:\/\/transform-1990-2020.ffzg.unizg.hr\/?page_id=369\">Katarzyna Syska<\/a><\/p>\n\n\n\n<p class=\"has-text-color\" style=\"color:#000000\"><a href=\"https:\/\/transform-1990-2020.ffzg.unizg.hr\/?page_id=369\">Ol&#8217;ga Burenina<\/a><\/p>\n\n\n\n<p class=\"has-text-color\" style=\"color:#000000\"><a href=\"https:\/\/transform-1990-2020.ffzg.unizg.hr\/?page_id=369\">Ivana Peru\u0161ko<\/a><\/p>\n<\/div>\n\n\n\n<div class=\"wp-block-themeisle-blocks-advanced-column\" id=\"wp-block-themeisle-blocks-advanced-column-5e6d899c\">\n<p class=\"wp-block-themeisle-blocks-font-awesome-icons\" id=\"wp-block-themeisle-blocks-font-awesome-icons-1dc74f2a\"><span class=\"wp-block-themeisle-blocks-font-awesome-icons-container\"><i class=\"fas fa-users\"><\/i><\/span><\/p>\n\n\n\n<h3 class=\"has-text-align-left has-text-color wp-block-heading\" style=\"color:#5ffeea\"><a href=\"https:\/\/transform-1990-2020.ffzg.unizg.hr\/?page_id=370\">4. segment<\/a><\/h3>\n\n\n\n<p class=\"has-text-align-left has-text-color\" style=\"color:#000000\"><a href=\"https:\/\/transform-1990-2020.ffzg.unizg.hr\/?page_id=370\">Zsuzsa Hetenyi<\/a><\/p>\n\n\n\n<p class=\"has-text-color\" style=\"color:#000000\"><a href=\"https:\/\/transform-1990-2020.ffzg.unizg.hr\/?page_id=370\">Zoran Tihomirovi\u0107<\/a><\/p>\n\n\n\n<p class=\"has-text-color\" style=\"color:#000000\"><a href=\"https:\/\/transform-1990-2020.ffzg.unizg.hr\/?page_id=370\">Jelena Kusovac<\/a><\/p>\n\n\n\n<p class=\"has-text-color\" style=\"color:#000000\"><a href=\"https:\/\/transform-1990-2020.ffzg.unizg.hr\/?page_id=370\">Ljudmila Safronova<\/a><\/p>\n\n\n\n<p class=\"has-text-color\" style=\"color:#000000\"><a href=\"https:\/\/transform-1990-2020.ffzg.unizg.hr\/?page_id=370\">Tat&#8217;jana Kuzovkina<\/a><\/p>\n\n\n\n<p>.<\/p>\n<\/div>\n<\/div><\/section>\n<\/div>\n<\/div><\/section>\n","protected":false},"excerpt":{"rendered":"","protected":false},"author":1,"featured_media":0,"parent":0,"menu_order":-5,"comment_status":"closed","ping_status":"closed","template":"templates\/builder-fullwidth-std.php","meta":{"footnotes":""},"class_list":["post-377","page","type-page","status-publish","hentry","post-preview"],"_links":{"self":[{"href":"https:\/\/transform-1990-2020.ffzg.unizg.hr\/index.php?rest_route=\/wp\/v2\/pages\/377","targetHints":{"allow":["GET"]}}],"collection":[{"href":"https:\/\/transform-1990-2020.ffzg.unizg.hr\/index.php?rest_route=\/wp\/v2\/pages"}],"about":[{"href":"https:\/\/transform-1990-2020.ffzg.unizg.hr\/index.php?rest_route=\/wp\/v2\/types\/page"}],"author":[{"embeddable":true,"href":"https:\/\/transform-1990-2020.ffzg.unizg.hr\/index.php?rest_route=\/wp\/v2\/users\/1"}],"replies":[{"embeddable":true,"href":"https:\/\/transform-1990-2020.ffzg.unizg.hr\/index.php?rest_route=%2Fwp%2Fv2%2Fcomments&post=377"}],"version-history":[{"count":34,"href":"https:\/\/transform-1990-2020.ffzg.unizg.hr\/index.php?rest_route=\/wp\/v2\/pages\/377\/revisions"}],"predecessor-version":[{"id":589,"href":"https:\/\/transform-1990-2020.ffzg.unizg.hr\/index.php?rest_route=\/wp\/v2\/pages\/377\/revisions\/589"}],"wp:attachment":[{"href":"https:\/\/transform-1990-2020.ffzg.unizg.hr\/index.php?rest_route=%2Fwp%2Fv2%2Fmedia&parent=377"}],"curies":[{"name":"wp","href":"https:\/\/api.w.org\/{rel}","templated":true}]}}