{"id":1778,"date":"2025-03-11T11:27:16","date_gmt":"2025-03-11T10:27:16","guid":{"rendered":"https:\/\/transform-1990-2020.ffzg.unizg.hr\/?page_id=1778"},"modified":"2025-03-11T11:27:16","modified_gmt":"2025-03-11T10:27:16","slug":"publikacija-znanstvenih-radova-izlozenih-na-konferenciji-ruske-knjizevne-transformacije-danas","status":"publish","type":"page","link":"https:\/\/transform-1990-2020.ffzg.unizg.hr\/?page_id=1778","title":{"rendered":"Publikacija znanstvenih radova izlo\u017eenih na konferenciji Ruske knji\u017eevne transformacije danas"},"content":{"rendered":"<p>U prvom sve\u0161\u010di\u0107u 73. broja me\u0111unarodnog znanstvenog \u010dasopisa <em>Slavisti\u010dna revija<\/em> objavljeni su znanstveni radovi s me\u0111unarodne konferencije <em>Ruske knji\u017eevne transformacije danas<\/em>, odr\u017eane u svibnju 2024. godine u sklopu projekta <em>Ruske knji\u017eevne transformacije od 1990. do 2020. godine.\u00a0<\/em><\/p>\n<p>73. broj \u010dasopisa <em>Slavisti\u010dna revija<\/em> dostupan je na <a href=\"https:\/\/srl.si\/ojs\/srl\/issue\/view\/422\">poveznici<\/a>.<\/p>\n","protected":false},"excerpt":{"rendered":"<p>U prvom sve\u0161\u010di\u0107u 73. broja me\u0111unarodnog znanstvenog \u010dasopisa Slavisti\u010dna revija objavljeni su znanstveni radovi s me\u0111unarodne konferencije Ruske knji\u017eevne transformacije danas, odr\u017eane u svibnju 2024. godine u sklopu projekta Ruske [&hellip;]<\/p>\n","protected":false},"author":2,"featured_media":0,"parent":0,"menu_order":0,"comment_status":"closed","ping_status":"closed","template":"","meta":{"footnotes":""},"class_list":["post-1778","page","type-page","status-publish","hentry","post-preview"],"_links":{"self":[{"href":"https:\/\/transform-1990-2020.ffzg.unizg.hr\/index.php?rest_route=\/wp\/v2\/pages\/1778","targetHints":{"allow":["GET"]}}],"collection":[{"href":"https:\/\/transform-1990-2020.ffzg.unizg.hr\/index.php?rest_route=\/wp\/v2\/pages"}],"about":[{"href":"https:\/\/transform-1990-2020.ffzg.unizg.hr\/index.php?rest_route=\/wp\/v2\/types\/page"}],"author":[{"embeddable":true,"href":"https:\/\/transform-1990-2020.ffzg.unizg.hr\/index.php?rest_route=\/wp\/v2\/users\/2"}],"replies":[{"embeddable":true,"href":"https:\/\/transform-1990-2020.ffzg.unizg.hr\/index.php?rest_route=%2Fwp%2Fv2%2Fcomments&post=1778"}],"version-history":[{"count":1,"href":"https:\/\/transform-1990-2020.ffzg.unizg.hr\/index.php?rest_route=\/wp\/v2\/pages\/1778\/revisions"}],"predecessor-version":[{"id":1779,"href":"https:\/\/transform-1990-2020.ffzg.unizg.hr\/index.php?rest_route=\/wp\/v2\/pages\/1778\/revisions\/1779"}],"wp:attachment":[{"href":"https:\/\/transform-1990-2020.ffzg.unizg.hr\/index.php?rest_route=%2Fwp%2Fv2%2Fmedia&parent=1778"}],"curies":[{"name":"wp","href":"https:\/\/api.w.org\/{rel}","templated":true}]}}