{"id":1746,"date":"2025-01-30T16:10:07","date_gmt":"2025-01-30T15:10:07","guid":{"rendered":"https:\/\/transform-1990-2020.ffzg.unizg.hr\/?page_id=1746"},"modified":"2025-02-03T08:38:43","modified_gmt":"2025-02-03T07:38:43","slug":"avant-garde-and-the-end-of-the-world-nova-gorica-10-12-10-2024","status":"publish","type":"page","link":"https:\/\/transform-1990-2020.ffzg.unizg.hr\/?page_id=1746","title":{"rendered":"Avant-Garde and the End of the World, Nova Gorica, 10 \u2013 12. 10. 2024."},"content":{"rendered":"<p>\u010clanica projektnog tima izv. prof. dr. sc. Ivana Peru\u0161ko sudjelovala je u konferenciji <em>Avant-Garde and the End of the World<\/em>, odr\u017eanoj u Sloveniji, u Novoj Gorici, od 10. do 12. listopada 2024. godine. Suradnica je nastupila s izlaganjem\u00a0<em>The Apocalypse of Avant-Garde: Futurism vs. Bolshevism.<\/em><\/p>\n\n\t\t<style type=\"text\/css\">\n\t\t\t#gallery-1 {\n\t\t\t\tmargin: auto;\n\t\t\t}\n\t\t\t#gallery-1 .gallery-item {\n\t\t\t\tfloat: left;\n\t\t\t\tmargin-top: 10px;\n\t\t\t\ttext-align: center;\n\t\t\t\twidth: 100%;\n\t\t\t}\n\t\t\t#gallery-1 img {\n\t\t\t\tborder: 2px solid #cfcfcf;\n\t\t\t}\n\t\t\t#gallery-1 .gallery-caption {\n\t\t\t\tmargin-left: 0;\n\t\t\t}\n\t\t\t\/* see gallery_shortcode() in wp-includes\/media.php *\/\n\t\t<\/style>\n\t\t<div id='gallery-1' class='gallery galleryid-1746 gallery-columns-1 gallery-size-medium'><dl class='gallery-item'>\n\t\t\t<dt class='gallery-icon landscape'>\n\t\t\t\t<a href='https:\/\/transform-1990-2020.ffzg.unizg.hr\/wp-content\/uploads\/2025\/02\/Screenshot-6.png'><img loading=\"lazy\" decoding=\"async\" width=\"300\" height=\"169\" src=\"https:\/\/transform-1990-2020.ffzg.unizg.hr\/wp-content\/uploads\/2025\/02\/Screenshot-6-300x169.png\" class=\"attachment-medium size-medium\" alt=\"\" srcset=\"https:\/\/transform-1990-2020.ffzg.unizg.hr\/wp-content\/uploads\/2025\/02\/Screenshot-6-300x169.png 300w, https:\/\/transform-1990-2020.ffzg.unizg.hr\/wp-content\/uploads\/2025\/02\/Screenshot-6-1024x576.png 1024w, https:\/\/transform-1990-2020.ffzg.unizg.hr\/wp-content\/uploads\/2025\/02\/Screenshot-6-768x432.png 768w, https:\/\/transform-1990-2020.ffzg.unizg.hr\/wp-content\/uploads\/2025\/02\/Screenshot-6-1536x864.png 1536w, https:\/\/transform-1990-2020.ffzg.unizg.hr\/wp-content\/uploads\/2025\/02\/Screenshot-6-676x380.png 676w, https:\/\/transform-1990-2020.ffzg.unizg.hr\/wp-content\/uploads\/2025\/02\/Screenshot-6-600x338.png 600w, https:\/\/transform-1990-2020.ffzg.unizg.hr\/wp-content\/uploads\/2025\/02\/Screenshot-6.png 1920w\" sizes=\"auto, (max-width: 300px) 100vw, 300px\" \/><\/a>\n\t\t\t<\/dt><\/dl><br style=\"clear: both\" \/>\n\t\t<\/div>\n\n","protected":false},"excerpt":{"rendered":"<p>\u010clanica projektnog tima izv. prof. dr. sc. Ivana Peru\u0161ko sudjelovala je u konferenciji Avant-Garde and the End of the World, odr\u017eanoj u Sloveniji, u Novoj Gorici, od 10. do 12. [&hellip;]<\/p>\n","protected":false},"author":2,"featured_media":0,"parent":0,"menu_order":0,"comment_status":"closed","ping_status":"closed","template":"","meta":{"footnotes":""},"class_list":["post-1746","page","type-page","status-publish","hentry","post-preview"],"_links":{"self":[{"href":"https:\/\/transform-1990-2020.ffzg.unizg.hr\/index.php?rest_route=\/wp\/v2\/pages\/1746","targetHints":{"allow":["GET"]}}],"collection":[{"href":"https:\/\/transform-1990-2020.ffzg.unizg.hr\/index.php?rest_route=\/wp\/v2\/pages"}],"about":[{"href":"https:\/\/transform-1990-2020.ffzg.unizg.hr\/index.php?rest_route=\/wp\/v2\/types\/page"}],"author":[{"embeddable":true,"href":"https:\/\/transform-1990-2020.ffzg.unizg.hr\/index.php?rest_route=\/wp\/v2\/users\/2"}],"replies":[{"embeddable":true,"href":"https:\/\/transform-1990-2020.ffzg.unizg.hr\/index.php?rest_route=%2Fwp%2Fv2%2Fcomments&post=1746"}],"version-history":[{"count":2,"href":"https:\/\/transform-1990-2020.ffzg.unizg.hr\/index.php?rest_route=\/wp\/v2\/pages\/1746\/revisions"}],"predecessor-version":[{"id":1751,"href":"https:\/\/transform-1990-2020.ffzg.unizg.hr\/index.php?rest_route=\/wp\/v2\/pages\/1746\/revisions\/1751"}],"wp:attachment":[{"href":"https:\/\/transform-1990-2020.ffzg.unizg.hr\/index.php?rest_route=%2Fwp%2Fv2%2Fmedia&parent=1746"}],"curies":[{"name":"wp","href":"https:\/\/api.w.org\/{rel}","templated":true}]}}