{"id":1720,"date":"2024-11-06T13:00:49","date_gmt":"2024-11-06T12:00:49","guid":{"rendered":"https:\/\/transform-1990-2020.ffzg.unizg.hr\/?page_id=1720"},"modified":"2024-11-06T13:00:49","modified_gmt":"2024-11-06T12:00:49","slug":"program-mobilnosti-na-sveucilistu-u-trieru","status":"publish","type":"page","link":"https:\/\/transform-1990-2020.ffzg.unizg.hr\/?page_id=1720","title":{"rendered":"Program mobilnosti na Sveu\u010dili\u0161tu u Trieru"},"content":{"rendered":"<p>Asistentica Petra Grebenac boravila je na Sveu\u010dili\u0161tu u Trieru od 23. kolovoza do 25. rujna 2024. godine u sklopu Programa\u00a0 mobilnosti \u2013 odlazne mobilnosti asistenata (MOBDOK-2023), koji financira Hrvatska zaklada za znanost. Tijekom mobilnosti asistentica je radila na \u010dlanku &#8220;Politika inovativne ruskojezi\u010dne poezije 21. stolje\u0107a na primjeru pjesni\u010dke knjige <em>Spolia<\/em> M. Stepanove&#8221; te je provodila istra\u017eivanje u svrhu izrade svoje disertacije &#8220;Tekstualni subjekt u poeziji Marije Stepanove od 2001. do 2017. godine&#8221;.<\/p>\n\n\t\t<style type=\"text\/css\">\n\t\t\t#gallery-1 {\n\t\t\t\tmargin: auto;\n\t\t\t}\n\t\t\t#gallery-1 .gallery-item {\n\t\t\t\tfloat: left;\n\t\t\t\tmargin-top: 10px;\n\t\t\t\ttext-align: center;\n\t\t\t\twidth: 33%;\n\t\t\t}\n\t\t\t#gallery-1 img {\n\t\t\t\tborder: 2px solid #cfcfcf;\n\t\t\t}\n\t\t\t#gallery-1 .gallery-caption {\n\t\t\t\tmargin-left: 0;\n\t\t\t}\n\t\t\t\/* see gallery_shortcode() in wp-includes\/media.php *\/\n\t\t<\/style>\n\t\t<div id='gallery-1' class='gallery galleryid-1720 gallery-columns-3 gallery-size-medium'><dl class='gallery-item'>\n\t\t\t<dt class='gallery-icon landscape'>\n\t\t\t\t<a href='https:\/\/transform-1990-2020.ffzg.unizg.hr\/wp-content\/uploads\/2024\/11\/WhatsApp-Image-2024-11-06-at-12.54.26.jpeg'><img loading=\"lazy\" decoding=\"async\" width=\"300\" height=\"225\" src=\"https:\/\/transform-1990-2020.ffzg.unizg.hr\/wp-content\/uploads\/2024\/11\/WhatsApp-Image-2024-11-06-at-12.54.26-300x225.jpeg\" class=\"attachment-medium size-medium\" alt=\"\" srcset=\"https:\/\/transform-1990-2020.ffzg.unizg.hr\/wp-content\/uploads\/2024\/11\/WhatsApp-Image-2024-11-06-at-12.54.26-300x225.jpeg 300w, https:\/\/transform-1990-2020.ffzg.unizg.hr\/wp-content\/uploads\/2024\/11\/WhatsApp-Image-2024-11-06-at-12.54.26-1024x768.jpeg 1024w, https:\/\/transform-1990-2020.ffzg.unizg.hr\/wp-content\/uploads\/2024\/11\/WhatsApp-Image-2024-11-06-at-12.54.26-768x576.jpeg 768w, https:\/\/transform-1990-2020.ffzg.unizg.hr\/wp-content\/uploads\/2024\/11\/WhatsApp-Image-2024-11-06-at-12.54.26-1536x1152.jpeg 1536w, https:\/\/transform-1990-2020.ffzg.unizg.hr\/wp-content\/uploads\/2024\/11\/WhatsApp-Image-2024-11-06-at-12.54.26-676x507.jpeg 676w, https:\/\/transform-1990-2020.ffzg.unizg.hr\/wp-content\/uploads\/2024\/11\/WhatsApp-Image-2024-11-06-at-12.54.26-600x450.jpeg 600w, https:\/\/transform-1990-2020.ffzg.unizg.hr\/wp-content\/uploads\/2024\/11\/WhatsApp-Image-2024-11-06-at-12.54.26.jpeg 1600w\" sizes=\"auto, (max-width: 300px) 100vw, 300px\" \/><\/a>\n\t\t\t<\/dt><\/dl><dl class='gallery-item'>\n\t\t\t<dt class='gallery-icon landscape'>\n\t\t\t\t<a href='https:\/\/transform-1990-2020.ffzg.unizg.hr\/wp-content\/uploads\/2024\/11\/WhatsApp-Image-2024-11-06-at-12.54.26-1.jpeg'><img loading=\"lazy\" decoding=\"async\" width=\"300\" height=\"225\" src=\"https:\/\/transform-1990-2020.ffzg.unizg.hr\/wp-content\/uploads\/2024\/11\/WhatsApp-Image-2024-11-06-at-12.54.26-1-300x225.jpeg\" class=\"attachment-medium size-medium\" alt=\"\" srcset=\"https:\/\/transform-1990-2020.ffzg.unizg.hr\/wp-content\/uploads\/2024\/11\/WhatsApp-Image-2024-11-06-at-12.54.26-1-300x225.jpeg 300w, https:\/\/transform-1990-2020.ffzg.unizg.hr\/wp-content\/uploads\/2024\/11\/WhatsApp-Image-2024-11-06-at-12.54.26-1-1024x768.jpeg 1024w, https:\/\/transform-1990-2020.ffzg.unizg.hr\/wp-content\/uploads\/2024\/11\/WhatsApp-Image-2024-11-06-at-12.54.26-1-768x576.jpeg 768w, https:\/\/transform-1990-2020.ffzg.unizg.hr\/wp-content\/uploads\/2024\/11\/WhatsApp-Image-2024-11-06-at-12.54.26-1-1536x1152.jpeg 1536w, https:\/\/transform-1990-2020.ffzg.unizg.hr\/wp-content\/uploads\/2024\/11\/WhatsApp-Image-2024-11-06-at-12.54.26-1-676x507.jpeg 676w, https:\/\/transform-1990-2020.ffzg.unizg.hr\/wp-content\/uploads\/2024\/11\/WhatsApp-Image-2024-11-06-at-12.54.26-1-600x450.jpeg 600w, https:\/\/transform-1990-2020.ffzg.unizg.hr\/wp-content\/uploads\/2024\/11\/WhatsApp-Image-2024-11-06-at-12.54.26-1.jpeg 1600w\" sizes=\"auto, (max-width: 300px) 100vw, 300px\" \/><\/a>\n\t\t\t<\/dt><\/dl><dl class='gallery-item'>\n\t\t\t<dt class='gallery-icon landscape'>\n\t\t\t\t<a href='https:\/\/transform-1990-2020.ffzg.unizg.hr\/wp-content\/uploads\/2024\/11\/WhatsApp-Image-2024-11-06-at-12.54.26-3.jpeg'><img loading=\"lazy\" decoding=\"async\" width=\"300\" height=\"225\" src=\"https:\/\/transform-1990-2020.ffzg.unizg.hr\/wp-content\/uploads\/2024\/11\/WhatsApp-Image-2024-11-06-at-12.54.26-3-300x225.jpeg\" class=\"attachment-medium size-medium\" alt=\"\" srcset=\"https:\/\/transform-1990-2020.ffzg.unizg.hr\/wp-content\/uploads\/2024\/11\/WhatsApp-Image-2024-11-06-at-12.54.26-3-300x225.jpeg 300w, https:\/\/transform-1990-2020.ffzg.unizg.hr\/wp-content\/uploads\/2024\/11\/WhatsApp-Image-2024-11-06-at-12.54.26-3-1024x768.jpeg 1024w, https:\/\/transform-1990-2020.ffzg.unizg.hr\/wp-content\/uploads\/2024\/11\/WhatsApp-Image-2024-11-06-at-12.54.26-3-768x576.jpeg 768w, https:\/\/transform-1990-2020.ffzg.unizg.hr\/wp-content\/uploads\/2024\/11\/WhatsApp-Image-2024-11-06-at-12.54.26-3-1536x1152.jpeg 1536w, https:\/\/transform-1990-2020.ffzg.unizg.hr\/wp-content\/uploads\/2024\/11\/WhatsApp-Image-2024-11-06-at-12.54.26-3-676x507.jpeg 676w, https:\/\/transform-1990-2020.ffzg.unizg.hr\/wp-content\/uploads\/2024\/11\/WhatsApp-Image-2024-11-06-at-12.54.26-3-600x450.jpeg 600w, https:\/\/transform-1990-2020.ffzg.unizg.hr\/wp-content\/uploads\/2024\/11\/WhatsApp-Image-2024-11-06-at-12.54.26-3.jpeg 1600w\" sizes=\"auto, (max-width: 300px) 100vw, 300px\" \/><\/a>\n\t\t\t<\/dt><\/dl><br style=\"clear: both\" \/>\n\t\t<\/div>\n\n","protected":false},"excerpt":{"rendered":"<p>Asistentica Petra Grebenac boravila je na Sveu\u010dili\u0161tu u Trieru od 23. kolovoza do 25. rujna 2024. godine u sklopu Programa\u00a0 mobilnosti \u2013 odlazne mobilnosti asistenata (MOBDOK-2023), koji financira Hrvatska zaklada [&hellip;]<\/p>\n","protected":false},"author":2,"featured_media":0,"parent":0,"menu_order":0,"comment_status":"closed","ping_status":"closed","template":"","meta":{"footnotes":""},"class_list":["post-1720","page","type-page","status-publish","hentry","post-preview"],"_links":{"self":[{"href":"https:\/\/transform-1990-2020.ffzg.unizg.hr\/index.php?rest_route=\/wp\/v2\/pages\/1720","targetHints":{"allow":["GET"]}}],"collection":[{"href":"https:\/\/transform-1990-2020.ffzg.unizg.hr\/index.php?rest_route=\/wp\/v2\/pages"}],"about":[{"href":"https:\/\/transform-1990-2020.ffzg.unizg.hr\/index.php?rest_route=\/wp\/v2\/types\/page"}],"author":[{"embeddable":true,"href":"https:\/\/transform-1990-2020.ffzg.unizg.hr\/index.php?rest_route=\/wp\/v2\/users\/2"}],"replies":[{"embeddable":true,"href":"https:\/\/transform-1990-2020.ffzg.unizg.hr\/index.php?rest_route=%2Fwp%2Fv2%2Fcomments&post=1720"}],"version-history":[{"count":1,"href":"https:\/\/transform-1990-2020.ffzg.unizg.hr\/index.php?rest_route=\/wp\/v2\/pages\/1720\/revisions"}],"predecessor-version":[{"id":1725,"href":"https:\/\/transform-1990-2020.ffzg.unizg.hr\/index.php?rest_route=\/wp\/v2\/pages\/1720\/revisions\/1725"}],"wp:attachment":[{"href":"https:\/\/transform-1990-2020.ffzg.unizg.hr\/index.php?rest_route=%2Fwp%2Fv2%2Fmedia&parent=1720"}],"curies":[{"name":"wp","href":"https:\/\/api.w.org\/{rel}","templated":true}]}}