{"id":1705,"date":"2024-09-22T18:36:28","date_gmt":"2024-09-22T17:36:28","guid":{"rendered":"https:\/\/transform-1990-2020.ffzg.unizg.hr\/?page_id=1705"},"modified":"2024-09-22T18:36:28","modified_gmt":"2024-09-22T17:36:28","slug":"research-in-libraries-in-tallinn-and-helsinki","status":"publish","type":"page","link":"https:\/\/transform-1990-2020.ffzg.unizg.hr\/?page_id=1705&lang=en","title":{"rendered":"Research in libraries in Tallinn and Helsinki"},"content":{"rendered":"<p>In the period from September 9 to 14, the project team members, prof. Ph.D. \u017diva Ben\u010di\u0107-Primc and associate professor Ph.D. Ivana Peru\u0161ko spent a research trip in Tallinn (Estonia) and Helsinki (Finland). They stayed in Tallinn at the Department of Russian Language and Literature and in Helsinki in the National University Library (Slavic Department). Ivana Peru\u0161ko researched the field of literary transformations in the 1990s, and \u017diva Ben\u010di\u0107-Primc explored the field of transformations of the autofictional genre.<\/p>\n\n\t\t<style type=\"text\/css\">\n\t\t\t#gallery-1 {\n\t\t\t\tmargin: auto;\n\t\t\t}\n\t\t\t#gallery-1 .gallery-item {\n\t\t\t\tfloat: left;\n\t\t\t\tmargin-top: 10px;\n\t\t\t\ttext-align: center;\n\t\t\t\twidth: 33%;\n\t\t\t}\n\t\t\t#gallery-1 img {\n\t\t\t\tborder: 2px solid #cfcfcf;\n\t\t\t}\n\t\t\t#gallery-1 .gallery-caption {\n\t\t\t\tmargin-left: 0;\n\t\t\t}\n\t\t\t\/* see gallery_shortcode() in wp-includes\/media.php *\/\n\t\t<\/style>\n\t\t<div id='gallery-1' class='gallery galleryid-1705 gallery-columns-3 gallery-size-medium'><dl class='gallery-item'>\n\t\t\t<dt class='gallery-icon portrait'>\n\t\t\t\t<a href='https:\/\/transform-1990-2020.ffzg.unizg.hr\/wp-content\/uploads\/2024\/09\/Tallinn_3-1-scaled.jpg'><img loading=\"lazy\" decoding=\"async\" width=\"226\" height=\"300\" src=\"https:\/\/transform-1990-2020.ffzg.unizg.hr\/wp-content\/uploads\/2024\/09\/Tallinn_3-1-226x300.jpg\" class=\"attachment-medium size-medium\" alt=\"\" srcset=\"https:\/\/transform-1990-2020.ffzg.unizg.hr\/wp-content\/uploads\/2024\/09\/Tallinn_3-1-226x300.jpg 226w, https:\/\/transform-1990-2020.ffzg.unizg.hr\/wp-content\/uploads\/2024\/09\/Tallinn_3-1-771x1024.jpg 771w, https:\/\/transform-1990-2020.ffzg.unizg.hr\/wp-content\/uploads\/2024\/09\/Tallinn_3-1-768x1020.jpg 768w, https:\/\/transform-1990-2020.ffzg.unizg.hr\/wp-content\/uploads\/2024\/09\/Tallinn_3-1-1157x1536.jpg 1157w, https:\/\/transform-1990-2020.ffzg.unizg.hr\/wp-content\/uploads\/2024\/09\/Tallinn_3-1-1542x2048.jpg 1542w, https:\/\/transform-1990-2020.ffzg.unizg.hr\/wp-content\/uploads\/2024\/09\/Tallinn_3-1-676x898.jpg 676w, https:\/\/transform-1990-2020.ffzg.unizg.hr\/wp-content\/uploads\/2024\/09\/Tallinn_3-1-600x797.jpg 600w, https:\/\/transform-1990-2020.ffzg.unizg.hr\/wp-content\/uploads\/2024\/09\/Tallinn_3-1-scaled.jpg 1928w\" sizes=\"auto, (max-width: 226px) 100vw, 226px\" \/><\/a>\n\t\t\t<\/dt><\/dl><dl class='gallery-item'>\n\t\t\t<dt class='gallery-icon landscape'>\n\t\t\t\t<a href='https:\/\/transform-1990-2020.ffzg.unizg.hr\/wp-content\/uploads\/2024\/09\/Tallinn_2-1-scaled.jpg'><img loading=\"lazy\" decoding=\"async\" width=\"300\" height=\"226\" src=\"https:\/\/transform-1990-2020.ffzg.unizg.hr\/wp-content\/uploads\/2024\/09\/Tallinn_2-1-300x226.jpg\" class=\"attachment-medium size-medium\" alt=\"\" srcset=\"https:\/\/transform-1990-2020.ffzg.unizg.hr\/wp-content\/uploads\/2024\/09\/Tallinn_2-1-300x226.jpg 300w, https:\/\/transform-1990-2020.ffzg.unizg.hr\/wp-content\/uploads\/2024\/09\/Tallinn_2-1-1024x771.jpg 1024w, https:\/\/transform-1990-2020.ffzg.unizg.hr\/wp-content\/uploads\/2024\/09\/Tallinn_2-1-768x578.jpg 768w, https:\/\/transform-1990-2020.ffzg.unizg.hr\/wp-content\/uploads\/2024\/09\/Tallinn_2-1-1536x1157.jpg 1536w, https:\/\/transform-1990-2020.ffzg.unizg.hr\/wp-content\/uploads\/2024\/09\/Tallinn_2-1-2048x1542.jpg 2048w, https:\/\/transform-1990-2020.ffzg.unizg.hr\/wp-content\/uploads\/2024\/09\/Tallinn_2-1-676x509.jpg 676w, https:\/\/transform-1990-2020.ffzg.unizg.hr\/wp-content\/uploads\/2024\/09\/Tallinn_2-1-600x452.jpg 600w\" sizes=\"auto, (max-width: 300px) 100vw, 300px\" \/><\/a>\n\t\t\t<\/dt><\/dl><dl class='gallery-item'>\n\t\t\t<dt class='gallery-icon landscape'>\n\t\t\t\t<a href='https:\/\/transform-1990-2020.ffzg.unizg.hr\/wp-content\/uploads\/2024\/09\/Tallinn_1-1-scaled.jpg'><img loading=\"lazy\" decoding=\"async\" width=\"300\" height=\"226\" src=\"https:\/\/transform-1990-2020.ffzg.unizg.hr\/wp-content\/uploads\/2024\/09\/Tallinn_1-1-300x226.jpg\" class=\"attachment-medium size-medium\" alt=\"\" srcset=\"https:\/\/transform-1990-2020.ffzg.unizg.hr\/wp-content\/uploads\/2024\/09\/Tallinn_1-1-300x226.jpg 300w, https:\/\/transform-1990-2020.ffzg.unizg.hr\/wp-content\/uploads\/2024\/09\/Tallinn_1-1-1024x771.jpg 1024w, https:\/\/transform-1990-2020.ffzg.unizg.hr\/wp-content\/uploads\/2024\/09\/Tallinn_1-1-768x578.jpg 768w, https:\/\/transform-1990-2020.ffzg.unizg.hr\/wp-content\/uploads\/2024\/09\/Tallinn_1-1-1536x1157.jpg 1536w, https:\/\/transform-1990-2020.ffzg.unizg.hr\/wp-content\/uploads\/2024\/09\/Tallinn_1-1-2048x1542.jpg 2048w, https:\/\/transform-1990-2020.ffzg.unizg.hr\/wp-content\/uploads\/2024\/09\/Tallinn_1-1-676x509.jpg 676w, https:\/\/transform-1990-2020.ffzg.unizg.hr\/wp-content\/uploads\/2024\/09\/Tallinn_1-1-600x452.jpg 600w\" sizes=\"auto, (max-width: 300px) 100vw, 300px\" \/><\/a>\n\t\t\t<\/dt><\/dl><br style=\"clear: both\" \/><dl class='gallery-item'>\n\t\t\t<dt class='gallery-icon landscape'>\n\t\t\t\t<a href='https:\/\/transform-1990-2020.ffzg.unizg.hr\/wp-content\/uploads\/2024\/09\/Helsinki_2-1-scaled.jpg'><img loading=\"lazy\" decoding=\"async\" width=\"300\" height=\"226\" src=\"https:\/\/transform-1990-2020.ffzg.unizg.hr\/wp-content\/uploads\/2024\/09\/Helsinki_2-1-300x226.jpg\" class=\"attachment-medium size-medium\" alt=\"\" srcset=\"https:\/\/transform-1990-2020.ffzg.unizg.hr\/wp-content\/uploads\/2024\/09\/Helsinki_2-1-300x226.jpg 300w, https:\/\/transform-1990-2020.ffzg.unizg.hr\/wp-content\/uploads\/2024\/09\/Helsinki_2-1-1024x771.jpg 1024w, https:\/\/transform-1990-2020.ffzg.unizg.hr\/wp-content\/uploads\/2024\/09\/Helsinki_2-1-768x578.jpg 768w, https:\/\/transform-1990-2020.ffzg.unizg.hr\/wp-content\/uploads\/2024\/09\/Helsinki_2-1-1536x1157.jpg 1536w, https:\/\/transform-1990-2020.ffzg.unizg.hr\/wp-content\/uploads\/2024\/09\/Helsinki_2-1-2048x1542.jpg 2048w, https:\/\/transform-1990-2020.ffzg.unizg.hr\/wp-content\/uploads\/2024\/09\/Helsinki_2-1-676x509.jpg 676w, https:\/\/transform-1990-2020.ffzg.unizg.hr\/wp-content\/uploads\/2024\/09\/Helsinki_2-1-600x452.jpg 600w\" sizes=\"auto, (max-width: 300px) 100vw, 300px\" \/><\/a>\n\t\t\t<\/dt><\/dl><dl class='gallery-item'>\n\t\t\t<dt class='gallery-icon landscape'>\n\t\t\t\t<a href='https:\/\/transform-1990-2020.ffzg.unizg.hr\/wp-content\/uploads\/2024\/09\/Tallinn_4-1-scaled.jpg'><img loading=\"lazy\" decoding=\"async\" width=\"300\" height=\"225\" src=\"https:\/\/transform-1990-2020.ffzg.unizg.hr\/wp-content\/uploads\/2024\/09\/Tallinn_4-1-300x225.jpg\" class=\"attachment-medium size-medium\" alt=\"\" srcset=\"https:\/\/transform-1990-2020.ffzg.unizg.hr\/wp-content\/uploads\/2024\/09\/Tallinn_4-1-300x225.jpg 300w, https:\/\/transform-1990-2020.ffzg.unizg.hr\/wp-content\/uploads\/2024\/09\/Tallinn_4-1-1024x768.jpg 1024w, https:\/\/transform-1990-2020.ffzg.unizg.hr\/wp-content\/uploads\/2024\/09\/Tallinn_4-1-768x576.jpg 768w, https:\/\/transform-1990-2020.ffzg.unizg.hr\/wp-content\/uploads\/2024\/09\/Tallinn_4-1-1536x1152.jpg 1536w, https:\/\/transform-1990-2020.ffzg.unizg.hr\/wp-content\/uploads\/2024\/09\/Tallinn_4-1-2048x1536.jpg 2048w, https:\/\/transform-1990-2020.ffzg.unizg.hr\/wp-content\/uploads\/2024\/09\/Tallinn_4-1-676x507.jpg 676w, https:\/\/transform-1990-2020.ffzg.unizg.hr\/wp-content\/uploads\/2024\/09\/Tallinn_4-1-600x450.jpg 600w\" sizes=\"auto, (max-width: 300px) 100vw, 300px\" \/><\/a>\n\t\t\t<\/dt><\/dl><dl class='gallery-item'>\n\t\t\t<dt class='gallery-icon portrait'>\n\t\t\t\t<a href='https:\/\/transform-1990-2020.ffzg.unizg.hr\/wp-content\/uploads\/2024\/09\/Helsinki_1-1-scaled.jpg'><img loading=\"lazy\" decoding=\"async\" width=\"226\" height=\"300\" src=\"https:\/\/transform-1990-2020.ffzg.unizg.hr\/wp-content\/uploads\/2024\/09\/Helsinki_1-1-226x300.jpg\" class=\"attachment-medium size-medium\" alt=\"\" srcset=\"https:\/\/transform-1990-2020.ffzg.unizg.hr\/wp-content\/uploads\/2024\/09\/Helsinki_1-1-226x300.jpg 226w, https:\/\/transform-1990-2020.ffzg.unizg.hr\/wp-content\/uploads\/2024\/09\/Helsinki_1-1-771x1024.jpg 771w, https:\/\/transform-1990-2020.ffzg.unizg.hr\/wp-content\/uploads\/2024\/09\/Helsinki_1-1-768x1020.jpg 768w, https:\/\/transform-1990-2020.ffzg.unizg.hr\/wp-content\/uploads\/2024\/09\/Helsinki_1-1-1157x1536.jpg 1157w, https:\/\/transform-1990-2020.ffzg.unizg.hr\/wp-content\/uploads\/2024\/09\/Helsinki_1-1-1542x2048.jpg 1542w, https:\/\/transform-1990-2020.ffzg.unizg.hr\/wp-content\/uploads\/2024\/09\/Helsinki_1-1-676x898.jpg 676w, https:\/\/transform-1990-2020.ffzg.unizg.hr\/wp-content\/uploads\/2024\/09\/Helsinki_1-1-600x797.jpg 600w, https:\/\/transform-1990-2020.ffzg.unizg.hr\/wp-content\/uploads\/2024\/09\/Helsinki_1-1-scaled.jpg 1928w\" sizes=\"auto, (max-width: 226px) 100vw, 226px\" \/><\/a>\n\t\t\t<\/dt><\/dl><br style=\"clear: both\" \/><dl class='gallery-item'>\n\t\t\t<dt class='gallery-icon portrait'>\n\t\t\t\t<a href='https:\/\/transform-1990-2020.ffzg.unizg.hr\/wp-content\/uploads\/2024\/09\/Helsinki_Slavonic-Library-1-scaled.jpg'><img loading=\"lazy\" decoding=\"async\" width=\"226\" height=\"300\" src=\"https:\/\/transform-1990-2020.ffzg.unizg.hr\/wp-content\/uploads\/2024\/09\/Helsinki_Slavonic-Library-1-226x300.jpg\" class=\"attachment-medium size-medium\" alt=\"\" srcset=\"https:\/\/transform-1990-2020.ffzg.unizg.hr\/wp-content\/uploads\/2024\/09\/Helsinki_Slavonic-Library-1-226x300.jpg 226w, https:\/\/transform-1990-2020.ffzg.unizg.hr\/wp-content\/uploads\/2024\/09\/Helsinki_Slavonic-Library-1-771x1024.jpg 771w, https:\/\/transform-1990-2020.ffzg.unizg.hr\/wp-content\/uploads\/2024\/09\/Helsinki_Slavonic-Library-1-768x1020.jpg 768w, https:\/\/transform-1990-2020.ffzg.unizg.hr\/wp-content\/uploads\/2024\/09\/Helsinki_Slavonic-Library-1-1157x1536.jpg 1157w, https:\/\/transform-1990-2020.ffzg.unizg.hr\/wp-content\/uploads\/2024\/09\/Helsinki_Slavonic-Library-1-1542x2048.jpg 1542w, https:\/\/transform-1990-2020.ffzg.unizg.hr\/wp-content\/uploads\/2024\/09\/Helsinki_Slavonic-Library-1-676x898.jpg 676w, https:\/\/transform-1990-2020.ffzg.unizg.hr\/wp-content\/uploads\/2024\/09\/Helsinki_Slavonic-Library-1-600x797.jpg 600w, https:\/\/transform-1990-2020.ffzg.unizg.hr\/wp-content\/uploads\/2024\/09\/Helsinki_Slavonic-Library-1-scaled.jpg 1928w\" sizes=\"auto, (max-width: 226px) 100vw, 226px\" \/><\/a>\n\t\t\t<\/dt><\/dl><dl class='gallery-item'>\n\t\t\t<dt class='gallery-icon portrait'>\n\t\t\t\t<a href='https:\/\/transform-1990-2020.ffzg.unizg.hr\/wp-content\/uploads\/2024\/09\/Helsinki_5-1-scaled.jpg'><img loading=\"lazy\" decoding=\"async\" width=\"226\" height=\"300\" src=\"https:\/\/transform-1990-2020.ffzg.unizg.hr\/wp-content\/uploads\/2024\/09\/Helsinki_5-1-226x300.jpg\" class=\"attachment-medium size-medium\" alt=\"\" srcset=\"https:\/\/transform-1990-2020.ffzg.unizg.hr\/wp-content\/uploads\/2024\/09\/Helsinki_5-1-226x300.jpg 226w, https:\/\/transform-1990-2020.ffzg.unizg.hr\/wp-content\/uploads\/2024\/09\/Helsinki_5-1-771x1024.jpg 771w, https:\/\/transform-1990-2020.ffzg.unizg.hr\/wp-content\/uploads\/2024\/09\/Helsinki_5-1-768x1020.jpg 768w, https:\/\/transform-1990-2020.ffzg.unizg.hr\/wp-content\/uploads\/2024\/09\/Helsinki_5-1-1157x1536.jpg 1157w, https:\/\/transform-1990-2020.ffzg.unizg.hr\/wp-content\/uploads\/2024\/09\/Helsinki_5-1-1542x2048.jpg 1542w, https:\/\/transform-1990-2020.ffzg.unizg.hr\/wp-content\/uploads\/2024\/09\/Helsinki_5-1-676x898.jpg 676w, https:\/\/transform-1990-2020.ffzg.unizg.hr\/wp-content\/uploads\/2024\/09\/Helsinki_5-1-600x797.jpg 600w, https:\/\/transform-1990-2020.ffzg.unizg.hr\/wp-content\/uploads\/2024\/09\/Helsinki_5-1-scaled.jpg 1928w\" sizes=\"auto, (max-width: 226px) 100vw, 226px\" \/><\/a>\n\t\t\t<\/dt><\/dl><dl class='gallery-item'>\n\t\t\t<dt class='gallery-icon portrait'>\n\t\t\t\t<a href='https:\/\/transform-1990-2020.ffzg.unizg.hr\/wp-content\/uploads\/2024\/09\/Helsinki_4-1-scaled.jpg'><img loading=\"lazy\" decoding=\"async\" width=\"226\" height=\"300\" src=\"https:\/\/transform-1990-2020.ffzg.unizg.hr\/wp-content\/uploads\/2024\/09\/Helsinki_4-1-226x300.jpg\" class=\"attachment-medium size-medium\" alt=\"\" srcset=\"https:\/\/transform-1990-2020.ffzg.unizg.hr\/wp-content\/uploads\/2024\/09\/Helsinki_4-1-226x300.jpg 226w, https:\/\/transform-1990-2020.ffzg.unizg.hr\/wp-content\/uploads\/2024\/09\/Helsinki_4-1-771x1024.jpg 771w, https:\/\/transform-1990-2020.ffzg.unizg.hr\/wp-content\/uploads\/2024\/09\/Helsinki_4-1-768x1020.jpg 768w, https:\/\/transform-1990-2020.ffzg.unizg.hr\/wp-content\/uploads\/2024\/09\/Helsinki_4-1-1157x1536.jpg 1157w, https:\/\/transform-1990-2020.ffzg.unizg.hr\/wp-content\/uploads\/2024\/09\/Helsinki_4-1-1542x2048.jpg 1542w, https:\/\/transform-1990-2020.ffzg.unizg.hr\/wp-content\/uploads\/2024\/09\/Helsinki_4-1-676x898.jpg 676w, https:\/\/transform-1990-2020.ffzg.unizg.hr\/wp-content\/uploads\/2024\/09\/Helsinki_4-1-600x797.jpg 600w, https:\/\/transform-1990-2020.ffzg.unizg.hr\/wp-content\/uploads\/2024\/09\/Helsinki_4-1-scaled.jpg 1928w\" sizes=\"auto, (max-width: 226px) 100vw, 226px\" \/><\/a>\n\t\t\t<\/dt><\/dl><br style=\"clear: both\" \/>\n\t\t<\/div>\n\n","protected":false},"excerpt":{"rendered":"<p>In the period from September 9 to 14, the project team members, prof. Ph.D. \u017diva Ben\u010di\u0107-Primc and associate professor Ph.D. Ivana Peru\u0161ko spent a research trip in Tallinn (Estonia) and [&hellip;]<\/p>\n","protected":false},"author":2,"featured_media":0,"parent":0,"menu_order":0,"comment_status":"closed","ping_status":"closed","template":"","meta":{"footnotes":""},"class_list":["post-1705","page","type-page","status-publish","hentry","post-preview"],"_links":{"self":[{"href":"https:\/\/transform-1990-2020.ffzg.unizg.hr\/index.php?rest_route=\/wp\/v2\/pages\/1705","targetHints":{"allow":["GET"]}}],"collection":[{"href":"https:\/\/transform-1990-2020.ffzg.unizg.hr\/index.php?rest_route=\/wp\/v2\/pages"}],"about":[{"href":"https:\/\/transform-1990-2020.ffzg.unizg.hr\/index.php?rest_route=\/wp\/v2\/types\/page"}],"author":[{"embeddable":true,"href":"https:\/\/transform-1990-2020.ffzg.unizg.hr\/index.php?rest_route=\/wp\/v2\/users\/2"}],"replies":[{"embeddable":true,"href":"https:\/\/transform-1990-2020.ffzg.unizg.hr\/index.php?rest_route=%2Fwp%2Fv2%2Fcomments&post=1705"}],"version-history":[{"count":1,"href":"https:\/\/transform-1990-2020.ffzg.unizg.hr\/index.php?rest_route=\/wp\/v2\/pages\/1705\/revisions"}],"predecessor-version":[{"id":1715,"href":"https:\/\/transform-1990-2020.ffzg.unizg.hr\/index.php?rest_route=\/wp\/v2\/pages\/1705\/revisions\/1715"}],"wp:attachment":[{"href":"https:\/\/transform-1990-2020.ffzg.unizg.hr\/index.php?rest_route=%2Fwp%2Fv2%2Fmedia&parent=1705"}],"curies":[{"name":"wp","href":"https:\/\/api.w.org\/{rel}","templated":true}]}}