{"id":1683,"date":"2024-09-09T11:40:49","date_gmt":"2024-09-09T10:40:49","guid":{"rendered":"https:\/\/transform-1990-2020.ffzg.unizg.hr\/?page_id=1683"},"modified":"2024-09-09T11:40:49","modified_gmt":"2024-09-09T10:40:49","slug":"review-of-venus-khoury-ghats-novel-marina-tsvetaeva-to-die-in-yelabuga","status":"publish","type":"page","link":"https:\/\/transform-1990-2020.ffzg.unizg.hr\/?page_id=1683&lang=en","title":{"rendered":"Review of V\u00e9nus Khoury-Ghat&#8217;s novel &#8220;Marina Tsvetaeva, to Die in Yelabuga&#8221;"},"content":{"rendered":"<p>Project team leader, prof. Ph.D. Jasmina Vojvodi\u0107, wrote a review of the novel <em>Marina Tsvetaeva, to Die in Yelabuga<\/em> (<em>Marina Tsv\u00e9ta\u00ef\u00e9va, mourir \u00e0 Elabouga<\/em>) by French-Lebanese writer V\u00e9nus Khoury-Ghat. The review was published on the portal <em>Kritika h, d, p<\/em> and is available at the <a href=\"https:\/\/kritika-hdp.hr\/smrt-kao-zadnja-rijec-stvaranja\/\">link<\/a>.<\/p>\n","protected":false},"excerpt":{"rendered":"<p>Project team leader, prof. Ph.D. Jasmina Vojvodi\u0107, wrote a review of the novel Marina Tsvetaeva, to Die in Yelabuga (Marina Tsv\u00e9ta\u00ef\u00e9va, mourir \u00e0 Elabouga) by French-Lebanese writer V\u00e9nus Khoury-Ghat. The [&hellip;]<\/p>\n","protected":false},"author":2,"featured_media":0,"parent":0,"menu_order":0,"comment_status":"closed","ping_status":"closed","template":"","meta":{"footnotes":""},"class_list":["post-1683","page","type-page","status-publish","hentry","post-preview"],"_links":{"self":[{"href":"https:\/\/transform-1990-2020.ffzg.unizg.hr\/index.php?rest_route=\/wp\/v2\/pages\/1683","targetHints":{"allow":["GET"]}}],"collection":[{"href":"https:\/\/transform-1990-2020.ffzg.unizg.hr\/index.php?rest_route=\/wp\/v2\/pages"}],"about":[{"href":"https:\/\/transform-1990-2020.ffzg.unizg.hr\/index.php?rest_route=\/wp\/v2\/types\/page"}],"author":[{"embeddable":true,"href":"https:\/\/transform-1990-2020.ffzg.unizg.hr\/index.php?rest_route=\/wp\/v2\/users\/2"}],"replies":[{"embeddable":true,"href":"https:\/\/transform-1990-2020.ffzg.unizg.hr\/index.php?rest_route=%2Fwp%2Fv2%2Fcomments&post=1683"}],"version-history":[{"count":1,"href":"https:\/\/transform-1990-2020.ffzg.unizg.hr\/index.php?rest_route=\/wp\/v2\/pages\/1683\/revisions"}],"predecessor-version":[{"id":1684,"href":"https:\/\/transform-1990-2020.ffzg.unizg.hr\/index.php?rest_route=\/wp\/v2\/pages\/1683\/revisions\/1684"}],"wp:attachment":[{"href":"https:\/\/transform-1990-2020.ffzg.unizg.hr\/index.php?rest_route=%2Fwp%2Fv2%2Fmedia&parent=1683"}],"curies":[{"name":"wp","href":"https:\/\/api.w.org\/{rel}","templated":true}]}}