{"id":1681,"date":"2024-09-09T11:39:21","date_gmt":"2024-09-09T10:39:21","guid":{"rendered":"https:\/\/transform-1990-2020.ffzg.unizg.hr\/?page_id=1681"},"modified":"2024-09-09T11:39:21","modified_gmt":"2024-09-09T10:39:21","slug":"prikaz-romana-venus-khoury-ghata-marina-cvjetajeva-umrijeti-u-jelabugi","status":"publish","type":"page","link":"https:\/\/transform-1990-2020.ffzg.unizg.hr\/?page_id=1681","title":{"rendered":"Prikaz romana V\u00e9nus Khoury-Ghata \u201cMarina Cvjetajeva, umrijeti u Jelabugi\u201d"},"content":{"rendered":"<p>Voditeljica projekta, prof. dr. sc. Jasmina Vojvodi\u0107, napisala je prikaz romana <em>Marina Cvjetajeva, umrijeti u Jelabugi<\/em> (<em>Marina Tsv\u00e9ta\u00ef\u00e9va, mourir \u00e0 Elabouga<\/em>) francusko-libanonske knji\u017eevnice V\u00e9nus Khoury-Ghata. Prikaz je objavljen na portal <em>Kritika h, d, p<\/em> i dostupan je na <a href=\"https:\/\/kritika-hdp.hr\/smrt-kao-zadnja-rijec-stvaranja\/\">poveznici<\/a>.<\/p>\n","protected":false},"excerpt":{"rendered":"<p>Voditeljica projekta, prof. dr. sc. Jasmina Vojvodi\u0107, napisala je prikaz romana Marina Cvjetajeva, umrijeti u Jelabugi (Marina Tsv\u00e9ta\u00ef\u00e9va, mourir \u00e0 Elabouga) francusko-libanonske knji\u017eevnice V\u00e9nus Khoury-Ghata. Prikaz je objavljen na portal [&hellip;]<\/p>\n","protected":false},"author":2,"featured_media":0,"parent":0,"menu_order":0,"comment_status":"closed","ping_status":"closed","template":"","meta":{"footnotes":""},"class_list":["post-1681","page","type-page","status-publish","hentry","post-preview"],"_links":{"self":[{"href":"https:\/\/transform-1990-2020.ffzg.unizg.hr\/index.php?rest_route=\/wp\/v2\/pages\/1681","targetHints":{"allow":["GET"]}}],"collection":[{"href":"https:\/\/transform-1990-2020.ffzg.unizg.hr\/index.php?rest_route=\/wp\/v2\/pages"}],"about":[{"href":"https:\/\/transform-1990-2020.ffzg.unizg.hr\/index.php?rest_route=\/wp\/v2\/types\/page"}],"author":[{"embeddable":true,"href":"https:\/\/transform-1990-2020.ffzg.unizg.hr\/index.php?rest_route=\/wp\/v2\/users\/2"}],"replies":[{"embeddable":true,"href":"https:\/\/transform-1990-2020.ffzg.unizg.hr\/index.php?rest_route=%2Fwp%2Fv2%2Fcomments&post=1681"}],"version-history":[{"count":1,"href":"https:\/\/transform-1990-2020.ffzg.unizg.hr\/index.php?rest_route=\/wp\/v2\/pages\/1681\/revisions"}],"predecessor-version":[{"id":1682,"href":"https:\/\/transform-1990-2020.ffzg.unizg.hr\/index.php?rest_route=\/wp\/v2\/pages\/1681\/revisions\/1682"}],"wp:attachment":[{"href":"https:\/\/transform-1990-2020.ffzg.unizg.hr\/index.php?rest_route=%2Fwp%2Fv2%2Fmedia&parent=1681"}],"curies":[{"name":"wp","href":"https:\/\/api.w.org\/{rel}","templated":true}]}}