{"id":1616,"date":"2024-06-07T10:13:27","date_gmt":"2024-06-07T09:13:27","guid":{"rendered":"https:\/\/transform-1990-2020.ffzg.unizg.hr\/?page_id=1616"},"modified":"2024-06-08T12:07:47","modified_gmt":"2024-06-08T11:07:47","slug":"hrvatski-nacionalni-dan-valorizacije-znanja-na-filozofskom-fakultetu","status":"publish","type":"page","link":"https:\/\/transform-1990-2020.ffzg.unizg.hr\/?page_id=1616","title":{"rendered":"Hrvatski nacionalni dan valorizacije znanja na Filozofskom fakultetu"},"content":{"rendered":"<p>5. lipnja 2024. godine na Filozofskom je fakultetu povodom Hrvatskog nacionalnog dana valorizacije znanja odr\u017eano predstavljanje projekata Fakulteta financiranih sredstvima Hrvatske zaklade za znanost te inovacija s me\u0111unarodnih sajmova inovacija ARCA. Predstavljeno je trinaest Zakladinih projekata, me\u0111u kojima je i istra\u017eiva\u010dki projekt <em>Ruske knji\u017eevne transformacije od 1990. do 2020.<\/em>, o kojem je govorila voditeljica projekta red. prof. dr. sc. Jasmina Vojvodi\u0107.<\/p>\n\n\t\t<style type=\"text\/css\">\n\t\t\t#gallery-1 {\n\t\t\t\tmargin: auto;\n\t\t\t}\n\t\t\t#gallery-1 .gallery-item {\n\t\t\t\tfloat: left;\n\t\t\t\tmargin-top: 10px;\n\t\t\t\ttext-align: center;\n\t\t\t\twidth: 100%;\n\t\t\t}\n\t\t\t#gallery-1 img {\n\t\t\t\tborder: 2px solid #cfcfcf;\n\t\t\t}\n\t\t\t#gallery-1 .gallery-caption {\n\t\t\t\tmargin-left: 0;\n\t\t\t}\n\t\t\t\/* see gallery_shortcode() in wp-includes\/media.php *\/\n\t\t<\/style>\n\t\t<div id='gallery-1' class='gallery galleryid-1616 gallery-columns-1 gallery-size-large'><dl class='gallery-item'>\n\t\t\t<dt class='gallery-icon landscape'>\n\t\t\t\t<a href='https:\/\/transform-1990-2020.ffzg.unizg.hr\/wp-content\/uploads\/2024\/06\/Foto_2.jpg'><img loading=\"lazy\" decoding=\"async\" width=\"676\" height=\"507\" src=\"https:\/\/transform-1990-2020.ffzg.unizg.hr\/wp-content\/uploads\/2024\/06\/Foto_2-1024x768.jpg\" class=\"attachment-large size-large\" alt=\"\" srcset=\"https:\/\/transform-1990-2020.ffzg.unizg.hr\/wp-content\/uploads\/2024\/06\/Foto_2-1024x768.jpg 1024w, https:\/\/transform-1990-2020.ffzg.unizg.hr\/wp-content\/uploads\/2024\/06\/Foto_2-300x225.jpg 300w, https:\/\/transform-1990-2020.ffzg.unizg.hr\/wp-content\/uploads\/2024\/06\/Foto_2-768x576.jpg 768w, https:\/\/transform-1990-2020.ffzg.unizg.hr\/wp-content\/uploads\/2024\/06\/Foto_2-1536x1152.jpg 1536w, https:\/\/transform-1990-2020.ffzg.unizg.hr\/wp-content\/uploads\/2024\/06\/Foto_2-676x507.jpg 676w, https:\/\/transform-1990-2020.ffzg.unizg.hr\/wp-content\/uploads\/2024\/06\/Foto_2-600x450.jpg 600w, https:\/\/transform-1990-2020.ffzg.unizg.hr\/wp-content\/uploads\/2024\/06\/Foto_2.jpg 1600w\" sizes=\"auto, (max-width: 676px) 100vw, 676px\" \/><\/a>\n\t\t\t<\/dt><\/dl><br style=\"clear: both\" \/><dl class='gallery-item'>\n\t\t\t<dt class='gallery-icon landscape'>\n\t\t\t\t<a href='https:\/\/transform-1990-2020.ffzg.unizg.hr\/wp-content\/uploads\/2024\/06\/8Z0A1923-scaled.jpg'><img loading=\"lazy\" decoding=\"async\" width=\"676\" height=\"451\" src=\"https:\/\/transform-1990-2020.ffzg.unizg.hr\/wp-content\/uploads\/2024\/06\/8Z0A1923-1024x683.jpg\" class=\"attachment-large size-large\" alt=\"\" srcset=\"https:\/\/transform-1990-2020.ffzg.unizg.hr\/wp-content\/uploads\/2024\/06\/8Z0A1923-1024x683.jpg 1024w, https:\/\/transform-1990-2020.ffzg.unizg.hr\/wp-content\/uploads\/2024\/06\/8Z0A1923-300x200.jpg 300w, https:\/\/transform-1990-2020.ffzg.unizg.hr\/wp-content\/uploads\/2024\/06\/8Z0A1923-768x512.jpg 768w, https:\/\/transform-1990-2020.ffzg.unizg.hr\/wp-content\/uploads\/2024\/06\/8Z0A1923-1536x1024.jpg 1536w, https:\/\/transform-1990-2020.ffzg.unizg.hr\/wp-content\/uploads\/2024\/06\/8Z0A1923-2048x1365.jpg 2048w, https:\/\/transform-1990-2020.ffzg.unizg.hr\/wp-content\/uploads\/2024\/06\/8Z0A1923-676x451.jpg 676w, https:\/\/transform-1990-2020.ffzg.unizg.hr\/wp-content\/uploads\/2024\/06\/8Z0A1923-600x400.jpg 600w\" sizes=\"auto, (max-width: 676px) 100vw, 676px\" \/><\/a>\n\t\t\t<\/dt><\/dl><br style=\"clear: both\" \/><dl class='gallery-item'>\n\t\t\t<dt class='gallery-icon portrait'>\n\t\t\t\t<a href='https:\/\/transform-1990-2020.ffzg.unizg.hr\/wp-content\/uploads\/2024\/06\/Foto_1.jpg'><img loading=\"lazy\" decoding=\"async\" width=\"676\" height=\"901\" src=\"https:\/\/transform-1990-2020.ffzg.unizg.hr\/wp-content\/uploads\/2024\/06\/Foto_1-768x1024.jpg\" class=\"attachment-large size-large\" alt=\"\" srcset=\"https:\/\/transform-1990-2020.ffzg.unizg.hr\/wp-content\/uploads\/2024\/06\/Foto_1-768x1024.jpg 768w, https:\/\/transform-1990-2020.ffzg.unizg.hr\/wp-content\/uploads\/2024\/06\/Foto_1-225x300.jpg 225w, https:\/\/transform-1990-2020.ffzg.unizg.hr\/wp-content\/uploads\/2024\/06\/Foto_1-1152x1536.jpg 1152w, https:\/\/transform-1990-2020.ffzg.unizg.hr\/wp-content\/uploads\/2024\/06\/Foto_1-676x901.jpg 676w, https:\/\/transform-1990-2020.ffzg.unizg.hr\/wp-content\/uploads\/2024\/06\/Foto_1-600x800.jpg 600w, https:\/\/transform-1990-2020.ffzg.unizg.hr\/wp-content\/uploads\/2024\/06\/Foto_1.jpg 1200w\" sizes=\"auto, (max-width: 676px) 100vw, 676px\" \/><\/a>\n\t\t\t<\/dt><\/dl><br style=\"clear: both\" \/><dl class='gallery-item'>\n\t\t\t<dt class='gallery-icon landscape'>\n\t\t\t\t<a href='https:\/\/transform-1990-2020.ffzg.unizg.hr\/wp-content\/uploads\/2024\/06\/8Z0A1878-scaled.jpg'><img loading=\"lazy\" decoding=\"async\" width=\"676\" height=\"451\" src=\"https:\/\/transform-1990-2020.ffzg.unizg.hr\/wp-content\/uploads\/2024\/06\/8Z0A1878-1024x683.jpg\" class=\"attachment-large size-large\" alt=\"\" srcset=\"https:\/\/transform-1990-2020.ffzg.unizg.hr\/wp-content\/uploads\/2024\/06\/8Z0A1878-1024x683.jpg 1024w, https:\/\/transform-1990-2020.ffzg.unizg.hr\/wp-content\/uploads\/2024\/06\/8Z0A1878-300x200.jpg 300w, https:\/\/transform-1990-2020.ffzg.unizg.hr\/wp-content\/uploads\/2024\/06\/8Z0A1878-768x512.jpg 768w, https:\/\/transform-1990-2020.ffzg.unizg.hr\/wp-content\/uploads\/2024\/06\/8Z0A1878-1536x1024.jpg 1536w, https:\/\/transform-1990-2020.ffzg.unizg.hr\/wp-content\/uploads\/2024\/06\/8Z0A1878-2048x1365.jpg 2048w, https:\/\/transform-1990-2020.ffzg.unizg.hr\/wp-content\/uploads\/2024\/06\/8Z0A1878-676x451.jpg 676w, https:\/\/transform-1990-2020.ffzg.unizg.hr\/wp-content\/uploads\/2024\/06\/8Z0A1878-600x400.jpg 600w\" sizes=\"auto, (max-width: 676px) 100vw, 676px\" \/><\/a>\n\t\t\t<\/dt><\/dl><br style=\"clear: both\" \/><dl class='gallery-item'>\n\t\t\t<dt class='gallery-icon landscape'>\n\t\t\t\t<a href='https:\/\/transform-1990-2020.ffzg.unizg.hr\/wp-content\/uploads\/2024\/06\/8Z0A1877-scaled.jpg'><img loading=\"lazy\" decoding=\"async\" width=\"676\" height=\"451\" src=\"https:\/\/transform-1990-2020.ffzg.unizg.hr\/wp-content\/uploads\/2024\/06\/8Z0A1877-1024x683.jpg\" class=\"attachment-large size-large\" alt=\"\" srcset=\"https:\/\/transform-1990-2020.ffzg.unizg.hr\/wp-content\/uploads\/2024\/06\/8Z0A1877-1024x683.jpg 1024w, https:\/\/transform-1990-2020.ffzg.unizg.hr\/wp-content\/uploads\/2024\/06\/8Z0A1877-300x200.jpg 300w, https:\/\/transform-1990-2020.ffzg.unizg.hr\/wp-content\/uploads\/2024\/06\/8Z0A1877-768x512.jpg 768w, https:\/\/transform-1990-2020.ffzg.unizg.hr\/wp-content\/uploads\/2024\/06\/8Z0A1877-1536x1024.jpg 1536w, https:\/\/transform-1990-2020.ffzg.unizg.hr\/wp-content\/uploads\/2024\/06\/8Z0A1877-2048x1365.jpg 2048w, https:\/\/transform-1990-2020.ffzg.unizg.hr\/wp-content\/uploads\/2024\/06\/8Z0A1877-676x451.jpg 676w, https:\/\/transform-1990-2020.ffzg.unizg.hr\/wp-content\/uploads\/2024\/06\/8Z0A1877-600x400.jpg 600w\" sizes=\"auto, (max-width: 676px) 100vw, 676px\" \/><\/a>\n\t\t\t<\/dt><\/dl><br style=\"clear: both\" \/><dl class='gallery-item'>\n\t\t\t<dt class='gallery-icon landscape'>\n\t\t\t\t<a href='https:\/\/transform-1990-2020.ffzg.unizg.hr\/wp-content\/uploads\/2024\/06\/8Z0A1927-scaled.jpg'><img loading=\"lazy\" decoding=\"async\" width=\"676\" height=\"451\" src=\"https:\/\/transform-1990-2020.ffzg.unizg.hr\/wp-content\/uploads\/2024\/06\/8Z0A1927-1024x683.jpg\" class=\"attachment-large size-large\" alt=\"\" srcset=\"https:\/\/transform-1990-2020.ffzg.unizg.hr\/wp-content\/uploads\/2024\/06\/8Z0A1927-1024x683.jpg 1024w, https:\/\/transform-1990-2020.ffzg.unizg.hr\/wp-content\/uploads\/2024\/06\/8Z0A1927-300x200.jpg 300w, https:\/\/transform-1990-2020.ffzg.unizg.hr\/wp-content\/uploads\/2024\/06\/8Z0A1927-768x512.jpg 768w, https:\/\/transform-1990-2020.ffzg.unizg.hr\/wp-content\/uploads\/2024\/06\/8Z0A1927-1536x1024.jpg 1536w, https:\/\/transform-1990-2020.ffzg.unizg.hr\/wp-content\/uploads\/2024\/06\/8Z0A1927-2048x1365.jpg 2048w, https:\/\/transform-1990-2020.ffzg.unizg.hr\/wp-content\/uploads\/2024\/06\/8Z0A1927-676x451.jpg 676w, https:\/\/transform-1990-2020.ffzg.unizg.hr\/wp-content\/uploads\/2024\/06\/8Z0A1927-600x400.jpg 600w\" sizes=\"auto, (max-width: 676px) 100vw, 676px\" \/><\/a>\n\t\t\t<\/dt><\/dl><br style=\"clear: both\" \/><dl class='gallery-item'>\n\t\t\t<dt class='gallery-icon landscape'>\n\t\t\t\t<a href='https:\/\/transform-1990-2020.ffzg.unizg.hr\/wp-content\/uploads\/2024\/06\/Screenshot-173.png'><img loading=\"lazy\" decoding=\"async\" width=\"676\" height=\"380\" src=\"https:\/\/transform-1990-2020.ffzg.unizg.hr\/wp-content\/uploads\/2024\/06\/Screenshot-173-1024x576.png\" class=\"attachment-large size-large\" alt=\"\" srcset=\"https:\/\/transform-1990-2020.ffzg.unizg.hr\/wp-content\/uploads\/2024\/06\/Screenshot-173-1024x576.png 1024w, https:\/\/transform-1990-2020.ffzg.unizg.hr\/wp-content\/uploads\/2024\/06\/Screenshot-173-300x169.png 300w, https:\/\/transform-1990-2020.ffzg.unizg.hr\/wp-content\/uploads\/2024\/06\/Screenshot-173-768x432.png 768w, https:\/\/transform-1990-2020.ffzg.unizg.hr\/wp-content\/uploads\/2024\/06\/Screenshot-173-1536x864.png 1536w, https:\/\/transform-1990-2020.ffzg.unizg.hr\/wp-content\/uploads\/2024\/06\/Screenshot-173-676x380.png 676w, https:\/\/transform-1990-2020.ffzg.unizg.hr\/wp-content\/uploads\/2024\/06\/Screenshot-173-600x338.png 600w, https:\/\/transform-1990-2020.ffzg.unizg.hr\/wp-content\/uploads\/2024\/06\/Screenshot-173.png 1920w\" sizes=\"auto, (max-width: 676px) 100vw, 676px\" \/><\/a>\n\t\t\t<\/dt><\/dl><br style=\"clear: both\" \/>\n\t\t<\/div>\n\n<p>&nbsp;<\/p>\n","protected":false},"excerpt":{"rendered":"<p>5. lipnja 2024. godine na Filozofskom je fakultetu povodom Hrvatskog nacionalnog dana valorizacije znanja odr\u017eano predstavljanje projekata Fakulteta financiranih sredstvima Hrvatske zaklade za znanost te inovacija s me\u0111unarodnih sajmova inovacija [&hellip;]<\/p>\n","protected":false},"author":2,"featured_media":0,"parent":0,"menu_order":0,"comment_status":"closed","ping_status":"closed","template":"","meta":{"footnotes":""},"class_list":["post-1616","page","type-page","status-publish","hentry","post-preview"],"_links":{"self":[{"href":"https:\/\/transform-1990-2020.ffzg.unizg.hr\/index.php?rest_route=\/wp\/v2\/pages\/1616","targetHints":{"allow":["GET"]}}],"collection":[{"href":"https:\/\/transform-1990-2020.ffzg.unizg.hr\/index.php?rest_route=\/wp\/v2\/pages"}],"about":[{"href":"https:\/\/transform-1990-2020.ffzg.unizg.hr\/index.php?rest_route=\/wp\/v2\/types\/page"}],"author":[{"embeddable":true,"href":"https:\/\/transform-1990-2020.ffzg.unizg.hr\/index.php?rest_route=\/wp\/v2\/users\/2"}],"replies":[{"embeddable":true,"href":"https:\/\/transform-1990-2020.ffzg.unizg.hr\/index.php?rest_route=%2Fwp%2Fv2%2Fcomments&post=1616"}],"version-history":[{"count":9,"href":"https:\/\/transform-1990-2020.ffzg.unizg.hr\/index.php?rest_route=\/wp\/v2\/pages\/1616\/revisions"}],"predecessor-version":[{"id":1644,"href":"https:\/\/transform-1990-2020.ffzg.unizg.hr\/index.php?rest_route=\/wp\/v2\/pages\/1616\/revisions\/1644"}],"wp:attachment":[{"href":"https:\/\/transform-1990-2020.ffzg.unizg.hr\/index.php?rest_route=%2Fwp%2Fv2%2Fmedia&parent=1616"}],"curies":[{"name":"wp","href":"https:\/\/api.w.org\/{rel}","templated":true}]}}