{"id":1470,"date":"2024-03-01T17:34:42","date_gmt":"2024-03-01T16:34:42","guid":{"rendered":"https:\/\/transform-1990-2020.ffzg.unizg.hr\/?page_id=1470"},"modified":"2024-03-01T17:34:42","modified_gmt":"2024-03-01T16:34:42","slug":"gostujuce-predavanje-na-zimskoj-skoli-u-kazahstanu","status":"publish","type":"page","link":"https:\/\/transform-1990-2020.ffzg.unizg.hr\/?page_id=1470","title":{"rendered":"Gostuju\u0107e predavanje na zimskoj \u0161koli u Kazahstanu"},"content":{"rendered":"<p>26. velja\u010de 2024. godine voditeljica projekta, prof. dr. sc. Jasmina Vojvodi\u0107, odr\u017eala je gostuju\u0107e online predavanje na Me\u0111unarodnoj Zimskoj \u0161koli \u201eSvjetski i nacionalni trendovi u istra\u017eivanju i podu\u010davanju u filologiji-3\u201c Ju\u017eno-kazahstanskog sveu\u010dili\u0161ta M. Auezova. Profesorica je govorila o makro- i mikropovijesti i transformacijama povijesnog diskursa na primjeru romana Avijati\u010dar Evgenija Vodolazkina.<\/p>\n<p>&nbsp;<\/p>\n\n\t\t<style type=\"text\/css\">\n\t\t\t#gallery-1 {\n\t\t\t\tmargin: auto;\n\t\t\t}\n\t\t\t#gallery-1 .gallery-item {\n\t\t\t\tfloat: left;\n\t\t\t\tmargin-top: 10px;\n\t\t\t\ttext-align: center;\n\t\t\t\twidth: 50%;\n\t\t\t}\n\t\t\t#gallery-1 img {\n\t\t\t\tborder: 2px solid #cfcfcf;\n\t\t\t}\n\t\t\t#gallery-1 .gallery-caption {\n\t\t\t\tmargin-left: 0;\n\t\t\t}\n\t\t\t\/* see gallery_shortcode() in wp-includes\/media.php *\/\n\t\t<\/style>\n\t\t<div id='gallery-1' class='gallery galleryid-1470 gallery-columns-2 gallery-size-medium'><dl class='gallery-item'>\n\t\t\t<dt class='gallery-icon landscape'>\n\t\t\t\t<a href='https:\/\/transform-1990-2020.ffzg.unizg.hr\/wp-content\/uploads\/2024\/03\/Snimka-zaslona-2024-02-19-094306.png'><img loading=\"lazy\" decoding=\"async\" width=\"300\" height=\"200\" src=\"https:\/\/transform-1990-2020.ffzg.unizg.hr\/wp-content\/uploads\/2024\/03\/Snimka-zaslona-2024-02-19-094306-300x200.png\" class=\"attachment-medium size-medium\" alt=\"\" srcset=\"https:\/\/transform-1990-2020.ffzg.unizg.hr\/wp-content\/uploads\/2024\/03\/Snimka-zaslona-2024-02-19-094306-300x200.png 300w, https:\/\/transform-1990-2020.ffzg.unizg.hr\/wp-content\/uploads\/2024\/03\/Snimka-zaslona-2024-02-19-094306-1024x683.png 1024w, https:\/\/transform-1990-2020.ffzg.unizg.hr\/wp-content\/uploads\/2024\/03\/Snimka-zaslona-2024-02-19-094306-768x512.png 768w, https:\/\/transform-1990-2020.ffzg.unizg.hr\/wp-content\/uploads\/2024\/03\/Snimka-zaslona-2024-02-19-094306-676x451.png 676w, https:\/\/transform-1990-2020.ffzg.unizg.hr\/wp-content\/uploads\/2024\/03\/Snimka-zaslona-2024-02-19-094306-600x400.png 600w, https:\/\/transform-1990-2020.ffzg.unizg.hr\/wp-content\/uploads\/2024\/03\/Snimka-zaslona-2024-02-19-094306.png 1218w\" sizes=\"auto, (max-width: 300px) 100vw, 300px\" \/><\/a>\n\t\t\t<\/dt><\/dl><dl class='gallery-item'>\n\t\t\t<dt class='gallery-icon landscape'>\n\t\t\t\t<a href='https:\/\/transform-1990-2020.ffzg.unizg.hr\/wp-content\/uploads\/2024\/03\/Screenshot-148.png'><img loading=\"lazy\" decoding=\"async\" width=\"300\" height=\"169\" src=\"https:\/\/transform-1990-2020.ffzg.unizg.hr\/wp-content\/uploads\/2024\/03\/Screenshot-148-300x169.png\" class=\"attachment-medium size-medium\" alt=\"\" srcset=\"https:\/\/transform-1990-2020.ffzg.unizg.hr\/wp-content\/uploads\/2024\/03\/Screenshot-148-300x169.png 300w, https:\/\/transform-1990-2020.ffzg.unizg.hr\/wp-content\/uploads\/2024\/03\/Screenshot-148-1024x576.png 1024w, https:\/\/transform-1990-2020.ffzg.unizg.hr\/wp-content\/uploads\/2024\/03\/Screenshot-148-768x432.png 768w, https:\/\/transform-1990-2020.ffzg.unizg.hr\/wp-content\/uploads\/2024\/03\/Screenshot-148-1536x864.png 1536w, https:\/\/transform-1990-2020.ffzg.unizg.hr\/wp-content\/uploads\/2024\/03\/Screenshot-148-676x380.png 676w, https:\/\/transform-1990-2020.ffzg.unizg.hr\/wp-content\/uploads\/2024\/03\/Screenshot-148-600x338.png 600w, https:\/\/transform-1990-2020.ffzg.unizg.hr\/wp-content\/uploads\/2024\/03\/Screenshot-148.png 1920w\" sizes=\"auto, (max-width: 300px) 100vw, 300px\" \/><\/a>\n\t\t\t<\/dt><\/dl><br style=\"clear: both\" \/><dl class='gallery-item'>\n\t\t\t<dt class='gallery-icon landscape'>\n\t\t\t\t<a href='https:\/\/transform-1990-2020.ffzg.unizg.hr\/wp-content\/uploads\/2024\/03\/Snimka-zaslona-2024-02-19-103632.png'><img loading=\"lazy\" decoding=\"async\" width=\"300\" height=\"161\" src=\"https:\/\/transform-1990-2020.ffzg.unizg.hr\/wp-content\/uploads\/2024\/03\/Snimka-zaslona-2024-02-19-103632-300x161.png\" class=\"attachment-medium size-medium\" alt=\"\" srcset=\"https:\/\/transform-1990-2020.ffzg.unizg.hr\/wp-content\/uploads\/2024\/03\/Snimka-zaslona-2024-02-19-103632-300x161.png 300w, https:\/\/transform-1990-2020.ffzg.unizg.hr\/wp-content\/uploads\/2024\/03\/Snimka-zaslona-2024-02-19-103632-1024x551.png 1024w, https:\/\/transform-1990-2020.ffzg.unizg.hr\/wp-content\/uploads\/2024\/03\/Snimka-zaslona-2024-02-19-103632-768x413.png 768w, https:\/\/transform-1990-2020.ffzg.unizg.hr\/wp-content\/uploads\/2024\/03\/Snimka-zaslona-2024-02-19-103632-1536x826.png 1536w, https:\/\/transform-1990-2020.ffzg.unizg.hr\/wp-content\/uploads\/2024\/03\/Snimka-zaslona-2024-02-19-103632-676x364.png 676w, https:\/\/transform-1990-2020.ffzg.unizg.hr\/wp-content\/uploads\/2024\/03\/Snimka-zaslona-2024-02-19-103632-600x323.png 600w, https:\/\/transform-1990-2020.ffzg.unizg.hr\/wp-content\/uploads\/2024\/03\/Snimka-zaslona-2024-02-19-103632.png 1920w\" sizes=\"auto, (max-width: 300px) 100vw, 300px\" \/><\/a>\n\t\t\t<\/dt><\/dl><dl class='gallery-item'>\n\t\t\t<dt class='gallery-icon landscape'>\n\t\t\t\t<a href='https:\/\/transform-1990-2020.ffzg.unizg.hr\/wp-content\/uploads\/2024\/03\/Snimka-zaslona-2024-02-19-100041.png'><img loading=\"lazy\" decoding=\"async\" width=\"300\" height=\"161\" src=\"https:\/\/transform-1990-2020.ffzg.unizg.hr\/wp-content\/uploads\/2024\/03\/Snimka-zaslona-2024-02-19-100041-300x161.png\" class=\"attachment-medium size-medium\" alt=\"\" srcset=\"https:\/\/transform-1990-2020.ffzg.unizg.hr\/wp-content\/uploads\/2024\/03\/Snimka-zaslona-2024-02-19-100041-300x161.png 300w, https:\/\/transform-1990-2020.ffzg.unizg.hr\/wp-content\/uploads\/2024\/03\/Snimka-zaslona-2024-02-19-100041-1024x551.png 1024w, https:\/\/transform-1990-2020.ffzg.unizg.hr\/wp-content\/uploads\/2024\/03\/Snimka-zaslona-2024-02-19-100041-768x413.png 768w, https:\/\/transform-1990-2020.ffzg.unizg.hr\/wp-content\/uploads\/2024\/03\/Snimka-zaslona-2024-02-19-100041-1536x826.png 1536w, https:\/\/transform-1990-2020.ffzg.unizg.hr\/wp-content\/uploads\/2024\/03\/Snimka-zaslona-2024-02-19-100041-676x364.png 676w, https:\/\/transform-1990-2020.ffzg.unizg.hr\/wp-content\/uploads\/2024\/03\/Snimka-zaslona-2024-02-19-100041-600x323.png 600w, https:\/\/transform-1990-2020.ffzg.unizg.hr\/wp-content\/uploads\/2024\/03\/Snimka-zaslona-2024-02-19-100041.png 1920w\" sizes=\"auto, (max-width: 300px) 100vw, 300px\" \/><\/a>\n\t\t\t<\/dt><\/dl><br style=\"clear: both\" \/>\n\t\t<\/div>\n\n","protected":false},"excerpt":{"rendered":"<p>26. velja\u010de 2024. godine voditeljica projekta, prof. dr. sc. Jasmina Vojvodi\u0107, odr\u017eala je gostuju\u0107e online predavanje na Me\u0111unarodnoj Zimskoj \u0161koli \u201eSvjetski i nacionalni trendovi u istra\u017eivanju i podu\u010davanju u filologiji-3\u201c [&hellip;]<\/p>\n","protected":false},"author":2,"featured_media":0,"parent":0,"menu_order":0,"comment_status":"closed","ping_status":"closed","template":"","meta":{"footnotes":""},"class_list":["post-1470","page","type-page","status-publish","hentry","post-preview"],"_links":{"self":[{"href":"https:\/\/transform-1990-2020.ffzg.unizg.hr\/index.php?rest_route=\/wp\/v2\/pages\/1470","targetHints":{"allow":["GET"]}}],"collection":[{"href":"https:\/\/transform-1990-2020.ffzg.unizg.hr\/index.php?rest_route=\/wp\/v2\/pages"}],"about":[{"href":"https:\/\/transform-1990-2020.ffzg.unizg.hr\/index.php?rest_route=\/wp\/v2\/types\/page"}],"author":[{"embeddable":true,"href":"https:\/\/transform-1990-2020.ffzg.unizg.hr\/index.php?rest_route=\/wp\/v2\/users\/2"}],"replies":[{"embeddable":true,"href":"https:\/\/transform-1990-2020.ffzg.unizg.hr\/index.php?rest_route=%2Fwp%2Fv2%2Fcomments&post=1470"}],"version-history":[{"count":1,"href":"https:\/\/transform-1990-2020.ffzg.unizg.hr\/index.php?rest_route=\/wp\/v2\/pages\/1470\/revisions"}],"predecessor-version":[{"id":1475,"href":"https:\/\/transform-1990-2020.ffzg.unizg.hr\/index.php?rest_route=\/wp\/v2\/pages\/1470\/revisions\/1475"}],"wp:attachment":[{"href":"https:\/\/transform-1990-2020.ffzg.unizg.hr\/index.php?rest_route=%2Fwp%2Fv2%2Fmedia&parent=1470"}],"curies":[{"name":"wp","href":"https:\/\/api.w.org\/{rel}","templated":true}]}}