{"id":1450,"date":"2024-01-03T12:29:22","date_gmt":"2024-01-03T11:29:22","guid":{"rendered":"https:\/\/transform-1990-2020.ffzg.unizg.hr\/?page_id=1450"},"modified":"2024-01-05T10:17:00","modified_gmt":"2024-01-05T09:17:00","slug":"prikaz-zbornika-mistifikacija-u-slavenskoj-kulturi-poetika-i-prakse","status":"publish","type":"page","link":"https:\/\/transform-1990-2020.ffzg.unizg.hr\/?page_id=1450","title":{"rendered":"Prikaz zbornika Mistifikacija u slavenskoj kulturi: poetika i prakse"},"content":{"rendered":"<p>Voditeljica projektnog tima, prof. dr. sc. Jasmina Vojvodi\u0107, napisala je prikaz znanstvenog zbornika Mistifikacija u slavenskoj kulturi: poetika i prakse (rus. Mistifikacija v slavjanskoj kul\u2019ture: po\u00e8tika i praktiki). Zbornik je uredila inozemna suradnica na projektu <em>Ruske knji\u017eevne transformacije od 1990. do 2020.<\/em>, prof. dr. sc. Natalija Zlydneva, a u njega su, izme\u0111u ostalog, uklju\u010deni tekstovi doma\u0107ih suradnica na projektu prof. dr. sc. \u017dive Ben\u010di\u0107 i prof. dr. sc. Danijele Lugari\u0107 Vukas. Prikaz zbornika objavljen je u \u010dasopisu Croatica et Slavica Iadertina i dostupan je na poveznici: <a href=\"https:\/\/hrcak.srce.hr\/file\/451046\">https:\/\/hrcak.srce.hr\/file\/451046<\/a>.<\/p>\n","protected":false},"excerpt":{"rendered":"<p>Voditeljica projektnog tima, prof. dr. sc. Jasmina Vojvodi\u0107, napisala je prikaz znanstvenog zbornika Mistifikacija u slavenskoj kulturi: poetika i prakse (rus. Mistifikacija v slavjanskoj kul\u2019ture: po\u00e8tika i praktiki). Zbornik je [&hellip;]<\/p>\n","protected":false},"author":2,"featured_media":0,"parent":0,"menu_order":0,"comment_status":"closed","ping_status":"closed","template":"","meta":{"footnotes":""},"class_list":["post-1450","page","type-page","status-publish","hentry","post-preview"],"_links":{"self":[{"href":"https:\/\/transform-1990-2020.ffzg.unizg.hr\/index.php?rest_route=\/wp\/v2\/pages\/1450","targetHints":{"allow":["GET"]}}],"collection":[{"href":"https:\/\/transform-1990-2020.ffzg.unizg.hr\/index.php?rest_route=\/wp\/v2\/pages"}],"about":[{"href":"https:\/\/transform-1990-2020.ffzg.unizg.hr\/index.php?rest_route=\/wp\/v2\/types\/page"}],"author":[{"embeddable":true,"href":"https:\/\/transform-1990-2020.ffzg.unizg.hr\/index.php?rest_route=\/wp\/v2\/users\/2"}],"replies":[{"embeddable":true,"href":"https:\/\/transform-1990-2020.ffzg.unizg.hr\/index.php?rest_route=%2Fwp%2Fv2%2Fcomments&post=1450"}],"version-history":[{"count":2,"href":"https:\/\/transform-1990-2020.ffzg.unizg.hr\/index.php?rest_route=\/wp\/v2\/pages\/1450\/revisions"}],"predecessor-version":[{"id":1457,"href":"https:\/\/transform-1990-2020.ffzg.unizg.hr\/index.php?rest_route=\/wp\/v2\/pages\/1450\/revisions\/1457"}],"wp:attachment":[{"href":"https:\/\/transform-1990-2020.ffzg.unizg.hr\/index.php?rest_route=%2Fwp%2Fv2%2Fmedia&parent=1450"}],"curies":[{"name":"wp","href":"https:\/\/api.w.org\/{rel}","templated":true}]}}