{"id":1442,"date":"2024-01-03T11:23:40","date_gmt":"2024-01-03T10:23:40","guid":{"rendered":"https:\/\/transform-1990-2020.ffzg.unizg.hr\/?page_id=1442"},"modified":"2024-01-05T10:16:39","modified_gmt":"2024-01-05T09:16:39","slug":"prikaz-knjige-moja-domovina-sssr","status":"publish","type":"page","link":"https:\/\/transform-1990-2020.ffzg.unizg.hr\/?page_id=1442","title":{"rendered":"Prikaz monografije &#8220;Moja domovina &#8211; SSSR&#8221;"},"content":{"rendered":"<p>Voditeljica projekta, prof. dr. sc. Jasmina Vojvovi\u0107, napisala je prikaz monografije &#8220;Moja domovina &#8211; SSSR. Knji\u017eevnost i pam\u0107enje u suvremenom romanu u Rusiji&#8221;, \u010dija je autorica \u010dlanica projektnog tima prof. dr. sc. Danijela Lugari\u0107 Vukas. Prikaz je objavljen na portalu <em>Kritika h, d, p<\/em> i dostupan je na poveznici: <a href=\"https:\/\/kritika-hdp.hr\/od-proze-do-poezije-pamcenja\/\">https:\/\/kritika-hdp.hr\/od-proze-do-poezije-pamcenja\/<\/a>.<\/p>\n","protected":false},"excerpt":{"rendered":"<p>Voditeljica projekta, prof. dr. sc. Jasmina Vojvovi\u0107, napisala je prikaz monografije &#8220;Moja domovina &#8211; SSSR. Knji\u017eevnost i pam\u0107enje u suvremenom romanu u Rusiji&#8221;, \u010dija je autorica \u010dlanica projektnog tima prof. [&hellip;]<\/p>\n","protected":false},"author":2,"featured_media":0,"parent":0,"menu_order":0,"comment_status":"closed","ping_status":"closed","template":"","meta":{"footnotes":""},"class_list":["post-1442","page","type-page","status-publish","hentry","post-preview"],"_links":{"self":[{"href":"https:\/\/transform-1990-2020.ffzg.unizg.hr\/index.php?rest_route=\/wp\/v2\/pages\/1442","targetHints":{"allow":["GET"]}}],"collection":[{"href":"https:\/\/transform-1990-2020.ffzg.unizg.hr\/index.php?rest_route=\/wp\/v2\/pages"}],"about":[{"href":"https:\/\/transform-1990-2020.ffzg.unizg.hr\/index.php?rest_route=\/wp\/v2\/types\/page"}],"author":[{"embeddable":true,"href":"https:\/\/transform-1990-2020.ffzg.unizg.hr\/index.php?rest_route=\/wp\/v2\/users\/2"}],"replies":[{"embeddable":true,"href":"https:\/\/transform-1990-2020.ffzg.unizg.hr\/index.php?rest_route=%2Fwp%2Fv2%2Fcomments&post=1442"}],"version-history":[{"count":3,"href":"https:\/\/transform-1990-2020.ffzg.unizg.hr\/index.php?rest_route=\/wp\/v2\/pages\/1442\/revisions"}],"predecessor-version":[{"id":1456,"href":"https:\/\/transform-1990-2020.ffzg.unizg.hr\/index.php?rest_route=\/wp\/v2\/pages\/1442\/revisions\/1456"}],"wp:attachment":[{"href":"https:\/\/transform-1990-2020.ffzg.unizg.hr\/index.php?rest_route=%2Fwp%2Fv2%2Fmedia&parent=1442"}],"curies":[{"name":"wp","href":"https:\/\/api.w.org\/{rel}","templated":true}]}}