{"id":1407,"date":"2023-12-18T12:23:27","date_gmt":"2023-12-18T11:23:27","guid":{"rendered":"https:\/\/transform-1990-2020.ffzg.unizg.hr\/?page_id=1407"},"modified":"2023-12-18T12:23:27","modified_gmt":"2023-12-18T11:23:27","slug":"zadarski-filoloski-dani-10-zadar-10-studenog-2023","status":"publish","type":"page","link":"https:\/\/transform-1990-2020.ffzg.unizg.hr\/?page_id=1407","title":{"rendered":"Zadarski filolo\u0161ki dani 10, Zadar, 10. studenog 2023."},"content":{"rendered":"<p>10. studenog 2023. godine \u010dlanice projektnog tima izv. prof. dr. sc. Danijela Lugari\u0107 Vukas i Petra Grebenac sudjelovale su na me\u0111unarodnoj znanstvenoj konferneciji Zadarski filolo\u0161ki dani 10 na Sveu\u010dili\u0161tu u Zadru. Danijela Lugari\u0107 Vukas odr\u017eala je plenarno predavanje pod nazivom &#8220;Pitanje &#8216;vru\u0107e pro\u0161losti&#8217; i odgovori generacije postpam\u0107enja u ruskome romanu 2010-ih: &#8216;meko&#8217; pam\u0107enje od restauracije do refleksije&#8221;, a Petra Grebenac nastupila je s izlaganjem &#8220;Govorne instancije u baladama Marije Stepanove&#8221;.<\/p>\n<p>&nbsp;<\/p>\n\n\t\t<style type=\"text\/css\">\n\t\t\t#gallery-1 {\n\t\t\t\tmargin: auto;\n\t\t\t}\n\t\t\t#gallery-1 .gallery-item {\n\t\t\t\tfloat: left;\n\t\t\t\tmargin-top: 10px;\n\t\t\t\ttext-align: center;\n\t\t\t\twidth: 50%;\n\t\t\t}\n\t\t\t#gallery-1 img {\n\t\t\t\tborder: 2px solid #cfcfcf;\n\t\t\t}\n\t\t\t#gallery-1 .gallery-caption {\n\t\t\t\tmargin-left: 0;\n\t\t\t}\n\t\t\t\/* see gallery_shortcode() in wp-includes\/media.php *\/\n\t\t<\/style>\n\t\t<div id='gallery-1' class='gallery galleryid-1407 gallery-columns-2 gallery-size-medium'><dl class='gallery-item'>\n\t\t\t<dt class='gallery-icon landscape'>\n\t\t\t\t<a href='https:\/\/transform-1990-2020.ffzg.unizg.hr\/wp-content\/uploads\/2023\/12\/Danijela-ZFD-scaled.jpg'><img loading=\"lazy\" decoding=\"async\" width=\"300\" height=\"225\" src=\"https:\/\/transform-1990-2020.ffzg.unizg.hr\/wp-content\/uploads\/2023\/12\/Danijela-ZFD-300x225.jpg\" class=\"attachment-medium size-medium\" alt=\"\" srcset=\"https:\/\/transform-1990-2020.ffzg.unizg.hr\/wp-content\/uploads\/2023\/12\/Danijela-ZFD-300x225.jpg 300w, https:\/\/transform-1990-2020.ffzg.unizg.hr\/wp-content\/uploads\/2023\/12\/Danijela-ZFD-1024x768.jpg 1024w, https:\/\/transform-1990-2020.ffzg.unizg.hr\/wp-content\/uploads\/2023\/12\/Danijela-ZFD-768x576.jpg 768w, https:\/\/transform-1990-2020.ffzg.unizg.hr\/wp-content\/uploads\/2023\/12\/Danijela-ZFD-1536x1152.jpg 1536w, https:\/\/transform-1990-2020.ffzg.unizg.hr\/wp-content\/uploads\/2023\/12\/Danijela-ZFD-2048x1536.jpg 2048w, https:\/\/transform-1990-2020.ffzg.unizg.hr\/wp-content\/uploads\/2023\/12\/Danijela-ZFD-676x507.jpg 676w, https:\/\/transform-1990-2020.ffzg.unizg.hr\/wp-content\/uploads\/2023\/12\/Danijela-ZFD-600x450.jpg 600w\" sizes=\"auto, (max-width: 300px) 100vw, 300px\" \/><\/a>\n\t\t\t<\/dt><\/dl><dl class='gallery-item'>\n\t\t\t<dt class='gallery-icon landscape'>\n\t\t\t\t<a href='https:\/\/transform-1990-2020.ffzg.unizg.hr\/wp-content\/uploads\/2023\/12\/Petra-ZFD.jpeg'><img loading=\"lazy\" decoding=\"async\" width=\"300\" height=\"225\" src=\"https:\/\/transform-1990-2020.ffzg.unizg.hr\/wp-content\/uploads\/2023\/12\/Petra-ZFD-300x225.jpeg\" class=\"attachment-medium size-medium\" alt=\"\" srcset=\"https:\/\/transform-1990-2020.ffzg.unizg.hr\/wp-content\/uploads\/2023\/12\/Petra-ZFD-300x225.jpeg 300w, https:\/\/transform-1990-2020.ffzg.unizg.hr\/wp-content\/uploads\/2023\/12\/Petra-ZFD-768x576.jpeg 768w, https:\/\/transform-1990-2020.ffzg.unizg.hr\/wp-content\/uploads\/2023\/12\/Petra-ZFD-676x507.jpeg 676w, https:\/\/transform-1990-2020.ffzg.unizg.hr\/wp-content\/uploads\/2023\/12\/Petra-ZFD-600x450.jpeg 600w, https:\/\/transform-1990-2020.ffzg.unizg.hr\/wp-content\/uploads\/2023\/12\/Petra-ZFD.jpeg 1024w\" sizes=\"auto, (max-width: 300px) 100vw, 300px\" \/><\/a>\n\t\t\t<\/dt><\/dl><br style=\"clear: both\" \/>\n\t\t<\/div>\n\n","protected":false},"excerpt":{"rendered":"<p>10. studenog 2023. godine \u010dlanice projektnog tima izv. prof. dr. sc. Danijela Lugari\u0107 Vukas i Petra Grebenac sudjelovale su na me\u0111unarodnoj znanstvenoj konferneciji Zadarski filolo\u0161ki dani 10 na Sveu\u010dili\u0161tu u [&hellip;]<\/p>\n","protected":false},"author":2,"featured_media":0,"parent":0,"menu_order":0,"comment_status":"closed","ping_status":"closed","template":"","meta":{"footnotes":""},"class_list":["post-1407","page","type-page","status-publish","hentry","post-preview"],"_links":{"self":[{"href":"https:\/\/transform-1990-2020.ffzg.unizg.hr\/index.php?rest_route=\/wp\/v2\/pages\/1407","targetHints":{"allow":["GET"]}}],"collection":[{"href":"https:\/\/transform-1990-2020.ffzg.unizg.hr\/index.php?rest_route=\/wp\/v2\/pages"}],"about":[{"href":"https:\/\/transform-1990-2020.ffzg.unizg.hr\/index.php?rest_route=\/wp\/v2\/types\/page"}],"author":[{"embeddable":true,"href":"https:\/\/transform-1990-2020.ffzg.unizg.hr\/index.php?rest_route=\/wp\/v2\/users\/2"}],"replies":[{"embeddable":true,"href":"https:\/\/transform-1990-2020.ffzg.unizg.hr\/index.php?rest_route=%2Fwp%2Fv2%2Fcomments&post=1407"}],"version-history":[{"count":1,"href":"https:\/\/transform-1990-2020.ffzg.unizg.hr\/index.php?rest_route=\/wp\/v2\/pages\/1407\/revisions"}],"predecessor-version":[{"id":1410,"href":"https:\/\/transform-1990-2020.ffzg.unizg.hr\/index.php?rest_route=\/wp\/v2\/pages\/1407\/revisions\/1410"}],"wp:attachment":[{"href":"https:\/\/transform-1990-2020.ffzg.unizg.hr\/index.php?rest_route=%2Fwp%2Fv2%2Fmedia&parent=1407"}],"curies":[{"name":"wp","href":"https:\/\/api.w.org\/{rel}","templated":true}]}}