{"id":1291,"date":"2023-07-12T10:27:41","date_gmt":"2023-07-12T09:27:41","guid":{"rendered":"https:\/\/transform-1990-2020.ffzg.unizg.hr\/?page_id=1291"},"modified":"2023-07-12T10:27:41","modified_gmt":"2023-07-12T09:27:41","slug":"dvodnevna-istrazivacka-radionica","status":"publish","type":"page","link":"https:\/\/transform-1990-2020.ffzg.unizg.hr\/?page_id=1291","title":{"rendered":"Dvodnevna istra\u017eiva\u010dka radionica"},"content":{"rendered":"<p>4. i 25. studenog odr\u017eana je dvodnevna istra\u017eiva\u010dka radionica u kojoj su sudjelovali svi suradnici na projektu. Radionica je odr\u017eana u hibridnom obliku, u prostoriji A223 na Filozofskom fakultetu te putem aplikacije Zoom. Podrobnije informacije o svakom pojedinom danu radionice dostupne su na poveznicama:<\/p>\n<p><a href=\"https:\/\/transform-1990-2020.ffzg.unizg.hr\/?p=946\">4. studeni 2022.<\/a><\/p>\n<p><a href=\"https:\/\/transform-1990-2020.ffzg.unizg.hr\/?p=972\">25. studeni 2022.\u00a0<\/a><\/p>\n<p>&nbsp;<\/p>\n","protected":false},"excerpt":{"rendered":"<p>4. i 25. studenog odr\u017eana je dvodnevna istra\u017eiva\u010dka radionica u kojoj su sudjelovali svi suradnici na projektu. Radionica je odr\u017eana u hibridnom obliku, u prostoriji A223 na Filozofskom fakultetu te [&hellip;]<\/p>\n","protected":false},"author":2,"featured_media":0,"parent":0,"menu_order":0,"comment_status":"closed","ping_status":"closed","template":"","meta":{"footnotes":""},"class_list":["post-1291","page","type-page","status-publish","hentry","post-preview"],"_links":{"self":[{"href":"https:\/\/transform-1990-2020.ffzg.unizg.hr\/index.php?rest_route=\/wp\/v2\/pages\/1291","targetHints":{"allow":["GET"]}}],"collection":[{"href":"https:\/\/transform-1990-2020.ffzg.unizg.hr\/index.php?rest_route=\/wp\/v2\/pages"}],"about":[{"href":"https:\/\/transform-1990-2020.ffzg.unizg.hr\/index.php?rest_route=\/wp\/v2\/types\/page"}],"author":[{"embeddable":true,"href":"https:\/\/transform-1990-2020.ffzg.unizg.hr\/index.php?rest_route=\/wp\/v2\/users\/2"}],"replies":[{"embeddable":true,"href":"https:\/\/transform-1990-2020.ffzg.unizg.hr\/index.php?rest_route=%2Fwp%2Fv2%2Fcomments&post=1291"}],"version-history":[{"count":1,"href":"https:\/\/transform-1990-2020.ffzg.unizg.hr\/index.php?rest_route=\/wp\/v2\/pages\/1291\/revisions"}],"predecessor-version":[{"id":1292,"href":"https:\/\/transform-1990-2020.ffzg.unizg.hr\/index.php?rest_route=\/wp\/v2\/pages\/1291\/revisions\/1292"}],"wp:attachment":[{"href":"https:\/\/transform-1990-2020.ffzg.unizg.hr\/index.php?rest_route=%2Fwp%2Fv2%2Fmedia&parent=1291"}],"curies":[{"name":"wp","href":"https:\/\/api.w.org\/{rel}","templated":true}]}}