{"id":1282,"date":"2023-07-08T22:07:33","date_gmt":"2023-07-08T21:07:33","guid":{"rendered":"https:\/\/transform-1990-2020.ffzg.unizg.hr\/?page_id=1282"},"modified":"2023-07-08T22:07:33","modified_gmt":"2023-07-08T21:07:33","slug":"razgovor-o-znanstvenoj-monografiji-moja-domovina-sssr","status":"publish","type":"page","link":"https:\/\/transform-1990-2020.ffzg.unizg.hr\/?page_id=1282","title":{"rendered":"Razgovor o znanstvenoj monografiji Moja domovina &#8211; SSSR"},"content":{"rendered":"<p>U emisiji <em>Knjiga ili \u017eivot<\/em> Tre\u0107eg programa Hrvatske televizije, koja je emitirana 23. o\u017eujka 2023. godine, \u010dlanica projektnog tima izv. prof. dr. sc. Danijela Lugari\u0107 Vukas predstavila je svoju znanstvenu monografiju <em>Moja domovina \u2013 SSSR. Knji\u017eevnost i pam\u0107enje u suvremenom romanu u Rusiji<\/em>, koja je nastala kao rezultat njezina rada na projektu <em>Ruske knji\u017eevne transformacije od 1990. do 2020. <\/em><\/p>\n<p>Vi\u0161e informacija o emisiji nalazi se na poveznici: <a href=\"https:\/\/hrtprikazuje.hrt.hr\/hrt-preporucuje\/knjiga-ili-zivot-moja-domovina-sssr-i-per-speculum-10677586\">https:\/\/hrtprikazuje.hrt.hr\/hrt-preporucuje\/knjiga-ili-zivot-moja-domovina-sssr-i-per-speculum-10677586<\/a>.<\/p>\n","protected":false},"excerpt":{"rendered":"<p>U emisiji Knjiga ili \u017eivot Tre\u0107eg programa Hrvatske televizije, koja je emitirana 23. o\u017eujka 2023. godine, \u010dlanica projektnog tima izv. prof. dr. sc. Danijela Lugari\u0107 Vukas predstavila je svoju znanstvenu [&hellip;]<\/p>\n","protected":false},"author":2,"featured_media":0,"parent":0,"menu_order":0,"comment_status":"closed","ping_status":"closed","template":"","meta":{"footnotes":""},"class_list":["post-1282","page","type-page","status-publish","hentry","post-preview"],"_links":{"self":[{"href":"https:\/\/transform-1990-2020.ffzg.unizg.hr\/index.php?rest_route=\/wp\/v2\/pages\/1282","targetHints":{"allow":["GET"]}}],"collection":[{"href":"https:\/\/transform-1990-2020.ffzg.unizg.hr\/index.php?rest_route=\/wp\/v2\/pages"}],"about":[{"href":"https:\/\/transform-1990-2020.ffzg.unizg.hr\/index.php?rest_route=\/wp\/v2\/types\/page"}],"author":[{"embeddable":true,"href":"https:\/\/transform-1990-2020.ffzg.unizg.hr\/index.php?rest_route=\/wp\/v2\/users\/2"}],"replies":[{"embeddable":true,"href":"https:\/\/transform-1990-2020.ffzg.unizg.hr\/index.php?rest_route=%2Fwp%2Fv2%2Fcomments&post=1282"}],"version-history":[{"count":1,"href":"https:\/\/transform-1990-2020.ffzg.unizg.hr\/index.php?rest_route=\/wp\/v2\/pages\/1282\/revisions"}],"predecessor-version":[{"id":1283,"href":"https:\/\/transform-1990-2020.ffzg.unizg.hr\/index.php?rest_route=\/wp\/v2\/pages\/1282\/revisions\/1283"}],"wp:attachment":[{"href":"https:\/\/transform-1990-2020.ffzg.unizg.hr\/index.php?rest_route=%2Fwp%2Fv2%2Fmedia&parent=1282"}],"curies":[{"name":"wp","href":"https:\/\/api.w.org\/{rel}","templated":true}]}}