{"id":1276,"date":"2023-07-08T21:54:43","date_gmt":"2023-07-08T20:54:43","guid":{"rendered":"https:\/\/transform-1990-2020.ffzg.unizg.hr\/?page_id=1276"},"modified":"2023-07-08T21:55:23","modified_gmt":"2023-07-08T20:55:23","slug":"prikaz-knjige-zulejha-otvara-oci","status":"publish","type":"page","link":"https:\/\/transform-1990-2020.ffzg.unizg.hr\/?page_id=1276","title":{"rendered":"Prikaz knjige Zulejha otvara o\u010di"},"content":{"rendered":"<p>U emisiji <em>Do korica<\/em> Tre\u0107eg programa Hrvatskog radija, koja je emitirana 13. svibnja 2022. godine, pro\u010ditan je prikaz knjige Guzel&#8217; Jahine<em> Zulejha otvara o\u010di.<\/em> Prikaz je napisala \u010dlanica projektnog tima izv. prof. dr. sc. Danijela Lugari\u0107 Vukas.<\/p>\n<p>Slu\u0161aonica emisije <em>Do korica<\/em> dostupna je na poveznici: https:\/\/radio.hrt.hr\/slusaonica\/do-korica.<\/p>\n","protected":false},"excerpt":{"rendered":"<p>U emisiji Do korica Tre\u0107eg programa Hrvatskog radija, koja je emitirana 13. svibnja 2022. godine, pro\u010ditan je prikaz knjige Guzel&#8217; Jahine Zulejha otvara o\u010di. Prikaz je napisala \u010dlanica projektnog tima [&hellip;]<\/p>\n","protected":false},"author":2,"featured_media":0,"parent":0,"menu_order":0,"comment_status":"closed","ping_status":"closed","template":"","meta":{"footnotes":""},"class_list":["post-1276","page","type-page","status-publish","hentry","post-preview"],"_links":{"self":[{"href":"https:\/\/transform-1990-2020.ffzg.unizg.hr\/index.php?rest_route=\/wp\/v2\/pages\/1276","targetHints":{"allow":["GET"]}}],"collection":[{"href":"https:\/\/transform-1990-2020.ffzg.unizg.hr\/index.php?rest_route=\/wp\/v2\/pages"}],"about":[{"href":"https:\/\/transform-1990-2020.ffzg.unizg.hr\/index.php?rest_route=\/wp\/v2\/types\/page"}],"author":[{"embeddable":true,"href":"https:\/\/transform-1990-2020.ffzg.unizg.hr\/index.php?rest_route=\/wp\/v2\/users\/2"}],"replies":[{"embeddable":true,"href":"https:\/\/transform-1990-2020.ffzg.unizg.hr\/index.php?rest_route=%2Fwp%2Fv2%2Fcomments&post=1276"}],"version-history":[{"count":1,"href":"https:\/\/transform-1990-2020.ffzg.unizg.hr\/index.php?rest_route=\/wp\/v2\/pages\/1276\/revisions"}],"predecessor-version":[{"id":1277,"href":"https:\/\/transform-1990-2020.ffzg.unizg.hr\/index.php?rest_route=\/wp\/v2\/pages\/1276\/revisions\/1277"}],"wp:attachment":[{"href":"https:\/\/transform-1990-2020.ffzg.unizg.hr\/index.php?rest_route=%2Fwp%2Fv2%2Fmedia&parent=1276"}],"curies":[{"name":"wp","href":"https:\/\/api.w.org\/{rel}","templated":true}]}}