{"id":1248,"date":"2023-07-08T17:48:05","date_gmt":"2023-07-08T16:48:05","guid":{"rendered":"https:\/\/transform-1990-2020.ffzg.unizg.hr\/?page_id=1248"},"modified":"2023-07-08T17:51:53","modified_gmt":"2023-07-08T16:51:53","slug":"prikaz-romana-sjecanja-sjecanja","status":"publish","type":"page","link":"https:\/\/transform-1990-2020.ffzg.unizg.hr\/?page_id=1248","title":{"rendered":"Prikaz romana Sje\u0107anja, sje\u0107anja"},"content":{"rendered":"<p>U emisiji <em>Bibliovizor<\/em> Tre\u0107eg programa hrvatskog radija pro\u010ditan je prikaz romana Marije Stepanove <em>Sje\u0107anja, sje\u0107anja<\/em>. Autorica prikaza je \u010dlanica projektnog tima prof. dr. sc. Danijela Lugari\u0107 Vukas.<\/p>\n<p>Emisija, koja je emitirana 26. o\u017eujka 2022., dostupna je na poveznici: <a href=\"https:\/\/radio.hrt.hr\/slusaonica\/bibliovizor\">https:\/\/radio.hrt.hr\/slusaonica\/bibliovizor<\/a>.<\/p>\n","protected":false},"excerpt":{"rendered":"<p>U emisiji Bibliovizor Tre\u0107eg programa hrvatskog radija pro\u010ditan je prikaz romana Marije Stepanove Sje\u0107anja, sje\u0107anja. Autorica prikaza je \u010dlanica projektnog tima prof. dr. sc. Danijela Lugari\u0107 Vukas. Emisija, koja je [&hellip;]<\/p>\n","protected":false},"author":2,"featured_media":0,"parent":0,"menu_order":0,"comment_status":"closed","ping_status":"closed","template":"","meta":{"footnotes":""},"class_list":["post-1248","page","type-page","status-publish","hentry","post-preview"],"_links":{"self":[{"href":"https:\/\/transform-1990-2020.ffzg.unizg.hr\/index.php?rest_route=\/wp\/v2\/pages\/1248","targetHints":{"allow":["GET"]}}],"collection":[{"href":"https:\/\/transform-1990-2020.ffzg.unizg.hr\/index.php?rest_route=\/wp\/v2\/pages"}],"about":[{"href":"https:\/\/transform-1990-2020.ffzg.unizg.hr\/index.php?rest_route=\/wp\/v2\/types\/page"}],"author":[{"embeddable":true,"href":"https:\/\/transform-1990-2020.ffzg.unizg.hr\/index.php?rest_route=\/wp\/v2\/users\/2"}],"replies":[{"embeddable":true,"href":"https:\/\/transform-1990-2020.ffzg.unizg.hr\/index.php?rest_route=%2Fwp%2Fv2%2Fcomments&post=1248"}],"version-history":[{"count":2,"href":"https:\/\/transform-1990-2020.ffzg.unizg.hr\/index.php?rest_route=\/wp\/v2\/pages\/1248\/revisions"}],"predecessor-version":[{"id":1252,"href":"https:\/\/transform-1990-2020.ffzg.unizg.hr\/index.php?rest_route=\/wp\/v2\/pages\/1248\/revisions\/1252"}],"wp:attachment":[{"href":"https:\/\/transform-1990-2020.ffzg.unizg.hr\/index.php?rest_route=%2Fwp%2Fv2%2Fmedia&parent=1248"}],"curies":[{"name":"wp","href":"https:\/\/api.w.org\/{rel}","templated":true}]}}