{"id":1212,"date":"2023-07-07T18:50:27","date_gmt":"2023-07-07T17:50:27","guid":{"rendered":"https:\/\/transform-1990-2020.ffzg.unizg.hr\/?page_id=1212"},"modified":"2023-07-07T18:50:27","modified_gmt":"2023-07-07T17:50:27","slug":"tallinn-university-13-18-june-2023","status":"publish","type":"page","link":"https:\/\/transform-1990-2020.ffzg.unizg.hr\/?page_id=1212&lang=en","title":{"rendered":"Tallinn University, 13\u201318 June 2023"},"content":{"rendered":"<p>Project team members, professor PhD \u017diva Ben\u010di\u0107 and professor PhD Ivana Peru\u0161ko stayed at Tallinn University from June 13 to 18, 2023. They were working on their project researches in Yu. M. Lotman Archive of Estonian Institute of Humanities of Tallinn University.<\/p>\n\n\t\t<style type=\"text\/css\">\n\t\t\t#gallery-1 {\n\t\t\t\tmargin: auto;\n\t\t\t}\n\t\t\t#gallery-1 .gallery-item {\n\t\t\t\tfloat: left;\n\t\t\t\tmargin-top: 10px;\n\t\t\t\ttext-align: center;\n\t\t\t\twidth: 50%;\n\t\t\t}\n\t\t\t#gallery-1 img {\n\t\t\t\tborder: 2px solid #cfcfcf;\n\t\t\t}\n\t\t\t#gallery-1 .gallery-caption {\n\t\t\t\tmargin-left: 0;\n\t\t\t}\n\t\t\t\/* see gallery_shortcode() in wp-includes\/media.php *\/\n\t\t<\/style>\n\t\t<div id='gallery-1' class='gallery galleryid-1212 gallery-columns-2 gallery-size-large'><dl class='gallery-item'>\n\t\t\t<dt class='gallery-icon landscape'>\n\t\t\t\t<a href='https:\/\/transform-1990-2020.ffzg.unizg.hr\/wp-content\/uploads\/2023\/07\/Ziva-i-Ivana_Tallinn_3-1-scaled.jpg'><img loading=\"lazy\" decoding=\"async\" width=\"676\" height=\"632\" src=\"https:\/\/transform-1990-2020.ffzg.unizg.hr\/wp-content\/uploads\/2023\/07\/Ziva-i-Ivana_Tallinn_3-1-1024x958.jpg\" class=\"attachment-large size-large\" alt=\"\" aria-describedby=\"gallery-1-1215\" srcset=\"https:\/\/transform-1990-2020.ffzg.unizg.hr\/wp-content\/uploads\/2023\/07\/Ziva-i-Ivana_Tallinn_3-1-1024x958.jpg 1024w, https:\/\/transform-1990-2020.ffzg.unizg.hr\/wp-content\/uploads\/2023\/07\/Ziva-i-Ivana_Tallinn_3-1-300x281.jpg 300w, https:\/\/transform-1990-2020.ffzg.unizg.hr\/wp-content\/uploads\/2023\/07\/Ziva-i-Ivana_Tallinn_3-1-768x718.jpg 768w, https:\/\/transform-1990-2020.ffzg.unizg.hr\/wp-content\/uploads\/2023\/07\/Ziva-i-Ivana_Tallinn_3-1-1536x1437.jpg 1536w, https:\/\/transform-1990-2020.ffzg.unizg.hr\/wp-content\/uploads\/2023\/07\/Ziva-i-Ivana_Tallinn_3-1-2048x1916.jpg 2048w, https:\/\/transform-1990-2020.ffzg.unizg.hr\/wp-content\/uploads\/2023\/07\/Ziva-i-Ivana_Tallinn_3-1-676x632.jpg 676w, https:\/\/transform-1990-2020.ffzg.unizg.hr\/wp-content\/uploads\/2023\/07\/Ziva-i-Ivana_Tallinn_3-1-600x561.jpg 600w\" sizes=\"auto, (max-width: 676px) 100vw, 676px\" \/><\/a>\n\t\t\t<\/dt>\n\t\t\t\t<dd class='wp-caption-text gallery-caption' id='gallery-1-1215'>\n\t\t\t\trpt\n\t\t\t\t<\/dd><\/dl><dl class='gallery-item'>\n\t\t\t<dt class='gallery-icon landscape'>\n\t\t\t\t<a href='https:\/\/transform-1990-2020.ffzg.unizg.hr\/wp-content\/uploads\/2023\/07\/Ziva-i-Ivana_Tallinn_4-1-scaled.jpg'><img loading=\"lazy\" decoding=\"async\" width=\"676\" height=\"507\" src=\"https:\/\/transform-1990-2020.ffzg.unizg.hr\/wp-content\/uploads\/2023\/07\/Ziva-i-Ivana_Tallinn_4-1-1024x768.jpg\" class=\"attachment-large size-large\" alt=\"\" aria-describedby=\"gallery-1-1216\" srcset=\"https:\/\/transform-1990-2020.ffzg.unizg.hr\/wp-content\/uploads\/2023\/07\/Ziva-i-Ivana_Tallinn_4-1-1024x768.jpg 1024w, https:\/\/transform-1990-2020.ffzg.unizg.hr\/wp-content\/uploads\/2023\/07\/Ziva-i-Ivana_Tallinn_4-1-300x225.jpg 300w, https:\/\/transform-1990-2020.ffzg.unizg.hr\/wp-content\/uploads\/2023\/07\/Ziva-i-Ivana_Tallinn_4-1-768x576.jpg 768w, https:\/\/transform-1990-2020.ffzg.unizg.hr\/wp-content\/uploads\/2023\/07\/Ziva-i-Ivana_Tallinn_4-1-1536x1152.jpg 1536w, https:\/\/transform-1990-2020.ffzg.unizg.hr\/wp-content\/uploads\/2023\/07\/Ziva-i-Ivana_Tallinn_4-1-2048x1536.jpg 2048w, https:\/\/transform-1990-2020.ffzg.unizg.hr\/wp-content\/uploads\/2023\/07\/Ziva-i-Ivana_Tallinn_4-1-676x507.jpg 676w, https:\/\/transform-1990-2020.ffzg.unizg.hr\/wp-content\/uploads\/2023\/07\/Ziva-i-Ivana_Tallinn_4-1-600x450.jpg 600w\" sizes=\"auto, (max-width: 676px) 100vw, 676px\" \/><\/a>\n\t\t\t<\/dt>\n\t\t\t\t<dd class='wp-caption-text gallery-caption' id='gallery-1-1216'>\n\t\t\t\trpt\n\t\t\t\t<\/dd><\/dl><br style=\"clear: both\" \/><dl class='gallery-item'>\n\t\t\t<dt class='gallery-icon landscape'>\n\t\t\t\t<a href='https:\/\/transform-1990-2020.ffzg.unizg.hr\/wp-content\/uploads\/2023\/07\/Ziva-i-Ivana_Tallinn_1-1-scaled.jpg'><img loading=\"lazy\" decoding=\"async\" width=\"676\" height=\"507\" src=\"https:\/\/transform-1990-2020.ffzg.unizg.hr\/wp-content\/uploads\/2023\/07\/Ziva-i-Ivana_Tallinn_1-1-1024x768.jpg\" class=\"attachment-large size-large\" alt=\"\" aria-describedby=\"gallery-1-1213\" srcset=\"https:\/\/transform-1990-2020.ffzg.unizg.hr\/wp-content\/uploads\/2023\/07\/Ziva-i-Ivana_Tallinn_1-1-1024x768.jpg 1024w, https:\/\/transform-1990-2020.ffzg.unizg.hr\/wp-content\/uploads\/2023\/07\/Ziva-i-Ivana_Tallinn_1-1-300x225.jpg 300w, https:\/\/transform-1990-2020.ffzg.unizg.hr\/wp-content\/uploads\/2023\/07\/Ziva-i-Ivana_Tallinn_1-1-768x576.jpg 768w, https:\/\/transform-1990-2020.ffzg.unizg.hr\/wp-content\/uploads\/2023\/07\/Ziva-i-Ivana_Tallinn_1-1-1536x1152.jpg 1536w, https:\/\/transform-1990-2020.ffzg.unizg.hr\/wp-content\/uploads\/2023\/07\/Ziva-i-Ivana_Tallinn_1-1-2048x1536.jpg 2048w, https:\/\/transform-1990-2020.ffzg.unizg.hr\/wp-content\/uploads\/2023\/07\/Ziva-i-Ivana_Tallinn_1-1-676x507.jpg 676w, https:\/\/transform-1990-2020.ffzg.unizg.hr\/wp-content\/uploads\/2023\/07\/Ziva-i-Ivana_Tallinn_1-1-600x450.jpg 600w\" sizes=\"auto, (max-width: 676px) 100vw, 676px\" \/><\/a>\n\t\t\t<\/dt>\n\t\t\t\t<dd class='wp-caption-text gallery-caption' id='gallery-1-1213'>\n\t\t\t\trpt\n\t\t\t\t<\/dd><\/dl><dl class='gallery-item'>\n\t\t\t<dt class='gallery-icon landscape'>\n\t\t\t\t<a href='https:\/\/transform-1990-2020.ffzg.unizg.hr\/wp-content\/uploads\/2023\/07\/Ziva-i-Ivana_Tallinn_2-1-scaled.jpg'><img loading=\"lazy\" decoding=\"async\" width=\"676\" height=\"507\" src=\"https:\/\/transform-1990-2020.ffzg.unizg.hr\/wp-content\/uploads\/2023\/07\/Ziva-i-Ivana_Tallinn_2-1-1024x768.jpg\" class=\"attachment-large size-large\" alt=\"\" aria-describedby=\"gallery-1-1214\" srcset=\"https:\/\/transform-1990-2020.ffzg.unizg.hr\/wp-content\/uploads\/2023\/07\/Ziva-i-Ivana_Tallinn_2-1-1024x768.jpg 1024w, https:\/\/transform-1990-2020.ffzg.unizg.hr\/wp-content\/uploads\/2023\/07\/Ziva-i-Ivana_Tallinn_2-1-300x225.jpg 300w, https:\/\/transform-1990-2020.ffzg.unizg.hr\/wp-content\/uploads\/2023\/07\/Ziva-i-Ivana_Tallinn_2-1-768x576.jpg 768w, https:\/\/transform-1990-2020.ffzg.unizg.hr\/wp-content\/uploads\/2023\/07\/Ziva-i-Ivana_Tallinn_2-1-1536x1152.jpg 1536w, https:\/\/transform-1990-2020.ffzg.unizg.hr\/wp-content\/uploads\/2023\/07\/Ziva-i-Ivana_Tallinn_2-1-2048x1536.jpg 2048w, https:\/\/transform-1990-2020.ffzg.unizg.hr\/wp-content\/uploads\/2023\/07\/Ziva-i-Ivana_Tallinn_2-1-676x507.jpg 676w, https:\/\/transform-1990-2020.ffzg.unizg.hr\/wp-content\/uploads\/2023\/07\/Ziva-i-Ivana_Tallinn_2-1-600x450.jpg 600w\" sizes=\"auto, (max-width: 676px) 100vw, 676px\" \/><\/a>\n\t\t\t<\/dt>\n\t\t\t\t<dd class='wp-caption-text gallery-caption' id='gallery-1-1214'>\n\t\t\t\trpt\n\t\t\t\t<\/dd><\/dl><br style=\"clear: both\" \/>\n\t\t<\/div>\n\n","protected":false},"excerpt":{"rendered":"<p>Project team members, professor PhD \u017diva Ben\u010di\u0107 and professor PhD Ivana Peru\u0161ko stayed at Tallinn University from June 13 to 18, 2023. They were working on their project researches in [&hellip;]<\/p>\n","protected":false},"author":2,"featured_media":0,"parent":0,"menu_order":0,"comment_status":"closed","ping_status":"closed","template":"","meta":{"footnotes":""},"class_list":["post-1212","page","type-page","status-publish","hentry","post-preview"],"_links":{"self":[{"href":"https:\/\/transform-1990-2020.ffzg.unizg.hr\/index.php?rest_route=\/wp\/v2\/pages\/1212","targetHints":{"allow":["GET"]}}],"collection":[{"href":"https:\/\/transform-1990-2020.ffzg.unizg.hr\/index.php?rest_route=\/wp\/v2\/pages"}],"about":[{"href":"https:\/\/transform-1990-2020.ffzg.unizg.hr\/index.php?rest_route=\/wp\/v2\/types\/page"}],"author":[{"embeddable":true,"href":"https:\/\/transform-1990-2020.ffzg.unizg.hr\/index.php?rest_route=\/wp\/v2\/users\/2"}],"replies":[{"embeddable":true,"href":"https:\/\/transform-1990-2020.ffzg.unizg.hr\/index.php?rest_route=%2Fwp%2Fv2%2Fcomments&post=1212"}],"version-history":[{"count":1,"href":"https:\/\/transform-1990-2020.ffzg.unizg.hr\/index.php?rest_route=\/wp\/v2\/pages\/1212\/revisions"}],"predecessor-version":[{"id":1217,"href":"https:\/\/transform-1990-2020.ffzg.unizg.hr\/index.php?rest_route=\/wp\/v2\/pages\/1212\/revisions\/1217"}],"wp:attachment":[{"href":"https:\/\/transform-1990-2020.ffzg.unizg.hr\/index.php?rest_route=%2Fwp%2Fv2%2Fmedia&parent=1212"}],"curies":[{"name":"wp","href":"https:\/\/api.w.org\/{rel}","templated":true}]}}