{"id":1144,"date":"2023-03-29T10:47:05","date_gmt":"2023-03-29T09:47:05","guid":{"rendered":"https:\/\/transform-1990-2020.ffzg.unizg.hr\/?page_id=1144"},"modified":"2023-03-29T10:47:05","modified_gmt":"2023-03-29T09:47:05","slug":"sveuciliste-u-vilniusu-15-28-sijecnja-2023","status":"publish","type":"page","link":"https:\/\/transform-1990-2020.ffzg.unizg.hr\/?page_id=1144","title":{"rendered":"Sveu\u010dili\u0161te u Vilniusu, 15.\u201328. sije\u010dnja 2023."},"content":{"rendered":"<p>Suradnica na projektu, asistentica Petra Grebenac, boravila je na Sveu\u010dili\u0161tu u Vilniusu od 15. do 28. sije\u010dnja 2023. godine, gdje se bavila istra\u017eivanjem za svoju disertaciju u Sveu\u010dili\u0161noj knji\u017enici u Vilniusu te u Litavskoj nacionalnoj knji\u017enici Martynasa Ma\u017evydasa.<\/p>\n<p>&nbsp;<\/p>\n\n\t\t<style type=\"text\/css\">\n\t\t\t#gallery-1 {\n\t\t\t\tmargin: auto;\n\t\t\t}\n\t\t\t#gallery-1 .gallery-item {\n\t\t\t\tfloat: left;\n\t\t\t\tmargin-top: 10px;\n\t\t\t\ttext-align: center;\n\t\t\t\twidth: 50%;\n\t\t\t}\n\t\t\t#gallery-1 img {\n\t\t\t\tborder: 2px solid #cfcfcf;\n\t\t\t}\n\t\t\t#gallery-1 .gallery-caption {\n\t\t\t\tmargin-left: 0;\n\t\t\t}\n\t\t\t\/* see gallery_shortcode() in wp-includes\/media.php *\/\n\t\t<\/style>\n\t\t<div id='gallery-1' class='gallery galleryid-1144 gallery-columns-2 gallery-size-medium'><dl class='gallery-item'>\n\t\t\t<dt class='gallery-icon portrait'>\n\t\t\t\t<a href='https:\/\/transform-1990-2020.ffzg.unizg.hr\/wp-content\/uploads\/2023\/03\/WhatsApp-Image-2023-03-27-at-23.19.41-4.jpeg'><img loading=\"lazy\" decoding=\"async\" width=\"225\" height=\"300\" src=\"https:\/\/transform-1990-2020.ffzg.unizg.hr\/wp-content\/uploads\/2023\/03\/WhatsApp-Image-2023-03-27-at-23.19.41-4-225x300.jpeg\" class=\"attachment-medium size-medium\" alt=\"\" srcset=\"https:\/\/transform-1990-2020.ffzg.unizg.hr\/wp-content\/uploads\/2023\/03\/WhatsApp-Image-2023-03-27-at-23.19.41-4-225x300.jpeg 225w, https:\/\/transform-1990-2020.ffzg.unizg.hr\/wp-content\/uploads\/2023\/03\/WhatsApp-Image-2023-03-27-at-23.19.41-4-768x1024.jpeg 768w, https:\/\/transform-1990-2020.ffzg.unizg.hr\/wp-content\/uploads\/2023\/03\/WhatsApp-Image-2023-03-27-at-23.19.41-4-1152x1536.jpeg 1152w, https:\/\/transform-1990-2020.ffzg.unizg.hr\/wp-content\/uploads\/2023\/03\/WhatsApp-Image-2023-03-27-at-23.19.41-4-676x901.jpeg 676w, https:\/\/transform-1990-2020.ffzg.unizg.hr\/wp-content\/uploads\/2023\/03\/WhatsApp-Image-2023-03-27-at-23.19.41-4-600x800.jpeg 600w, https:\/\/transform-1990-2020.ffzg.unizg.hr\/wp-content\/uploads\/2023\/03\/WhatsApp-Image-2023-03-27-at-23.19.41-4.jpeg 1536w\" sizes=\"auto, (max-width: 225px) 100vw, 225px\" \/><\/a>\n\t\t\t<\/dt><\/dl><dl class='gallery-item'>\n\t\t\t<dt class='gallery-icon portrait'>\n\t\t\t\t<a href='https:\/\/transform-1990-2020.ffzg.unizg.hr\/wp-content\/uploads\/2023\/03\/WhatsApp-Image-2023-03-27-at-23.19.40-1.jpeg'><img loading=\"lazy\" decoding=\"async\" width=\"225\" height=\"300\" src=\"https:\/\/transform-1990-2020.ffzg.unizg.hr\/wp-content\/uploads\/2023\/03\/WhatsApp-Image-2023-03-27-at-23.19.40-1-225x300.jpeg\" class=\"attachment-medium size-medium\" alt=\"\" srcset=\"https:\/\/transform-1990-2020.ffzg.unizg.hr\/wp-content\/uploads\/2023\/03\/WhatsApp-Image-2023-03-27-at-23.19.40-1-225x300.jpeg 225w, https:\/\/transform-1990-2020.ffzg.unizg.hr\/wp-content\/uploads\/2023\/03\/WhatsApp-Image-2023-03-27-at-23.19.40-1-768x1024.jpeg 768w, https:\/\/transform-1990-2020.ffzg.unizg.hr\/wp-content\/uploads\/2023\/03\/WhatsApp-Image-2023-03-27-at-23.19.40-1-1152x1536.jpeg 1152w, https:\/\/transform-1990-2020.ffzg.unizg.hr\/wp-content\/uploads\/2023\/03\/WhatsApp-Image-2023-03-27-at-23.19.40-1-676x901.jpeg 676w, https:\/\/transform-1990-2020.ffzg.unizg.hr\/wp-content\/uploads\/2023\/03\/WhatsApp-Image-2023-03-27-at-23.19.40-1-600x800.jpeg 600w, https:\/\/transform-1990-2020.ffzg.unizg.hr\/wp-content\/uploads\/2023\/03\/WhatsApp-Image-2023-03-27-at-23.19.40-1.jpeg 1536w\" sizes=\"auto, (max-width: 225px) 100vw, 225px\" \/><\/a>\n\t\t\t<\/dt><\/dl><br style=\"clear: both\" \/><dl class='gallery-item'>\n\t\t\t<dt class='gallery-icon landscape'>\n\t\t\t\t<a href='https:\/\/transform-1990-2020.ffzg.unizg.hr\/wp-content\/uploads\/2023\/03\/WhatsApp-Image-2023-03-27-at-23.19.40-2.jpeg'><img loading=\"lazy\" decoding=\"async\" width=\"300\" height=\"225\" src=\"https:\/\/transform-1990-2020.ffzg.unizg.hr\/wp-content\/uploads\/2023\/03\/WhatsApp-Image-2023-03-27-at-23.19.40-2-300x225.jpeg\" class=\"attachment-medium size-medium\" alt=\"\" srcset=\"https:\/\/transform-1990-2020.ffzg.unizg.hr\/wp-content\/uploads\/2023\/03\/WhatsApp-Image-2023-03-27-at-23.19.40-2-300x225.jpeg 300w, https:\/\/transform-1990-2020.ffzg.unizg.hr\/wp-content\/uploads\/2023\/03\/WhatsApp-Image-2023-03-27-at-23.19.40-2-1024x768.jpeg 1024w, https:\/\/transform-1990-2020.ffzg.unizg.hr\/wp-content\/uploads\/2023\/03\/WhatsApp-Image-2023-03-27-at-23.19.40-2-768x576.jpeg 768w, https:\/\/transform-1990-2020.ffzg.unizg.hr\/wp-content\/uploads\/2023\/03\/WhatsApp-Image-2023-03-27-at-23.19.40-2-1536x1152.jpeg 1536w, https:\/\/transform-1990-2020.ffzg.unizg.hr\/wp-content\/uploads\/2023\/03\/WhatsApp-Image-2023-03-27-at-23.19.40-2-676x507.jpeg 676w, https:\/\/transform-1990-2020.ffzg.unizg.hr\/wp-content\/uploads\/2023\/03\/WhatsApp-Image-2023-03-27-at-23.19.40-2-600x450.jpeg 600w, https:\/\/transform-1990-2020.ffzg.unizg.hr\/wp-content\/uploads\/2023\/03\/WhatsApp-Image-2023-03-27-at-23.19.40-2.jpeg 2048w\" sizes=\"auto, (max-width: 300px) 100vw, 300px\" \/><\/a>\n\t\t\t<\/dt><\/dl><dl class='gallery-item'>\n\t\t\t<dt class='gallery-icon landscape'>\n\t\t\t\t<a href='https:\/\/transform-1990-2020.ffzg.unizg.hr\/wp-content\/uploads\/2023\/03\/WhatsApp-Image-2023-03-27-at-23.19.41-3.jpeg'><img loading=\"lazy\" decoding=\"async\" width=\"300\" height=\"225\" src=\"https:\/\/transform-1990-2020.ffzg.unizg.hr\/wp-content\/uploads\/2023\/03\/WhatsApp-Image-2023-03-27-at-23.19.41-3-300x225.jpeg\" class=\"attachment-medium size-medium\" alt=\"\" srcset=\"https:\/\/transform-1990-2020.ffzg.unizg.hr\/wp-content\/uploads\/2023\/03\/WhatsApp-Image-2023-03-27-at-23.19.41-3-300x225.jpeg 300w, https:\/\/transform-1990-2020.ffzg.unizg.hr\/wp-content\/uploads\/2023\/03\/WhatsApp-Image-2023-03-27-at-23.19.41-3-1024x768.jpeg 1024w, https:\/\/transform-1990-2020.ffzg.unizg.hr\/wp-content\/uploads\/2023\/03\/WhatsApp-Image-2023-03-27-at-23.19.41-3-768x576.jpeg 768w, https:\/\/transform-1990-2020.ffzg.unizg.hr\/wp-content\/uploads\/2023\/03\/WhatsApp-Image-2023-03-27-at-23.19.41-3-1536x1152.jpeg 1536w, https:\/\/transform-1990-2020.ffzg.unizg.hr\/wp-content\/uploads\/2023\/03\/WhatsApp-Image-2023-03-27-at-23.19.41-3-676x507.jpeg 676w, https:\/\/transform-1990-2020.ffzg.unizg.hr\/wp-content\/uploads\/2023\/03\/WhatsApp-Image-2023-03-27-at-23.19.41-3-600x450.jpeg 600w, https:\/\/transform-1990-2020.ffzg.unizg.hr\/wp-content\/uploads\/2023\/03\/WhatsApp-Image-2023-03-27-at-23.19.41-3.jpeg 2048w\" sizes=\"auto, (max-width: 300px) 100vw, 300px\" \/><\/a>\n\t\t\t<\/dt><\/dl><br style=\"clear: both\" \/><dl class='gallery-item'>\n\t\t\t<dt class='gallery-icon landscape'>\n\t\t\t\t<a href='https:\/\/transform-1990-2020.ffzg.unizg.hr\/wp-content\/uploads\/2023\/03\/WhatsApp-Image-2023-03-27-at-23.19.41-2.jpeg'><img loading=\"lazy\" decoding=\"async\" width=\"300\" height=\"225\" src=\"https:\/\/transform-1990-2020.ffzg.unizg.hr\/wp-content\/uploads\/2023\/03\/WhatsApp-Image-2023-03-27-at-23.19.41-2-300x225.jpeg\" class=\"attachment-medium size-medium\" alt=\"\" srcset=\"https:\/\/transform-1990-2020.ffzg.unizg.hr\/wp-content\/uploads\/2023\/03\/WhatsApp-Image-2023-03-27-at-23.19.41-2-300x225.jpeg 300w, https:\/\/transform-1990-2020.ffzg.unizg.hr\/wp-content\/uploads\/2023\/03\/WhatsApp-Image-2023-03-27-at-23.19.41-2-1024x768.jpeg 1024w, https:\/\/transform-1990-2020.ffzg.unizg.hr\/wp-content\/uploads\/2023\/03\/WhatsApp-Image-2023-03-27-at-23.19.41-2-768x576.jpeg 768w, https:\/\/transform-1990-2020.ffzg.unizg.hr\/wp-content\/uploads\/2023\/03\/WhatsApp-Image-2023-03-27-at-23.19.41-2-1536x1152.jpeg 1536w, https:\/\/transform-1990-2020.ffzg.unizg.hr\/wp-content\/uploads\/2023\/03\/WhatsApp-Image-2023-03-27-at-23.19.41-2-676x507.jpeg 676w, https:\/\/transform-1990-2020.ffzg.unizg.hr\/wp-content\/uploads\/2023\/03\/WhatsApp-Image-2023-03-27-at-23.19.41-2-600x450.jpeg 600w, https:\/\/transform-1990-2020.ffzg.unizg.hr\/wp-content\/uploads\/2023\/03\/WhatsApp-Image-2023-03-27-at-23.19.41-2.jpeg 2048w\" sizes=\"auto, (max-width: 300px) 100vw, 300px\" \/><\/a>\n\t\t\t<\/dt><\/dl><dl class='gallery-item'>\n\t\t\t<dt class='gallery-icon landscape'>\n\t\t\t\t<a href='https:\/\/transform-1990-2020.ffzg.unizg.hr\/wp-content\/uploads\/2023\/03\/WhatsApp-Image-2023-03-27-at-23.19.40.jpeg'><img loading=\"lazy\" decoding=\"async\" width=\"300\" height=\"225\" src=\"https:\/\/transform-1990-2020.ffzg.unizg.hr\/wp-content\/uploads\/2023\/03\/WhatsApp-Image-2023-03-27-at-23.19.40-300x225.jpeg\" class=\"attachment-medium size-medium\" alt=\"\" srcset=\"https:\/\/transform-1990-2020.ffzg.unizg.hr\/wp-content\/uploads\/2023\/03\/WhatsApp-Image-2023-03-27-at-23.19.40-300x225.jpeg 300w, https:\/\/transform-1990-2020.ffzg.unizg.hr\/wp-content\/uploads\/2023\/03\/WhatsApp-Image-2023-03-27-at-23.19.40-1024x768.jpeg 1024w, https:\/\/transform-1990-2020.ffzg.unizg.hr\/wp-content\/uploads\/2023\/03\/WhatsApp-Image-2023-03-27-at-23.19.40-768x576.jpeg 768w, https:\/\/transform-1990-2020.ffzg.unizg.hr\/wp-content\/uploads\/2023\/03\/WhatsApp-Image-2023-03-27-at-23.19.40-1536x1152.jpeg 1536w, https:\/\/transform-1990-2020.ffzg.unizg.hr\/wp-content\/uploads\/2023\/03\/WhatsApp-Image-2023-03-27-at-23.19.40-676x507.jpeg 676w, https:\/\/transform-1990-2020.ffzg.unizg.hr\/wp-content\/uploads\/2023\/03\/WhatsApp-Image-2023-03-27-at-23.19.40-600x450.jpeg 600w, https:\/\/transform-1990-2020.ffzg.unizg.hr\/wp-content\/uploads\/2023\/03\/WhatsApp-Image-2023-03-27-at-23.19.40.jpeg 2048w\" sizes=\"auto, (max-width: 300px) 100vw, 300px\" \/><\/a>\n\t\t\t<\/dt><\/dl><br style=\"clear: both\" \/>\n\t\t<\/div>\n\n<p>&nbsp;<\/p>\n","protected":false},"excerpt":{"rendered":"<p>Suradnica na projektu, asistentica Petra Grebenac, boravila je na Sveu\u010dili\u0161tu u Vilniusu od 15. do 28. sije\u010dnja 2023. godine, gdje se bavila istra\u017eivanjem za svoju disertaciju u Sveu\u010dili\u0161noj knji\u017enici u [&hellip;]<\/p>\n","protected":false},"author":2,"featured_media":0,"parent":0,"menu_order":0,"comment_status":"closed","ping_status":"closed","template":"","meta":{"footnotes":""},"class_list":["post-1144","page","type-page","status-publish","hentry","post-preview"],"_links":{"self":[{"href":"https:\/\/transform-1990-2020.ffzg.unizg.hr\/index.php?rest_route=\/wp\/v2\/pages\/1144","targetHints":{"allow":["GET"]}}],"collection":[{"href":"https:\/\/transform-1990-2020.ffzg.unizg.hr\/index.php?rest_route=\/wp\/v2\/pages"}],"about":[{"href":"https:\/\/transform-1990-2020.ffzg.unizg.hr\/index.php?rest_route=\/wp\/v2\/types\/page"}],"author":[{"embeddable":true,"href":"https:\/\/transform-1990-2020.ffzg.unizg.hr\/index.php?rest_route=\/wp\/v2\/users\/2"}],"replies":[{"embeddable":true,"href":"https:\/\/transform-1990-2020.ffzg.unizg.hr\/index.php?rest_route=%2Fwp%2Fv2%2Fcomments&post=1144"}],"version-history":[{"count":1,"href":"https:\/\/transform-1990-2020.ffzg.unizg.hr\/index.php?rest_route=\/wp\/v2\/pages\/1144\/revisions"}],"predecessor-version":[{"id":1145,"href":"https:\/\/transform-1990-2020.ffzg.unizg.hr\/index.php?rest_route=\/wp\/v2\/pages\/1144\/revisions\/1145"}],"wp:attachment":[{"href":"https:\/\/transform-1990-2020.ffzg.unizg.hr\/index.php?rest_route=%2Fwp%2Fv2%2Fmedia&parent=1144"}],"curies":[{"name":"wp","href":"https:\/\/api.w.org\/{rel}","templated":true}]}}