{"id":1090,"date":"2023-03-08T08:50:15","date_gmt":"2023-03-08T07:50:15","guid":{"rendered":"https:\/\/transform-1990-2020.ffzg.unizg.hr\/?page_id=1090"},"modified":"2023-03-08T08:54:11","modified_gmt":"2023-03-08T07:54:11","slug":"kriptopoetika-ruske-knjizevnosti-novog-vremena","status":"publish","type":"page","link":"https:\/\/transform-1990-2020.ffzg.unizg.hr\/?page_id=1090","title":{"rendered":"Kriptopoetika ruske knji\u017eevnosti novog vremena"},"content":{"rendered":"<p>Voditeljica projekta prof. dr. sc. Jasmina Vojvodi\u0107 sudjelovala je u konferenciji <em>Kriptopoetika ruske knji\u017eevnosti novog vremena<\/em> (<em>Kriptopo\u00e8tika russkoj literatury novogo vremeni<\/em>) s izlaganjem <em>Skrivena mjesta u romanu &#8220;Ki\u0161a u Parizu&#8221; R. Sen\u010dina<\/em> (<em>Skrytye mesta v romane \u201eDo\u017ed&#8217; v Pari\u017ee&#8221; R. Sen\u010dina<\/em>). Konferencija\u00a0je odr\u017eana 9. velja\u010de 2023. godine\u00a0 u online formatu u organizaciji znanstvenika iz Sankt-Peterburga i Budimpe\u0161te.<\/p>\n\n\t\t<style type=\"text\/css\">\n\t\t\t#gallery-1 {\n\t\t\t\tmargin: auto;\n\t\t\t}\n\t\t\t#gallery-1 .gallery-item {\n\t\t\t\tfloat: left;\n\t\t\t\tmargin-top: 10px;\n\t\t\t\ttext-align: center;\n\t\t\t\twidth: 100%;\n\t\t\t}\n\t\t\t#gallery-1 img {\n\t\t\t\tborder: 2px solid #cfcfcf;\n\t\t\t}\n\t\t\t#gallery-1 .gallery-caption {\n\t\t\t\tmargin-left: 0;\n\t\t\t}\n\t\t\t\/* see gallery_shortcode() in wp-includes\/media.php *\/\n\t\t<\/style>\n\t\t<div id='gallery-1' class='gallery galleryid-1090 gallery-columns-1 gallery-size-large'><dl class='gallery-item'>\n\t\t\t<dt class='gallery-icon landscape'>\n\t\t\t\t<a href='https:\/\/transform-1990-2020.ffzg.unizg.hr\/wp-content\/uploads\/2023\/03\/Screenshot-3.png'><img loading=\"lazy\" decoding=\"async\" width=\"676\" height=\"380\" src=\"https:\/\/transform-1990-2020.ffzg.unizg.hr\/wp-content\/uploads\/2023\/03\/Screenshot-3-1024x576.png\" class=\"attachment-large size-large\" alt=\"\" srcset=\"https:\/\/transform-1990-2020.ffzg.unizg.hr\/wp-content\/uploads\/2023\/03\/Screenshot-3-1024x576.png 1024w, https:\/\/transform-1990-2020.ffzg.unizg.hr\/wp-content\/uploads\/2023\/03\/Screenshot-3-300x169.png 300w, https:\/\/transform-1990-2020.ffzg.unizg.hr\/wp-content\/uploads\/2023\/03\/Screenshot-3-768x432.png 768w, https:\/\/transform-1990-2020.ffzg.unizg.hr\/wp-content\/uploads\/2023\/03\/Screenshot-3-1536x864.png 1536w, https:\/\/transform-1990-2020.ffzg.unizg.hr\/wp-content\/uploads\/2023\/03\/Screenshot-3-676x380.png 676w, https:\/\/transform-1990-2020.ffzg.unizg.hr\/wp-content\/uploads\/2023\/03\/Screenshot-3-600x338.png 600w, https:\/\/transform-1990-2020.ffzg.unizg.hr\/wp-content\/uploads\/2023\/03\/Screenshot-3.png 1920w\" sizes=\"auto, (max-width: 676px) 100vw, 676px\" \/><\/a>\n\t\t\t<\/dt><\/dl><br style=\"clear: both\" \/><dl class='gallery-item'>\n\t\t\t<dt class='gallery-icon landscape'>\n\t\t\t\t<a href='https:\/\/transform-1990-2020.ffzg.unizg.hr\/wp-content\/uploads\/2023\/03\/Screenshot-4.png'><img loading=\"lazy\" decoding=\"async\" width=\"676\" height=\"380\" src=\"https:\/\/transform-1990-2020.ffzg.unizg.hr\/wp-content\/uploads\/2023\/03\/Screenshot-4-1024x576.png\" class=\"attachment-large size-large\" alt=\"\" srcset=\"https:\/\/transform-1990-2020.ffzg.unizg.hr\/wp-content\/uploads\/2023\/03\/Screenshot-4-1024x576.png 1024w, https:\/\/transform-1990-2020.ffzg.unizg.hr\/wp-content\/uploads\/2023\/03\/Screenshot-4-300x169.png 300w, https:\/\/transform-1990-2020.ffzg.unizg.hr\/wp-content\/uploads\/2023\/03\/Screenshot-4-768x432.png 768w, https:\/\/transform-1990-2020.ffzg.unizg.hr\/wp-content\/uploads\/2023\/03\/Screenshot-4-1536x864.png 1536w, https:\/\/transform-1990-2020.ffzg.unizg.hr\/wp-content\/uploads\/2023\/03\/Screenshot-4-676x380.png 676w, https:\/\/transform-1990-2020.ffzg.unizg.hr\/wp-content\/uploads\/2023\/03\/Screenshot-4-600x338.png 600w, https:\/\/transform-1990-2020.ffzg.unizg.hr\/wp-content\/uploads\/2023\/03\/Screenshot-4.png 1920w\" sizes=\"auto, (max-width: 676px) 100vw, 676px\" \/><\/a>\n\t\t\t<\/dt><\/dl><br style=\"clear: both\" \/>\n\t\t<\/div>\n\n","protected":false},"excerpt":{"rendered":"<p>Voditeljica projekta prof. dr. sc. Jasmina Vojvodi\u0107 sudjelovala je u konferenciji Kriptopoetika ruske knji\u017eevnosti novog vremena (Kriptopo\u00e8tika russkoj literatury novogo vremeni) s izlaganjem Skrivena mjesta u romanu &#8220;Ki\u0161a u Parizu&#8221; [&hellip;]<\/p>\n","protected":false},"author":2,"featured_media":0,"parent":0,"menu_order":0,"comment_status":"closed","ping_status":"closed","template":"","meta":{"footnotes":""},"class_list":["post-1090","page","type-page","status-publish","hentry","post-preview"],"_links":{"self":[{"href":"https:\/\/transform-1990-2020.ffzg.unizg.hr\/index.php?rest_route=\/wp\/v2\/pages\/1090","targetHints":{"allow":["GET"]}}],"collection":[{"href":"https:\/\/transform-1990-2020.ffzg.unizg.hr\/index.php?rest_route=\/wp\/v2\/pages"}],"about":[{"href":"https:\/\/transform-1990-2020.ffzg.unizg.hr\/index.php?rest_route=\/wp\/v2\/types\/page"}],"author":[{"embeddable":true,"href":"https:\/\/transform-1990-2020.ffzg.unizg.hr\/index.php?rest_route=\/wp\/v2\/users\/2"}],"replies":[{"embeddable":true,"href":"https:\/\/transform-1990-2020.ffzg.unizg.hr\/index.php?rest_route=%2Fwp%2Fv2%2Fcomments&post=1090"}],"version-history":[{"count":3,"href":"https:\/\/transform-1990-2020.ffzg.unizg.hr\/index.php?rest_route=\/wp\/v2\/pages\/1090\/revisions"}],"predecessor-version":[{"id":1096,"href":"https:\/\/transform-1990-2020.ffzg.unizg.hr\/index.php?rest_route=\/wp\/v2\/pages\/1090\/revisions\/1096"}],"wp:attachment":[{"href":"https:\/\/transform-1990-2020.ffzg.unizg.hr\/index.php?rest_route=%2Fwp%2Fv2%2Fmedia&parent=1090"}],"curies":[{"name":"wp","href":"https:\/\/api.w.org\/{rel}","templated":true}]}}