{"id":1058,"date":"2023-03-06T10:01:22","date_gmt":"2023-03-06T09:01:22","guid":{"rendered":"https:\/\/transform-1990-2020.ffzg.unizg.hr\/?page_id=1058"},"modified":"2023-03-06T10:16:51","modified_gmt":"2023-03-06T09:16:51","slug":"konstanz-hrv","status":"publish","type":"page","link":"https:\/\/transform-1990-2020.ffzg.unizg.hr\/?page_id=1058","title":{"rendered":"Sveu\u010dili\u0161te u Konstanzu, 18.\u201325. velja\u010de 2023."},"content":{"rendered":"<p>Voditeljica projekta prof. dr. sc. Jasmina Vojvodi\u0107 i asistentica Petra Grebenac boravile su na Sveu\u010dili\u0161tu u Konstanzu od 18. do 25. velja\u010de 2023. godine. \u010clanice projektnog tima bavile su se svojim projektnim istra\u017eivanjima u sveu\u010dili\u0161noj knji\u017enici, gdje su prikupile korisnu i zna\u010dajnu knji\u017eevnu i znanstvenu gra\u0111u.<\/p>\n<p>&nbsp;<\/p>\n\n\t\t<style type=\"text\/css\">\n\t\t\t#gallery-1 {\n\t\t\t\tmargin: auto;\n\t\t\t}\n\t\t\t#gallery-1 .gallery-item {\n\t\t\t\tfloat: left;\n\t\t\t\tmargin-top: 10px;\n\t\t\t\ttext-align: center;\n\t\t\t\twidth: 33%;\n\t\t\t}\n\t\t\t#gallery-1 img {\n\t\t\t\tborder: 2px solid #cfcfcf;\n\t\t\t}\n\t\t\t#gallery-1 .gallery-caption {\n\t\t\t\tmargin-left: 0;\n\t\t\t}\n\t\t\t\/* see gallery_shortcode() in wp-includes\/media.php *\/\n\t\t<\/style>\n\t\t<div id='gallery-1' class='gallery galleryid-1058 gallery-columns-3 gallery-size-medium'><dl class='gallery-item'>\n\t\t\t<dt class='gallery-icon portrait'>\n\t\t\t\t<a href='https:\/\/transform-1990-2020.ffzg.unizg.hr\/wp-content\/uploads\/2023\/03\/20230224_171020-scaled.jpg'><img loading=\"lazy\" decoding=\"async\" width=\"225\" height=\"300\" src=\"https:\/\/transform-1990-2020.ffzg.unizg.hr\/wp-content\/uploads\/2023\/03\/20230224_171020-225x300.jpg\" class=\"attachment-medium size-medium\" alt=\"\" srcset=\"https:\/\/transform-1990-2020.ffzg.unizg.hr\/wp-content\/uploads\/2023\/03\/20230224_171020-225x300.jpg 225w, https:\/\/transform-1990-2020.ffzg.unizg.hr\/wp-content\/uploads\/2023\/03\/20230224_171020-768x1024.jpg 768w, https:\/\/transform-1990-2020.ffzg.unizg.hr\/wp-content\/uploads\/2023\/03\/20230224_171020-1152x1536.jpg 1152w, https:\/\/transform-1990-2020.ffzg.unizg.hr\/wp-content\/uploads\/2023\/03\/20230224_171020-1536x2048.jpg 1536w, https:\/\/transform-1990-2020.ffzg.unizg.hr\/wp-content\/uploads\/2023\/03\/20230224_171020-676x901.jpg 676w, https:\/\/transform-1990-2020.ffzg.unizg.hr\/wp-content\/uploads\/2023\/03\/20230224_171020-600x800.jpg 600w, https:\/\/transform-1990-2020.ffzg.unizg.hr\/wp-content\/uploads\/2023\/03\/20230224_171020-scaled.jpg 1920w\" sizes=\"auto, (max-width: 225px) 100vw, 225px\" \/><\/a>\n\t\t\t<\/dt><\/dl><dl class='gallery-item'>\n\t\t\t<dt class='gallery-icon portrait'>\n\t\t\t\t<a href='https:\/\/transform-1990-2020.ffzg.unizg.hr\/wp-content\/uploads\/2023\/03\/WhatsApp-Image-2023-03-02-at-19.49.38.jpeg'><img loading=\"lazy\" decoding=\"async\" width=\"226\" height=\"300\" src=\"https:\/\/transform-1990-2020.ffzg.unizg.hr\/wp-content\/uploads\/2023\/03\/WhatsApp-Image-2023-03-02-at-19.49.38-226x300.jpeg\" class=\"attachment-medium size-medium\" alt=\"\" srcset=\"https:\/\/transform-1990-2020.ffzg.unizg.hr\/wp-content\/uploads\/2023\/03\/WhatsApp-Image-2023-03-02-at-19.49.38-226x300.jpeg 226w, https:\/\/transform-1990-2020.ffzg.unizg.hr\/wp-content\/uploads\/2023\/03\/WhatsApp-Image-2023-03-02-at-19.49.38-771x1024.jpeg 771w, https:\/\/transform-1990-2020.ffzg.unizg.hr\/wp-content\/uploads\/2023\/03\/WhatsApp-Image-2023-03-02-at-19.49.38-768x1020.jpeg 768w, https:\/\/transform-1990-2020.ffzg.unizg.hr\/wp-content\/uploads\/2023\/03\/WhatsApp-Image-2023-03-02-at-19.49.38-1157x1536.jpeg 1157w, https:\/\/transform-1990-2020.ffzg.unizg.hr\/wp-content\/uploads\/2023\/03\/WhatsApp-Image-2023-03-02-at-19.49.38-676x898.jpeg 676w, https:\/\/transform-1990-2020.ffzg.unizg.hr\/wp-content\/uploads\/2023\/03\/WhatsApp-Image-2023-03-02-at-19.49.38-600x797.jpeg 600w, https:\/\/transform-1990-2020.ffzg.unizg.hr\/wp-content\/uploads\/2023\/03\/WhatsApp-Image-2023-03-02-at-19.49.38.jpeg 1536w\" sizes=\"auto, (max-width: 226px) 100vw, 226px\" \/><\/a>\n\t\t\t<\/dt><\/dl><dl class='gallery-item'>\n\t\t\t<dt class='gallery-icon portrait'>\n\t\t\t\t<a href='https:\/\/transform-1990-2020.ffzg.unizg.hr\/wp-content\/uploads\/2023\/03\/WhatsApp-Image-2023-03-02-at-19.49.25.jpeg'><img loading=\"lazy\" decoding=\"async\" width=\"226\" height=\"300\" src=\"https:\/\/transform-1990-2020.ffzg.unizg.hr\/wp-content\/uploads\/2023\/03\/WhatsApp-Image-2023-03-02-at-19.49.25-226x300.jpeg\" class=\"attachment-medium size-medium\" alt=\"\" srcset=\"https:\/\/transform-1990-2020.ffzg.unizg.hr\/wp-content\/uploads\/2023\/03\/WhatsApp-Image-2023-03-02-at-19.49.25-226x300.jpeg 226w, https:\/\/transform-1990-2020.ffzg.unizg.hr\/wp-content\/uploads\/2023\/03\/WhatsApp-Image-2023-03-02-at-19.49.25-771x1024.jpeg 771w, https:\/\/transform-1990-2020.ffzg.unizg.hr\/wp-content\/uploads\/2023\/03\/WhatsApp-Image-2023-03-02-at-19.49.25-768x1020.jpeg 768w, https:\/\/transform-1990-2020.ffzg.unizg.hr\/wp-content\/uploads\/2023\/03\/WhatsApp-Image-2023-03-02-at-19.49.25-1157x1536.jpeg 1157w, https:\/\/transform-1990-2020.ffzg.unizg.hr\/wp-content\/uploads\/2023\/03\/WhatsApp-Image-2023-03-02-at-19.49.25-676x898.jpeg 676w, https:\/\/transform-1990-2020.ffzg.unizg.hr\/wp-content\/uploads\/2023\/03\/WhatsApp-Image-2023-03-02-at-19.49.25-600x797.jpeg 600w, https:\/\/transform-1990-2020.ffzg.unizg.hr\/wp-content\/uploads\/2023\/03\/WhatsApp-Image-2023-03-02-at-19.49.25.jpeg 1536w\" sizes=\"auto, (max-width: 226px) 100vw, 226px\" \/><\/a>\n\t\t\t<\/dt><\/dl><br style=\"clear: both\" \/><dl class='gallery-item'>\n\t\t\t<dt class='gallery-icon landscape'>\n\t\t\t\t<a href='https:\/\/transform-1990-2020.ffzg.unizg.hr\/wp-content\/uploads\/2023\/03\/20230220_133659-scaled.jpg'><img loading=\"lazy\" decoding=\"async\" width=\"300\" height=\"225\" src=\"https:\/\/transform-1990-2020.ffzg.unizg.hr\/wp-content\/uploads\/2023\/03\/20230220_133659-300x225.jpg\" class=\"attachment-medium size-medium\" alt=\"\" srcset=\"https:\/\/transform-1990-2020.ffzg.unizg.hr\/wp-content\/uploads\/2023\/03\/20230220_133659-300x225.jpg 300w, https:\/\/transform-1990-2020.ffzg.unizg.hr\/wp-content\/uploads\/2023\/03\/20230220_133659-1024x768.jpg 1024w, https:\/\/transform-1990-2020.ffzg.unizg.hr\/wp-content\/uploads\/2023\/03\/20230220_133659-768x576.jpg 768w, https:\/\/transform-1990-2020.ffzg.unizg.hr\/wp-content\/uploads\/2023\/03\/20230220_133659-1536x1152.jpg 1536w, https:\/\/transform-1990-2020.ffzg.unizg.hr\/wp-content\/uploads\/2023\/03\/20230220_133659-2048x1536.jpg 2048w, https:\/\/transform-1990-2020.ffzg.unizg.hr\/wp-content\/uploads\/2023\/03\/20230220_133659-676x507.jpg 676w, https:\/\/transform-1990-2020.ffzg.unizg.hr\/wp-content\/uploads\/2023\/03\/20230220_133659-600x450.jpg 600w\" sizes=\"auto, (max-width: 300px) 100vw, 300px\" \/><\/a>\n\t\t\t<\/dt><\/dl><dl class='gallery-item'>\n\t\t\t<dt class='gallery-icon landscape'>\n\t\t\t\t<a href='https:\/\/transform-1990-2020.ffzg.unizg.hr\/wp-content\/uploads\/2023\/03\/WhatsApp-Image-2023-03-02-at-19.52.08.jpeg'><img loading=\"lazy\" decoding=\"async\" width=\"300\" height=\"226\" src=\"https:\/\/transform-1990-2020.ffzg.unizg.hr\/wp-content\/uploads\/2023\/03\/WhatsApp-Image-2023-03-02-at-19.52.08-300x226.jpeg\" class=\"attachment-medium size-medium\" alt=\"\" srcset=\"https:\/\/transform-1990-2020.ffzg.unizg.hr\/wp-content\/uploads\/2023\/03\/WhatsApp-Image-2023-03-02-at-19.52.08-300x226.jpeg 300w, https:\/\/transform-1990-2020.ffzg.unizg.hr\/wp-content\/uploads\/2023\/03\/WhatsApp-Image-2023-03-02-at-19.52.08-1024x771.jpeg 1024w, https:\/\/transform-1990-2020.ffzg.unizg.hr\/wp-content\/uploads\/2023\/03\/WhatsApp-Image-2023-03-02-at-19.52.08-768x578.jpeg 768w, https:\/\/transform-1990-2020.ffzg.unizg.hr\/wp-content\/uploads\/2023\/03\/WhatsApp-Image-2023-03-02-at-19.52.08-1536x1157.jpeg 1536w, https:\/\/transform-1990-2020.ffzg.unizg.hr\/wp-content\/uploads\/2023\/03\/WhatsApp-Image-2023-03-02-at-19.52.08-676x509.jpeg 676w, https:\/\/transform-1990-2020.ffzg.unizg.hr\/wp-content\/uploads\/2023\/03\/WhatsApp-Image-2023-03-02-at-19.52.08-600x452.jpeg 600w, https:\/\/transform-1990-2020.ffzg.unizg.hr\/wp-content\/uploads\/2023\/03\/WhatsApp-Image-2023-03-02-at-19.52.08.jpeg 2040w\" sizes=\"auto, (max-width: 300px) 100vw, 300px\" \/><\/a>\n\t\t\t<\/dt><\/dl><dl class='gallery-item'>\n\t\t\t<dt class='gallery-icon landscape'>\n\t\t\t\t<a href='https:\/\/transform-1990-2020.ffzg.unizg.hr\/wp-content\/uploads\/2023\/03\/20230224_170724-1-scaled.jpg'><img loading=\"lazy\" decoding=\"async\" width=\"300\" height=\"225\" src=\"https:\/\/transform-1990-2020.ffzg.unizg.hr\/wp-content\/uploads\/2023\/03\/20230224_170724-1-300x225.jpg\" class=\"attachment-medium size-medium\" alt=\"\" srcset=\"https:\/\/transform-1990-2020.ffzg.unizg.hr\/wp-content\/uploads\/2023\/03\/20230224_170724-1-300x225.jpg 300w, https:\/\/transform-1990-2020.ffzg.unizg.hr\/wp-content\/uploads\/2023\/03\/20230224_170724-1-1024x768.jpg 1024w, https:\/\/transform-1990-2020.ffzg.unizg.hr\/wp-content\/uploads\/2023\/03\/20230224_170724-1-768x576.jpg 768w, https:\/\/transform-1990-2020.ffzg.unizg.hr\/wp-content\/uploads\/2023\/03\/20230224_170724-1-1536x1152.jpg 1536w, https:\/\/transform-1990-2020.ffzg.unizg.hr\/wp-content\/uploads\/2023\/03\/20230224_170724-1-2048x1536.jpg 2048w, https:\/\/transform-1990-2020.ffzg.unizg.hr\/wp-content\/uploads\/2023\/03\/20230224_170724-1-676x507.jpg 676w, https:\/\/transform-1990-2020.ffzg.unizg.hr\/wp-content\/uploads\/2023\/03\/20230224_170724-1-600x450.jpg 600w\" sizes=\"auto, (max-width: 300px) 100vw, 300px\" \/><\/a>\n\t\t\t<\/dt><\/dl><br style=\"clear: both\" \/><dl class='gallery-item'>\n\t\t\t<dt class='gallery-icon portrait'>\n\t\t\t\t<a href='https:\/\/transform-1990-2020.ffzg.unizg.hr\/wp-content\/uploads\/2023\/03\/20230224_170610-scaled.jpg'><img loading=\"lazy\" decoding=\"async\" width=\"225\" height=\"300\" src=\"https:\/\/transform-1990-2020.ffzg.unizg.hr\/wp-content\/uploads\/2023\/03\/20230224_170610-225x300.jpg\" class=\"attachment-medium size-medium\" alt=\"\" srcset=\"https:\/\/transform-1990-2020.ffzg.unizg.hr\/wp-content\/uploads\/2023\/03\/20230224_170610-225x300.jpg 225w, https:\/\/transform-1990-2020.ffzg.unizg.hr\/wp-content\/uploads\/2023\/03\/20230224_170610-768x1024.jpg 768w, https:\/\/transform-1990-2020.ffzg.unizg.hr\/wp-content\/uploads\/2023\/03\/20230224_170610-1152x1536.jpg 1152w, https:\/\/transform-1990-2020.ffzg.unizg.hr\/wp-content\/uploads\/2023\/03\/20230224_170610-1536x2048.jpg 1536w, https:\/\/transform-1990-2020.ffzg.unizg.hr\/wp-content\/uploads\/2023\/03\/20230224_170610-676x901.jpg 676w, https:\/\/transform-1990-2020.ffzg.unizg.hr\/wp-content\/uploads\/2023\/03\/20230224_170610-600x800.jpg 600w, https:\/\/transform-1990-2020.ffzg.unizg.hr\/wp-content\/uploads\/2023\/03\/20230224_170610-scaled.jpg 1920w\" sizes=\"auto, (max-width: 225px) 100vw, 225px\" \/><\/a>\n\t\t\t<\/dt><\/dl><dl class='gallery-item'>\n\t\t\t<dt class='gallery-icon portrait'>\n\t\t\t\t<a href='https:\/\/transform-1990-2020.ffzg.unizg.hr\/wp-content\/uploads\/2023\/03\/20230224_170631-scaled.jpg'><img loading=\"lazy\" decoding=\"async\" width=\"225\" height=\"300\" src=\"https:\/\/transform-1990-2020.ffzg.unizg.hr\/wp-content\/uploads\/2023\/03\/20230224_170631-225x300.jpg\" class=\"attachment-medium size-medium\" alt=\"\" srcset=\"https:\/\/transform-1990-2020.ffzg.unizg.hr\/wp-content\/uploads\/2023\/03\/20230224_170631-225x300.jpg 225w, https:\/\/transform-1990-2020.ffzg.unizg.hr\/wp-content\/uploads\/2023\/03\/20230224_170631-768x1024.jpg 768w, https:\/\/transform-1990-2020.ffzg.unizg.hr\/wp-content\/uploads\/2023\/03\/20230224_170631-1152x1536.jpg 1152w, https:\/\/transform-1990-2020.ffzg.unizg.hr\/wp-content\/uploads\/2023\/03\/20230224_170631-1536x2048.jpg 1536w, https:\/\/transform-1990-2020.ffzg.unizg.hr\/wp-content\/uploads\/2023\/03\/20230224_170631-676x901.jpg 676w, https:\/\/transform-1990-2020.ffzg.unizg.hr\/wp-content\/uploads\/2023\/03\/20230224_170631-600x800.jpg 600w, https:\/\/transform-1990-2020.ffzg.unizg.hr\/wp-content\/uploads\/2023\/03\/20230224_170631-scaled.jpg 1920w\" sizes=\"auto, (max-width: 225px) 100vw, 225px\" \/><\/a>\n\t\t\t<\/dt><\/dl><dl class='gallery-item'>\n\t\t\t<dt class='gallery-icon portrait'>\n\t\t\t\t<a href='https:\/\/transform-1990-2020.ffzg.unizg.hr\/wp-content\/uploads\/2023\/03\/20230224_170800-scaled.jpg'><img loading=\"lazy\" decoding=\"async\" width=\"225\" height=\"300\" src=\"https:\/\/transform-1990-2020.ffzg.unizg.hr\/wp-content\/uploads\/2023\/03\/20230224_170800-225x300.jpg\" class=\"attachment-medium size-medium\" alt=\"\" srcset=\"https:\/\/transform-1990-2020.ffzg.unizg.hr\/wp-content\/uploads\/2023\/03\/20230224_170800-225x300.jpg 225w, https:\/\/transform-1990-2020.ffzg.unizg.hr\/wp-content\/uploads\/2023\/03\/20230224_170800-768x1024.jpg 768w, https:\/\/transform-1990-2020.ffzg.unizg.hr\/wp-content\/uploads\/2023\/03\/20230224_170800-1152x1536.jpg 1152w, https:\/\/transform-1990-2020.ffzg.unizg.hr\/wp-content\/uploads\/2023\/03\/20230224_170800-1536x2048.jpg 1536w, https:\/\/transform-1990-2020.ffzg.unizg.hr\/wp-content\/uploads\/2023\/03\/20230224_170800-676x901.jpg 676w, https:\/\/transform-1990-2020.ffzg.unizg.hr\/wp-content\/uploads\/2023\/03\/20230224_170800-600x800.jpg 600w, https:\/\/transform-1990-2020.ffzg.unizg.hr\/wp-content\/uploads\/2023\/03\/20230224_170800-scaled.jpg 1920w\" sizes=\"auto, (max-width: 225px) 100vw, 225px\" \/><\/a>\n\t\t\t<\/dt><\/dl><br style=\"clear: both\" \/>\n\t\t<\/div>\n\n<p>&nbsp;<\/p>\n<p>&nbsp;<\/p>\n","protected":false},"excerpt":{"rendered":"<p>Voditeljica projekta prof. dr. sc. Jasmina Vojvodi\u0107 i asistentica Petra Grebenac boravile su na Sveu\u010dili\u0161tu u Konstanzu od 18. do 25. velja\u010de 2023. godine. \u010clanice projektnog tima bavile su se [&hellip;]<\/p>\n","protected":false},"author":2,"featured_media":0,"parent":0,"menu_order":0,"comment_status":"closed","ping_status":"closed","template":"","meta":{"footnotes":""},"class_list":["post-1058","page","type-page","status-publish","hentry","post-preview"],"_links":{"self":[{"href":"https:\/\/transform-1990-2020.ffzg.unizg.hr\/index.php?rest_route=\/wp\/v2\/pages\/1058","targetHints":{"allow":["GET"]}}],"collection":[{"href":"https:\/\/transform-1990-2020.ffzg.unizg.hr\/index.php?rest_route=\/wp\/v2\/pages"}],"about":[{"href":"https:\/\/transform-1990-2020.ffzg.unizg.hr\/index.php?rest_route=\/wp\/v2\/types\/page"}],"author":[{"embeddable":true,"href":"https:\/\/transform-1990-2020.ffzg.unizg.hr\/index.php?rest_route=\/wp\/v2\/users\/2"}],"replies":[{"embeddable":true,"href":"https:\/\/transform-1990-2020.ffzg.unizg.hr\/index.php?rest_route=%2Fwp%2Fv2%2Fcomments&post=1058"}],"version-history":[{"count":4,"href":"https:\/\/transform-1990-2020.ffzg.unizg.hr\/index.php?rest_route=\/wp\/v2\/pages\/1058\/revisions"}],"predecessor-version":[{"id":1084,"href":"https:\/\/transform-1990-2020.ffzg.unizg.hr\/index.php?rest_route=\/wp\/v2\/pages\/1058\/revisions\/1084"}],"wp:attachment":[{"href":"https:\/\/transform-1990-2020.ffzg.unizg.hr\/index.php?rest_route=%2Fwp%2Fv2%2Fmedia&parent=1058"}],"curies":[{"name":"wp","href":"https:\/\/api.w.org\/{rel}","templated":true}]}}