{"id":1041,"date":"2023-01-08T18:03:16","date_gmt":"2023-01-08T17:03:16","guid":{"rendered":"https:\/\/transform-1990-2020.ffzg.unizg.hr\/?page_id=1041"},"modified":"2023-01-08T18:10:25","modified_gmt":"2023-01-08T17:10:25","slug":"intervju-s-evgenijem-vodolazkinom","status":"publish","type":"page","link":"https:\/\/transform-1990-2020.ffzg.unizg.hr\/?page_id=1041","title":{"rendered":"Intervju s Evgenijem Vodolazkinom"},"content":{"rendered":"<p>Voditeljica projekta prof. dr. sc. Jasmina Vojvodi\u0107 odr\u017eala je intervju s Evgenijem Vodolazkinom, jednim od najpoznatijih i najcjenjenijih suvremenih ruskih pisaca. Intervju je objavljen na stranicama online \u010dasopisa <em>SlavicumPress<\/em>, \u010dija je urednica suradnica projekta <em>Ruske knji\u017eevne transformacije 1990.\u20132020<\/em>., dr. sc. O&#8217;lga Burenina sa Sveu\u010dili\u0161ta u Z\u00fcrichu.<\/p>\n<p>Intervju je dostupan na poveznici:\u00a0<a href=\"https:\/\/dlf.uzh.ch\/sites\/slavicumpress\/2023\/01\/05\/tekst-i-tradicija-razgovor-s-pisatelem-jevgenijem-vodolazkinym-jasmina-vojvodic\/\"> https:\/\/dlf.uzh.ch\/sites\/slavicumpress\/2023\/01\/05\/tekst-i-tradicija-razgovor-s-pisatelem-jevgenijem-vodolazkinym-jasmina-vojvodic\/.<\/a><\/p>\n","protected":false},"excerpt":{"rendered":"<p>Voditeljica projekta prof. dr. sc. Jasmina Vojvodi\u0107 odr\u017eala je intervju s Evgenijem Vodolazkinom, jednim od najpoznatijih i najcjenjenijih suvremenih ruskih pisaca. Intervju je objavljen na stranicama online \u010dasopisa SlavicumPress, \u010dija [&hellip;]<\/p>\n","protected":false},"author":2,"featured_media":0,"parent":0,"menu_order":0,"comment_status":"closed","ping_status":"closed","template":"","meta":{"footnotes":""},"class_list":["post-1041","page","type-page","status-publish","hentry","post-preview"],"_links":{"self":[{"href":"https:\/\/transform-1990-2020.ffzg.unizg.hr\/index.php?rest_route=\/wp\/v2\/pages\/1041","targetHints":{"allow":["GET"]}}],"collection":[{"href":"https:\/\/transform-1990-2020.ffzg.unizg.hr\/index.php?rest_route=\/wp\/v2\/pages"}],"about":[{"href":"https:\/\/transform-1990-2020.ffzg.unizg.hr\/index.php?rest_route=\/wp\/v2\/types\/page"}],"author":[{"embeddable":true,"href":"https:\/\/transform-1990-2020.ffzg.unizg.hr\/index.php?rest_route=\/wp\/v2\/users\/2"}],"replies":[{"embeddable":true,"href":"https:\/\/transform-1990-2020.ffzg.unizg.hr\/index.php?rest_route=%2Fwp%2Fv2%2Fcomments&post=1041"}],"version-history":[{"count":2,"href":"https:\/\/transform-1990-2020.ffzg.unizg.hr\/index.php?rest_route=\/wp\/v2\/pages\/1041\/revisions"}],"predecessor-version":[{"id":1047,"href":"https:\/\/transform-1990-2020.ffzg.unizg.hr\/index.php?rest_route=\/wp\/v2\/pages\/1041\/revisions\/1047"}],"wp:attachment":[{"href":"https:\/\/transform-1990-2020.ffzg.unizg.hr\/index.php?rest_route=%2Fwp%2Fv2%2Fmedia&parent=1041"}],"curies":[{"name":"wp","href":"https:\/\/api.w.org\/{rel}","templated":true}]}}