{"id":1001,"date":"2022-12-10T16:30:55","date_gmt":"2022-12-10T15:30:55","guid":{"rendered":"https:\/\/transform-1990-2020.ffzg.unizg.hr\/?page_id=1001"},"modified":"2022-12-10T17:04:15","modified_gmt":"2022-12-10T16:04:15","slug":"intersezioni-%d0%bf%d0%b5%d1%80%d0%b5%d1%81%d0%b5%d1%87%d0%b5%d0%bd%d0%b8%d1%8f","status":"publish","type":"page","link":"https:\/\/transform-1990-2020.ffzg.unizg.hr\/?page_id=1001","title":{"rendered":"Intersezioni &#8211; \u041f\u0435\u0440\u0435\u0441\u0435\u0447\u0435\u043d\u0438\u044f"},"content":{"rendered":"<p>Suradnica na projektu, prof. dr. sc. Danijela Lugari\u0107 Vukas, sudjelovala je na me\u0111unarodnoj znanstvenoj konferenciji <em>Intersezioni \u2013 \u041f\u0435\u0440\u0435\u0441\u0435\u0447\u0435\u043d\u0438\u044f<\/em><em>, <\/em>odr\u017eanoj u online formatu od 3. do 4. velja\u010de 2022. godine u organizaciji Sveu\u010dili\u0161ta u Torinu. U svojem izlaganju <em>Pam\u0107enje i zaborav u suvremenom ruskom romanu (Evgenij Vodolazkin: <\/em>Avijati\u010dar<em>, Polina Barskova: <\/em>\u017dive slike<em>, Maria Stepanova: <\/em>Pam\u0107enje pam\u0107enje) (rus. <em>\u041f\u0430\u043c\u044f\u0442\u044c \u0438 \u0437\u0430\u0431\u0432\u0435\u043d\u0438\u0435 \u0432 \u0441\u043e\u0432\u0440\u0435\u043c\u0435\u043d\u043d\u043e\u043c \u0440\u0443\u0441\u0441\u043a\u043e\u043c \u0440\u043e\u043c\u0430\u043d\u0435 (\u0415\u0432\u0433\u0435\u043d\u0438\u0439 \u0412\u043e\u0434\u043e\u043b\u0430\u0437\u043a\u0438\u043d: <\/em>\u0410\u0432\u0438\u0430\u0442\u043e\u0440<em>, \u041f\u043e\u043b\u0438\u043d\u0430 \u0411\u0430\u0440\u0441\u043a\u043e\u0432\u0430: <\/em>\u0416\u0438\u0432\u044b\u0435 \u043a\u0430\u0440\u0442\u0438\u043d\u044b<em>, \u041c\u0430\u0440\u0438\u044f \u0421\u0442\u0435\u043f\u0430\u043d\u043e\u0432\u0430: <\/em>\u041f\u0430\u043c\u044f\u0442\u0438 \u043f\u0430\u043c\u044f\u0442\u0438)) Lugari\u0107 Vukas analizirala je ulogu zaborava u konstrukciji poetike pam\u0107enja triju suvremenih ruskih romana, ali i u sociokulturnom kontekstu postsovjetske Rusije 2010-ih.<\/p>\n<p><a href=\"https:\/\/transform-1990-2020.ffzg.unizg.hr\/wp-content\/uploads\/2022\/12\/Intersezioni-2.pdf\">Program konferencije<\/a><\/p>\n\n\t\t<style type=\"text\/css\">\n\t\t\t#gallery-1 {\n\t\t\t\tmargin: auto;\n\t\t\t}\n\t\t\t#gallery-1 .gallery-item {\n\t\t\t\tfloat: left;\n\t\t\t\tmargin-top: 10px;\n\t\t\t\ttext-align: center;\n\t\t\t\twidth: 100%;\n\t\t\t}\n\t\t\t#gallery-1 img {\n\t\t\t\tborder: 2px solid #cfcfcf;\n\t\t\t}\n\t\t\t#gallery-1 .gallery-caption {\n\t\t\t\tmargin-left: 0;\n\t\t\t}\n\t\t\t\/* see gallery_shortcode() in wp-includes\/media.php *\/\n\t\t<\/style>\n\t\t<div id='gallery-1' class='gallery galleryid-1001 gallery-columns-1 gallery-size-large'><dl class='gallery-item'>\n\t\t\t<dt class='gallery-icon landscape'>\n\t\t\t\t<a href='https:\/\/transform-1990-2020.ffzg.unizg.hr\/wp-content\/uploads\/2022\/12\/Snimka-zaslona-51.png'><img loading=\"lazy\" decoding=\"async\" width=\"676\" height=\"456\" src=\"https:\/\/transform-1990-2020.ffzg.unizg.hr\/wp-content\/uploads\/2022\/12\/Snimka-zaslona-51-1024x690.png\" class=\"attachment-large size-large\" alt=\"\" srcset=\"https:\/\/transform-1990-2020.ffzg.unizg.hr\/wp-content\/uploads\/2022\/12\/Snimka-zaslona-51-1024x690.png 1024w, https:\/\/transform-1990-2020.ffzg.unizg.hr\/wp-content\/uploads\/2022\/12\/Snimka-zaslona-51-300x202.png 300w, https:\/\/transform-1990-2020.ffzg.unizg.hr\/wp-content\/uploads\/2022\/12\/Snimka-zaslona-51-768x517.png 768w, https:\/\/transform-1990-2020.ffzg.unizg.hr\/wp-content\/uploads\/2022\/12\/Snimka-zaslona-51-676x455.png 676w, https:\/\/transform-1990-2020.ffzg.unizg.hr\/wp-content\/uploads\/2022\/12\/Snimka-zaslona-51-600x404.png 600w, https:\/\/transform-1990-2020.ffzg.unizg.hr\/wp-content\/uploads\/2022\/12\/Snimka-zaslona-51.png 1504w\" sizes=\"auto, (max-width: 676px) 100vw, 676px\" \/><\/a>\n\t\t\t<\/dt><\/dl><br style=\"clear: both\" \/><dl class='gallery-item'>\n\t\t\t<dt class='gallery-icon landscape'>\n\t\t\t\t<a href='https:\/\/transform-1990-2020.ffzg.unizg.hr\/wp-content\/uploads\/2022\/12\/Screenshot-55.png'><img loading=\"lazy\" decoding=\"async\" width=\"676\" height=\"380\" src=\"https:\/\/transform-1990-2020.ffzg.unizg.hr\/wp-content\/uploads\/2022\/12\/Screenshot-55-1024x576.png\" class=\"attachment-large size-large\" alt=\"\" srcset=\"https:\/\/transform-1990-2020.ffzg.unizg.hr\/wp-content\/uploads\/2022\/12\/Screenshot-55-1024x576.png 1024w, https:\/\/transform-1990-2020.ffzg.unizg.hr\/wp-content\/uploads\/2022\/12\/Screenshot-55-300x169.png 300w, https:\/\/transform-1990-2020.ffzg.unizg.hr\/wp-content\/uploads\/2022\/12\/Screenshot-55-768x432.png 768w, https:\/\/transform-1990-2020.ffzg.unizg.hr\/wp-content\/uploads\/2022\/12\/Screenshot-55-1536x864.png 1536w, https:\/\/transform-1990-2020.ffzg.unizg.hr\/wp-content\/uploads\/2022\/12\/Screenshot-55-676x380.png 676w, https:\/\/transform-1990-2020.ffzg.unizg.hr\/wp-content\/uploads\/2022\/12\/Screenshot-55-600x338.png 600w, https:\/\/transform-1990-2020.ffzg.unizg.hr\/wp-content\/uploads\/2022\/12\/Screenshot-55.png 1920w\" sizes=\"auto, (max-width: 676px) 100vw, 676px\" \/><\/a>\n\t\t\t<\/dt><\/dl><br style=\"clear: both\" \/>\n\t\t<\/div>\n\n","protected":false},"excerpt":{"rendered":"<p>Suradnica na projektu, prof. dr. sc. Danijela Lugari\u0107 Vukas, sudjelovala je na me\u0111unarodnoj znanstvenoj konferenciji Intersezioni \u2013 \u041f\u0435\u0440\u0435\u0441\u0435\u0447\u0435\u043d\u0438\u044f, odr\u017eanoj u online formatu od 3. do 4. velja\u010de 2022. godine u [&hellip;]<\/p>\n","protected":false},"author":2,"featured_media":0,"parent":0,"menu_order":0,"comment_status":"closed","ping_status":"closed","template":"","meta":{"footnotes":""},"class_list":["post-1001","page","type-page","status-publish","hentry","post-preview"],"_links":{"self":[{"href":"https:\/\/transform-1990-2020.ffzg.unizg.hr\/index.php?rest_route=\/wp\/v2\/pages\/1001","targetHints":{"allow":["GET"]}}],"collection":[{"href":"https:\/\/transform-1990-2020.ffzg.unizg.hr\/index.php?rest_route=\/wp\/v2\/pages"}],"about":[{"href":"https:\/\/transform-1990-2020.ffzg.unizg.hr\/index.php?rest_route=\/wp\/v2\/types\/page"}],"author":[{"embeddable":true,"href":"https:\/\/transform-1990-2020.ffzg.unizg.hr\/index.php?rest_route=\/wp\/v2\/users\/2"}],"replies":[{"embeddable":true,"href":"https:\/\/transform-1990-2020.ffzg.unizg.hr\/index.php?rest_route=%2Fwp%2Fv2%2Fcomments&post=1001"}],"version-history":[{"count":3,"href":"https:\/\/transform-1990-2020.ffzg.unizg.hr\/index.php?rest_route=\/wp\/v2\/pages\/1001\/revisions"}],"predecessor-version":[{"id":1007,"href":"https:\/\/transform-1990-2020.ffzg.unizg.hr\/index.php?rest_route=\/wp\/v2\/pages\/1001\/revisions\/1007"}],"wp:attachment":[{"href":"https:\/\/transform-1990-2020.ffzg.unizg.hr\/index.php?rest_route=%2Fwp%2Fv2%2Fmedia&parent=1001"}],"curies":[{"name":"wp","href":"https:\/\/api.w.org\/{rel}","templated":true}]}}